{"id":13709,"date":"2024-11-21T10:40:07","date_gmt":"2024-11-21T10:40:07","guid":{"rendered":"https:\/\/pararepublique.com\/?post_type=product&#038;p=13709"},"modified":"2024-11-21T10:40:07","modified_gmt":"2024-11-21T10:40:07","slug":"laino-nutri-lait-bien-etre-400ml","status":"publish","type":"product","link":"https:\/\/pararepublique.com\/index.php\/product\/laino-nutri-lait-bien-etre-400ml\/","title":{"rendered":"LAINO NUTRI LAIT BIEN ETRE 400ML"},"content":{"rendered":"<div class=\"o-layout__item u-1\/2@desk\">\n<div class=\"u-margin-bottom u-color__black\">\n<div class=\"o-layout__item u-1\/2@desk\">\n<div class=\"u-margin-bottom u-color__black\">\n<p>Ce lait corps nutritif bien-\u00eatre vous offre une texture <strong>onctueuse<\/strong> qui hydrate* durablement la peau pendant 24h et la prot\u00e8ge des agressions ext\u00e9rieures.<\/p>\n<p>Le <strong>complexe phyto-actif de glyc\u00e9rine et d\u2019infusion de p\u00e9tales de rose BIO<\/strong> nourrit la peau et lui apporte une sensation de confort imm\u00e9diat.<\/p>\n<p>R\u00e9sultats : d\u00e9licatement parfum\u00e9e, la peau est <strong>embellie, assouplie et douce<\/strong>.<\/p>\n<p><em>*Hydratation des couches sup\u00e9rieures de l\u2019\u00e9piderme. Test instrumental r\u00e9alis\u00e9 sur 10 volontaires pendant 24h.<\/em><\/p>\n<\/div>\n<\/div>\n<\/div>\n<\/div>\n","protected":false},"excerpt":{"rendered":"<ul>\n<li>Peaux s\u00e8ches<\/li>\n<li>24h d\u2019hydratation continue<\/li>\n<li>97% d\u2019ingr\u00e9dients d\u2019origine naturelle<\/li>\n<li>Nourrit, assouplit et apaise les tiraillements<\/li>\n<li>35% de plastique recycl\u00e9<\/li>\n<li>Excellent sur Yuka<\/li>\n<li>Made in France<\/li>\n<\/ul>\n","protected":false},"featured_media":13710,"comment_status":"open","ping_status":"closed","template":"","meta":{"inline_featured_image":false,"_monsterinsights_skip_tracking":false,"_monsterinsights_sitenote_active":false,"_monsterinsights_sitenote_note":"","_monsterinsights_sitenote_category":0,"_joinchat":[]},"product_cat":[139],"product_tag":[],"class_list":{"0":"post-13709","1":"product","2":"type-product","3":"status-publish","4":"has-post-thumbnail","6":"product_cat-laino","8":"first","9":"instock","10":"shipping-taxable","11":"purchasable","12":"product-type-simple","13":"add-to-wishlist-after_add_to_cart"},"aioseo_notices":[],"_links":{"self":[{"href":"https:\/\/pararepublique.com\/index.php\/wp-json\/wp\/v2\/product\/13709","targetHints":{"allow":["GET"]}}],"collection":[{"href":"https:\/\/pararepublique.com\/index.php\/wp-json\/wp\/v2\/product"}],"about":[{"href":"https:\/\/pararepublique.com\/index.php\/wp-json\/wp\/v2\/types\/product"}],"replies":[{"embeddable":true,"href":"https:\/\/pararepublique.com\/index.php\/wp-json\/wp\/v2\/comments?post=13709"}],"version-history":[{"count":1,"href":"https:\/\/pararepublique.com\/index.php\/wp-json\/wp\/v2\/product\/13709\/revisions"}],"predecessor-version":[{"id":13711,"href":"https:\/\/pararepublique.com\/index.php\/wp-json\/wp\/v2\/product\/13709\/revisions\/13711"}],"wp:featuredmedia":[{"embeddable":true,"href":"https:\/\/pararepublique.com\/index.php\/wp-json\/wp\/v2\/media\/13710"}],"wp:attachment":[{"href":"https:\/\/pararepublique.com\/index.php\/wp-json\/wp\/v2\/media?parent=13709"}],"wp:term":[{"taxonomy":"product_cat","embeddable":true,"href":"https:\/\/pararepublique.com\/index.php\/wp-json\/wp\/v2\/product_cat?post=13709"},{"taxonomy":"product_tag","embeddable":true,"href":"https:\/\/pararepublique.com\/index.php\/wp-json\/wp\/v2\/product_tag?post=13709"}],"curies":[{"name":"wp","href":"https:\/\/api.w.org\/{rel}","templated":true}]}}