{"id":13735,"date":"2024-11-21T11:19:10","date_gmt":"2024-11-21T11:19:10","guid":{"rendered":"https:\/\/pararepublique.com\/?post_type=product&#038;p=13735"},"modified":"2024-11-21T11:19:11","modified_gmt":"2024-11-21T11:19:11","slug":"laino-serum-hydratan-anti-oxyd","status":"publish","type":"product","link":"https:\/\/pararepublique.com\/index.php\/product\/laino-serum-hydratan-anti-oxyd\/","title":{"rendered":"LAINO SERUM HYDRATAN ANTI OXYD"},"content":{"rendered":"<div class=\"o-layout__item u-1\/2@desk\">\n<div class=\"u-margin-bottom u-color__black\">\n<p>\u00ab <em>Soin poss\u00e9dant une importante concentration en principes actifs, le s\u00e9rum est une \u00e9tape cl\u00e9 dans sa routine beaut\u00e9\u2026 \u00e0 condition de bien l<\/em><em>\u2019utiliser ! En effet, il doit s\u2019appliquer en amont de sa cr\u00e8me de jour\/et ou de nuit pour renforcer l\u2019action de celle-ci.<\/em> \u00bb<\/p>\n<p>Soin gorg\u00e9 d\u2019actifs minutieusement s\u00e9lectionn\u00e9s pour apporter une r\u00e9ponse cibl\u00e9e aux peaux sensibles d\u00e9shydrat\u00e9es, le s\u00e9rum hydratant intense anti-oxydant offre une texture lact\u00e9e ultra fondante qui p\u00e9n\u00e8tre en profondeur pour d\u00e9livrer tous ses bienfaits.<\/p>\n<p>Naturellement riche en anti-oxydants gr\u00e2ce \u00e0 son complexe phyto-actif compos\u00e9 de miel de Provence BIO et d\u2019extrait de lavande, ce s\u00e9rum booste l\u2019\u00e9nergie cellulaire de la peau pour pr\u00e9server sa beaut\u00e9. L\u2019<strong>extrait de lavande<\/strong>\u00a0prot\u00e8ge du stress oxydatif responsable du vieillissement pr\u00e9matur\u00e9 de l\u2019\u00e9piderme et ravive l\u2019\u00e9clat de la peau. Les mol\u00e9cules d\u2019<strong>acide hyaluronique<\/strong> permettent d\u2019hydrater la peau pendant 24 heures* tout en prot\u00e9geant durablement des agressions du quotidien. L\u2019<strong>extrait de miel de lavande bio<\/strong> apaise et booste l\u2019\u00e9nergie cellulaire, tandis que la <strong>lanoline v\u00e9g\u00e9tale<\/strong> maintient la peau parfaitement lisse et souple.<\/p>\n<p>Un grand verre d\u2019eau pour un teint renouvel\u00e9 et illumin\u00e9 !<\/p>\n<p><em>*Hydratation des couches sup\u00e9rieures de l\u2019\u00e9piderme. Test instrumental effectu\u00e9 sur 10 volontaires pendant 24h.<\/em><\/p>\n<\/div>\n<\/div>\n","protected":false},"excerpt":{"rendered":"<div class=\"u-color__black c-product__excerpt\">\n<ul>\n<li>Pour peaux d\u00e9shydrat\u00e9es &amp; sensibles<\/li>\n<li>24h d\u2019hydratation continue<\/li>\n<li>Excellente base de maquillage<\/li>\n<li>Non com\u00e9dog\u00e8ne<\/li>\n<li>95% d\u2019ingr\u00e9dients d\u2019origine naturelle<\/li>\n<li>Excellent sur Yuka<\/li>\n<li>Made in France<\/li>\n<\/ul>\n<\/div>\n","protected":false},"featured_media":13736,"comment_status":"open","ping_status":"closed","template":"","meta":{"inline_featured_image":false,"_monsterinsights_skip_tracking":false,"_monsterinsights_sitenote_active":false,"_monsterinsights_sitenote_note":"","_monsterinsights_sitenote_category":0,"_joinchat":[]},"product_cat":[139],"product_tag":[],"class_list":{"0":"post-13735","1":"product","2":"type-product","3":"status-publish","4":"has-post-thumbnail","6":"product_cat-laino","8":"first","9":"instock","10":"shipping-taxable","11":"purchasable","12":"product-type-simple","13":"add-to-wishlist-after_add_to_cart"},"aioseo_notices":[],"_links":{"self":[{"href":"https:\/\/pararepublique.com\/index.php\/wp-json\/wp\/v2\/product\/13735","targetHints":{"allow":["GET"]}}],"collection":[{"href":"https:\/\/pararepublique.com\/index.php\/wp-json\/wp\/v2\/product"}],"about":[{"href":"https:\/\/pararepublique.com\/index.php\/wp-json\/wp\/v2\/types\/product"}],"replies":[{"embeddable":true,"href":"https:\/\/pararepublique.com\/index.php\/wp-json\/wp\/v2\/comments?post=13735"}],"version-history":[{"count":2,"href":"https:\/\/pararepublique.com\/index.php\/wp-json\/wp\/v2\/product\/13735\/revisions"}],"predecessor-version":[{"id":13738,"href":"https:\/\/pararepublique.com\/index.php\/wp-json\/wp\/v2\/product\/13735\/revisions\/13738"}],"wp:featuredmedia":[{"embeddable":true,"href":"https:\/\/pararepublique.com\/index.php\/wp-json\/wp\/v2\/media\/13736"}],"wp:attachment":[{"href":"https:\/\/pararepublique.com\/index.php\/wp-json\/wp\/v2\/media?parent=13735"}],"wp:term":[{"taxonomy":"product_cat","embeddable":true,"href":"https:\/\/pararepublique.com\/index.php\/wp-json\/wp\/v2\/product_cat?post=13735"},{"taxonomy":"product_tag","embeddable":true,"href":"https:\/\/pararepublique.com\/index.php\/wp-json\/wp\/v2\/product_tag?post=13735"}],"curies":[{"name":"wp","href":"https:\/\/api.w.org\/{rel}","templated":true}]}}