{"id":13739,"date":"2024-11-21T11:24:06","date_gmt":"2024-11-21T11:24:06","guid":{"rendered":"https:\/\/pararepublique.com\/?post_type=product&#038;p=13739"},"modified":"2024-11-21T11:24:06","modified_gmt":"2024-11-21T11:24:06","slug":"laino-shamp-douche-agrumes-t-200ml","status":"publish","type":"product","link":"https:\/\/pararepublique.com\/index.php\/product\/laino-shamp-douche-agrumes-t-200ml\/","title":{"rendered":"LAINO SHAMP DOUCHE AGRUMES T\/200ML"},"content":{"rendered":"<p>Shampooing pour la douche<br \/>\ncheveux et corps<br \/>\nAgrumes<br \/>\n200ml<\/p>\n<p>Le shampooing douche 2 en 1 Laino respecte la peau et les cheveux gr\u00e2ce \u00e0 l&rsquo;association de la glyc\u00e9rine hydratante et de la pro vitamine B5 \u00e9prouv\u00e9e pour renforcer et r\u00e9g\u00e9n\u00e9rer les cheveux ab\u00eem\u00e9s.<br \/>\nLes cheveux sont faciles \u00e0 d\u00e9m\u00ealer et brillants. La peau est douce et d\u00e9licatement parfum\u00e9e.<br \/>\n\u00c9nergisant et p\u00e9tillant, son parfum associe les notes hesp\u00e9rid\u00e9es de la bergamote \u00e0 la fra\u00eecheur acidul\u00e9e du pamplemousse pour un r\u00e9veil \u00a0\u00bb bonne humeur \u00ab\u00a0.<\/p>\n","protected":false},"excerpt":{"rendered":"<p>Le shampoing-douche agrumes r\u00e9unit le citron, le pamplemousse et l\u2019orange pour un lavage rafra\u00eechissant et fruit\u00e9 avec 91% d\u2019ingr\u00e9dients naturels!<\/p>\n","protected":false},"featured_media":13740,"comment_status":"open","ping_status":"closed","template":"","meta":{"inline_featured_image":false,"_monsterinsights_skip_tracking":false,"_monsterinsights_sitenote_active":false,"_monsterinsights_sitenote_note":"","_monsterinsights_sitenote_category":0,"_joinchat":[]},"product_cat":[139],"product_tag":[],"class_list":{"0":"post-13739","1":"product","2":"type-product","3":"status-publish","4":"has-post-thumbnail","6":"product_cat-laino","8":"first","9":"instock","10":"shipping-taxable","11":"purchasable","12":"product-type-simple","13":"add-to-wishlist-after_add_to_cart"},"aioseo_notices":[],"_links":{"self":[{"href":"https:\/\/pararepublique.com\/index.php\/wp-json\/wp\/v2\/product\/13739","targetHints":{"allow":["GET"]}}],"collection":[{"href":"https:\/\/pararepublique.com\/index.php\/wp-json\/wp\/v2\/product"}],"about":[{"href":"https:\/\/pararepublique.com\/index.php\/wp-json\/wp\/v2\/types\/product"}],"replies":[{"embeddable":true,"href":"https:\/\/pararepublique.com\/index.php\/wp-json\/wp\/v2\/comments?post=13739"}],"version-history":[{"count":1,"href":"https:\/\/pararepublique.com\/index.php\/wp-json\/wp\/v2\/product\/13739\/revisions"}],"predecessor-version":[{"id":13741,"href":"https:\/\/pararepublique.com\/index.php\/wp-json\/wp\/v2\/product\/13739\/revisions\/13741"}],"wp:featuredmedia":[{"embeddable":true,"href":"https:\/\/pararepublique.com\/index.php\/wp-json\/wp\/v2\/media\/13740"}],"wp:attachment":[{"href":"https:\/\/pararepublique.com\/index.php\/wp-json\/wp\/v2\/media?parent=13739"}],"wp:term":[{"taxonomy":"product_cat","embeddable":true,"href":"https:\/\/pararepublique.com\/index.php\/wp-json\/wp\/v2\/product_cat?post=13739"},{"taxonomy":"product_tag","embeddable":true,"href":"https:\/\/pararepublique.com\/index.php\/wp-json\/wp\/v2\/product_tag?post=13739"}],"curies":[{"name":"wp","href":"https:\/\/api.w.org\/{rel}","templated":true}]}}