{"id":13748,"date":"2024-11-21T11:51:50","date_gmt":"2024-11-21T11:51:50","guid":{"rendered":"https:\/\/pararepublique.com\/?post_type=product&#038;p=13748"},"modified":"2024-11-21T12:00:08","modified_gmt":"2024-11-21T12:00:08","slug":"13748","status":"publish","type":"product","link":"https:\/\/pararepublique.com\/index.php\/product\/13748\/","title":{"rendered":"LAINO\u202fDES LEVRES POMME 4G"},"content":{"rendered":"<div class=\"o-layout__item u-1\/2@desk\">\n<div class=\"u-margin-bottom u-color__black\">\n<p>Ce <strong>soin des l\u00e8vres<\/strong> Laino \u00e0 la texture fondante pare vos l\u00e8vres fragilis\u00e9es d\u2019un soin \u00e0 la senteur <strong>pomme<\/strong>.<\/p>\n<p>Le complexe phyto-actif d\u2019<strong>huiles v\u00e9g\u00e9tales<\/strong>, de <strong>cire d\u2019abeille<\/strong> et de <strong>beurre de karit\u00e9<\/strong> laisse un film protecteur sur les l\u00e8vres et les apaise.<\/p>\n<p>R\u00e9sultats : les l\u00e8vres sont <strong>soulag\u00e9es, r\u00e9par\u00e9es et adoucies.<\/strong><\/p>\n<p><em>Sa formule naturelle peut entra\u00eener un ph\u00e9nom\u00e8ne de givre.<\/em><\/p>\n<\/div>\n<\/div>\n","protected":false},"excerpt":{"rendered":"<div class=\"u-color__black c-product__excerpt\">\n<ul>\n<li>Senteur pomme<\/li>\n<li>97% d\u2019ingr\u00e9dients d\u2019origine naturelle<\/li>\n<li>Huiles v\u00e9g\u00e9tales<\/li>\n<li>Excellent sur Yuka<\/li>\n<li>Made in France<\/li>\n<\/ul>\n<\/div>\n","protected":false},"featured_media":13749,"comment_status":"open","ping_status":"closed","template":"","meta":{"inline_featured_image":false,"_monsterinsights_skip_tracking":false,"_monsterinsights_sitenote_active":false,"_monsterinsights_sitenote_note":"","_monsterinsights_sitenote_category":0,"_joinchat":[]},"product_cat":[139],"product_tag":[],"class_list":{"0":"post-13748","1":"product","2":"type-product","3":"status-publish","4":"has-post-thumbnail","6":"product_cat-laino","8":"first","9":"instock","10":"shipping-taxable","11":"purchasable","12":"product-type-simple","13":"add-to-wishlist-after_add_to_cart"},"aioseo_notices":[],"_links":{"self":[{"href":"https:\/\/pararepublique.com\/index.php\/wp-json\/wp\/v2\/product\/13748","targetHints":{"allow":["GET"]}}],"collection":[{"href":"https:\/\/pararepublique.com\/index.php\/wp-json\/wp\/v2\/product"}],"about":[{"href":"https:\/\/pararepublique.com\/index.php\/wp-json\/wp\/v2\/types\/product"}],"replies":[{"embeddable":true,"href":"https:\/\/pararepublique.com\/index.php\/wp-json\/wp\/v2\/comments?post=13748"}],"version-history":[{"count":2,"href":"https:\/\/pararepublique.com\/index.php\/wp-json\/wp\/v2\/product\/13748\/revisions"}],"predecessor-version":[{"id":13758,"href":"https:\/\/pararepublique.com\/index.php\/wp-json\/wp\/v2\/product\/13748\/revisions\/13758"}],"wp:featuredmedia":[{"embeddable":true,"href":"https:\/\/pararepublique.com\/index.php\/wp-json\/wp\/v2\/media\/13749"}],"wp:attachment":[{"href":"https:\/\/pararepublique.com\/index.php\/wp-json\/wp\/v2\/media?parent=13748"}],"wp:term":[{"taxonomy":"product_cat","embeddable":true,"href":"https:\/\/pararepublique.com\/index.php\/wp-json\/wp\/v2\/product_cat?post=13748"},{"taxonomy":"product_tag","embeddable":true,"href":"https:\/\/pararepublique.com\/index.php\/wp-json\/wp\/v2\/product_tag?post=13748"}],"curies":[{"name":"wp","href":"https:\/\/api.w.org\/{rel}","templated":true}]}}