{"id":13770,"date":"2024-11-21T12:21:18","date_gmt":"2024-11-21T12:21:18","guid":{"rendered":"https:\/\/pararepublique.com\/?post_type=product&#038;p=13770"},"modified":"2024-11-21T12:21:19","modified_gmt":"2024-11-21T12:21:19","slug":"laino-stick-levre-intense-lot-2-1","status":"publish","type":"product","link":"https:\/\/pararepublique.com\/index.php\/product\/laino-stick-levre-intense-lot-2-1\/","title":{"rendered":"LAINO STICK LEVRE INTENSE  LOT\/2 + 1"},"content":{"rendered":"<p>LAINO<br \/>\nStick l\u00e8vres<br \/>\nSoin des l\u00e8vres<br \/>\nCire d&rsquo;abeille<br \/>\nSticks 3x4g<\/p>\n<p>Contenant de le cire d&rsquo;abeille, il nourrit, assouplit et prot\u00e8ge vos l\u00e8vres et procure une sensation de douceur maximale.<\/p>\n","protected":false},"excerpt":{"rendered":"<h2>Le stick \u00e0 l\u00e8vres pro intense Laino est un soin hydratant ultra efficace, grace \u00e0 la cire d&rsquo;abeille pour prot\u00e9ger et r\u00e9parer, le beurre de karit\u00e9 pour hydrater, et l&rsquo;extrait de calendula pour apaiser.<\/h2>\n","protected":false},"featured_media":13771,"comment_status":"open","ping_status":"closed","template":"","meta":{"inline_featured_image":false,"_monsterinsights_skip_tracking":false,"_monsterinsights_sitenote_active":false,"_monsterinsights_sitenote_note":"","_monsterinsights_sitenote_category":0,"_joinchat":[]},"product_cat":[139],"product_tag":[],"class_list":{"0":"post-13770","1":"product","2":"type-product","3":"status-publish","4":"has-post-thumbnail","6":"product_cat-laino","8":"first","9":"instock","10":"shipping-taxable","11":"purchasable","12":"product-type-simple","13":"add-to-wishlist-after_add_to_cart"},"aioseo_notices":[],"_links":{"self":[{"href":"https:\/\/pararepublique.com\/index.php\/wp-json\/wp\/v2\/product\/13770","targetHints":{"allow":["GET"]}}],"collection":[{"href":"https:\/\/pararepublique.com\/index.php\/wp-json\/wp\/v2\/product"}],"about":[{"href":"https:\/\/pararepublique.com\/index.php\/wp-json\/wp\/v2\/types\/product"}],"replies":[{"embeddable":true,"href":"https:\/\/pararepublique.com\/index.php\/wp-json\/wp\/v2\/comments?post=13770"}],"version-history":[{"count":2,"href":"https:\/\/pararepublique.com\/index.php\/wp-json\/wp\/v2\/product\/13770\/revisions"}],"predecessor-version":[{"id":13773,"href":"https:\/\/pararepublique.com\/index.php\/wp-json\/wp\/v2\/product\/13770\/revisions\/13773"}],"wp:featuredmedia":[{"embeddable":true,"href":"https:\/\/pararepublique.com\/index.php\/wp-json\/wp\/v2\/media\/13771"}],"wp:attachment":[{"href":"https:\/\/pararepublique.com\/index.php\/wp-json\/wp\/v2\/media?parent=13770"}],"wp:term":[{"taxonomy":"product_cat","embeddable":true,"href":"https:\/\/pararepublique.com\/index.php\/wp-json\/wp\/v2\/product_cat?post=13770"},{"taxonomy":"product_tag","embeddable":true,"href":"https:\/\/pararepublique.com\/index.php\/wp-json\/wp\/v2\/product_tag?post=13770"}],"curies":[{"name":"wp","href":"https:\/\/api.w.org\/{rel}","templated":true}]}}