{"id":13778,"date":"2024-11-21T12:29:41","date_gmt":"2024-11-21T12:29:41","guid":{"rendered":"https:\/\/pararepublique.com\/?post_type=product&#038;p=13778"},"modified":"2024-11-21T12:29:41","modified_gmt":"2024-11-21T12:29:41","slug":"laino-stick-levres-framboise-4g","status":"publish","type":"product","link":"https:\/\/pararepublique.com\/index.php\/product\/laino-stick-levres-framboise-4g\/","title":{"rendered":"LAINO STICK LEVRES FRAMBOISE 4G"},"content":{"rendered":"<div class=\"o-layout__item u-1\/2@desk\">\n<div class=\"u-margin-bottom u-color__black\">\n<p>Le <strong>soin des l\u00e8vres<\/strong> Laino \u00e0 la texture fondante pare vos l\u00e8vres fragilis\u00e9es d\u2019un soin \u00e0 la senteur <strong>framboise<\/strong>.<\/p>\n<p>Le complexe phyto-actif d\u2019<strong>huiles v\u00e9g\u00e9tales<\/strong>, de <strong>cire d\u2019abeille<\/strong> et de <strong>beurre de karit\u00e9<\/strong> laisse un film protecteur sur les l\u00e8vres et les apaise.<\/p>\n<p>R\u00e9sultats : les l\u00e8vres sont <strong>soulag\u00e9es, r\u00e9par\u00e9es et adoucies.<\/strong><\/p>\n<p><em>Sa formule\u00a0naturelle peut entra\u00eener un ph\u00e9nom\u00e8ne de givre.<\/em><\/p>\n<\/div>\n<\/div>\n","protected":false},"excerpt":{"rendered":"<div class=\"u-color__black c-product__excerpt\">\n<ul>\n<li>Senteur framboise<\/li>\n<li>95% d\u2019ingr\u00e9dients d\u2019origine naturelle<\/li>\n<li>Huiles v\u00e9g\u00e9tales<\/li>\n<li>Excellent sur Yuka<\/li>\n<li>Made in France<\/li>\n<\/ul>\n<\/div>\n","protected":false},"featured_media":13779,"comment_status":"open","ping_status":"closed","template":"","meta":{"inline_featured_image":false,"_monsterinsights_skip_tracking":false,"_monsterinsights_sitenote_active":false,"_monsterinsights_sitenote_note":"","_monsterinsights_sitenote_category":0,"_joinchat":[]},"product_cat":[139],"product_tag":[],"class_list":{"0":"post-13778","1":"product","2":"type-product","3":"status-publish","4":"has-post-thumbnail","6":"product_cat-laino","8":"first","9":"instock","10":"shipping-taxable","11":"purchasable","12":"product-type-simple","13":"add-to-wishlist-after_add_to_cart"},"aioseo_notices":[],"_links":{"self":[{"href":"https:\/\/pararepublique.com\/index.php\/wp-json\/wp\/v2\/product\/13778","targetHints":{"allow":["GET"]}}],"collection":[{"href":"https:\/\/pararepublique.com\/index.php\/wp-json\/wp\/v2\/product"}],"about":[{"href":"https:\/\/pararepublique.com\/index.php\/wp-json\/wp\/v2\/types\/product"}],"replies":[{"embeddable":true,"href":"https:\/\/pararepublique.com\/index.php\/wp-json\/wp\/v2\/comments?post=13778"}],"version-history":[{"count":1,"href":"https:\/\/pararepublique.com\/index.php\/wp-json\/wp\/v2\/product\/13778\/revisions"}],"predecessor-version":[{"id":13780,"href":"https:\/\/pararepublique.com\/index.php\/wp-json\/wp\/v2\/product\/13778\/revisions\/13780"}],"wp:featuredmedia":[{"embeddable":true,"href":"https:\/\/pararepublique.com\/index.php\/wp-json\/wp\/v2\/media\/13779"}],"wp:attachment":[{"href":"https:\/\/pararepublique.com\/index.php\/wp-json\/wp\/v2\/media?parent=13778"}],"wp:term":[{"taxonomy":"product_cat","embeddable":true,"href":"https:\/\/pararepublique.com\/index.php\/wp-json\/wp\/v2\/product_cat?post=13778"},{"taxonomy":"product_tag","embeddable":true,"href":"https:\/\/pararepublique.com\/index.php\/wp-json\/wp\/v2\/product_tag?post=13778"}],"curies":[{"name":"wp","href":"https:\/\/api.w.org\/{rel}","templated":true}]}}