{"id":13806,"date":"2024-11-21T13:10:09","date_gmt":"2024-11-21T13:10:09","guid":{"rendered":"https:\/\/pararepublique.com\/?post_type=product&#038;p=13806"},"modified":"2024-11-21T13:10:09","modified_gmt":"2024-11-21T13:10:09","slug":"aida-creme-regulatrice-tb-40g-2","status":"publish","type":"product","link":"https:\/\/pararepublique.com\/index.php\/product\/aida-creme-regulatrice-tb-40g-2\/","title":{"rendered":"AIDA CREME REGULATRICE TB\/40G"},"content":{"rendered":"<p>Laboratoire ACM A\u00efda Cr\u00e8me R\u00e9gulatrice des Hyperpigmentations Cutan\u00e9es 40 ml est un soin qui permet d\u2019att\u00e9nuer ou d\u2019\u00e9liminer les taches brunes et d\u2019\u00e9galiser la couleur du teint. Sa nouvelle formule associe plusieurs actifs d\u00e9pigmentants, apaisant en synergie, pour une plus grande efficacit\u00e9.<\/p>\n<div id=\"type_info_prio_6_1\">\n<p>Appliquer matin et soir par un l\u00e9ger massage, uniquement sur des petites surfaces.<\/p>\n<p>Eviter le contact avec les yeux.<\/p>\n<p>En cas d\u2019exposition prolong\u00e9e au soleil, utiliser une protection solaire adapt\u00e9e.<\/p>\n<\/div>\n<div class=\"description_indication\"><span class=\"bold\">Indication<\/span> : <span id=\"type_info_prio_6_2_1\">Soin visage anti-hyperpigmentation<\/span><\/div>\n<div><\/div>\n<div>\n<div class=\"bloc_depliable\">\n<div class=\"titre_zone_desc bloc_depliable_zone_click\">\n<div>Composition<\/div>\n<div class=\"div_arrow_desc\"><\/div>\n<\/div>\n<div class=\"content_zone_desc bloc_depliable_cnt tabcontent cnt_deplie\">\n<div class=\"longcompo\">\n<p>Aqua (Water), Glycerin, Butylene Glycol, Cetyl Alcohol, PEG-8 Beeswax, Paraffinum Liquidum (Mineral Oil), Ceteth-20, Kojic Acid, Tocopheryl Acetate, Ascorbyl Methylsilanol, Methylpropanediol, Titanium Dioxide [Nano], Stearic Acid, Palmitic Acid, Disodium EDTA, Steareth-20, Citric Acid, Phenoxyethanol, O-Cymen-5-ol, Sodium Sulfite, Alumina, Sodium Metabisulfite, Xanthan Gum.<\/p>\n<\/div>\n<\/div>\n<\/div>\n<\/div>\n","protected":false},"excerpt":{"rendered":"<p>Laboratoire ACM A\u00efda Cr\u00e8me R\u00e9gulatrice des Hyperpigmentations Cutan\u00e9es 40 ml est un soin qui permet d\u2019att\u00e9nuer ou d\u2019\u00e9liminer les taches brunes et d\u2019\u00e9galiser la couleur du teint. Sa nouvelle formule associe plusieurs actifs d\u00e9pigmentants, apaisant en synergie, pour une plus grande efficacit\u00e9.<\/p>\n","protected":false},"featured_media":13807,"comment_status":"open","ping_status":"closed","template":"","meta":{"inline_featured_image":false,"_monsterinsights_skip_tracking":false,"_monsterinsights_sitenote_active":false,"_monsterinsights_sitenote_note":"","_monsterinsights_sitenote_category":0,"_joinchat":[]},"product_cat":[143],"product_tag":[],"class_list":{"0":"post-13806","1":"product","2":"type-product","3":"status-publish","4":"has-post-thumbnail","6":"product_cat-acm","8":"first","9":"instock","10":"shipping-taxable","11":"purchasable","12":"product-type-simple","13":"add-to-wishlist-after_add_to_cart"},"aioseo_notices":[],"_links":{"self":[{"href":"https:\/\/pararepublique.com\/index.php\/wp-json\/wp\/v2\/product\/13806","targetHints":{"allow":["GET"]}}],"collection":[{"href":"https:\/\/pararepublique.com\/index.php\/wp-json\/wp\/v2\/product"}],"about":[{"href":"https:\/\/pararepublique.com\/index.php\/wp-json\/wp\/v2\/types\/product"}],"replies":[{"embeddable":true,"href":"https:\/\/pararepublique.com\/index.php\/wp-json\/wp\/v2\/comments?post=13806"}],"version-history":[{"count":1,"href":"https:\/\/pararepublique.com\/index.php\/wp-json\/wp\/v2\/product\/13806\/revisions"}],"predecessor-version":[{"id":13808,"href":"https:\/\/pararepublique.com\/index.php\/wp-json\/wp\/v2\/product\/13806\/revisions\/13808"}],"wp:featuredmedia":[{"embeddable":true,"href":"https:\/\/pararepublique.com\/index.php\/wp-json\/wp\/v2\/media\/13807"}],"wp:attachment":[{"href":"https:\/\/pararepublique.com\/index.php\/wp-json\/wp\/v2\/media?parent=13806"}],"wp:term":[{"taxonomy":"product_cat","embeddable":true,"href":"https:\/\/pararepublique.com\/index.php\/wp-json\/wp\/v2\/product_cat?post=13806"},{"taxonomy":"product_tag","embeddable":true,"href":"https:\/\/pararepublique.com\/index.php\/wp-json\/wp\/v2\/product_tag?post=13806"}],"curies":[{"name":"wp","href":"https:\/\/api.w.org\/{rel}","templated":true}]}}