{"id":13809,"date":"2024-11-21T13:17:45","date_gmt":"2024-11-21T13:17:45","guid":{"rendered":"https:\/\/pararepublique.com\/?post_type=product&#038;p=13809"},"modified":"2024-11-21T13:17:46","modified_gmt":"2024-11-21T13:17:46","slug":"boreade-vcl-creme-lavante-200ml-2","status":"publish","type":"product","link":"https:\/\/pararepublique.com\/index.php\/product\/boreade-vcl-creme-lavante-200ml-2\/","title":{"rendered":"BOREADE VCL CR\u00c8ME LAVANTE 200ML"},"content":{"rendered":"<div class=\"product-description\">\n<p>Ce soin lavant doux haute tol\u00e9rance nettoie sans dess\u00e9cher et purifie en douceur les peaux grasses a tendance acn\u00e9ique, y compris fragilis\u00e9es par les traitements dess\u00e9chants.<\/p>\n<p>Bor\u00e9ade CL assainit l\u2019\u00e9piderme, r\u00e9gule l\u2019exc\u00e8s de s\u00e9bum et pr\u00e9vient l\u2019apparition des imperfections gr\u00e2ce au complexe S.M.A. Sa formule ultra-douce respecte l\u2019\u00e9quilibre de la peau, apaise et procure une sensation de confort imm\u00e9diat.<\/p>\n<p>R\u00e9sultat, la peau est nette, douce, apais\u00e9e et confortable toute la journ\u00e9e.<\/p>\n<\/div>\n","protected":false},"excerpt":{"rendered":"<div id=\"product-description-short-112\" class=\"product-description\">\n<p>Ce soin lavant doux haute tol\u00e9rance nettoie sans dess\u00e9cher et purifie en douceur\u00a0 les peaux sujettes aux taches pigmentaires, y compris fragilis\u00e9es par les traitements dess\u00e9chants.<\/p>\n<\/div>\n<div class=\"product-description-baseline\">\n<p>96% d\u2019ingr\u00e9dients d\u2019origine naturelle<\/p>\n<\/div>\n<div class=\"product-description-customfield\">\n<div class=\"\">\n<p class=\"me-1\"><strong>Id\u00e9al pour :<\/strong><\/p>\n<p>Pour tous les types de peaux, y compris les peaux fragilis\u00e9es par les traitements.<\/p>\n<\/div>\n<div class=\"\">\n<p class=\"me-1\"><strong>Texture :<\/strong><\/p>\n<p>Cr\u00e8me<\/p>\n<\/div>\n<div class=\"\">\n<p class=\"me-1\"><strong>Quand ? :<\/strong><\/p>\n<p>Matin ou soir uniquement sur les zones \u00e0 traiter pendant 2 \u00e0 6 mois<\/p>\n<\/div>\n<div class=\"\">\n<p>&nbsp;<\/p>\n<p><strong> Nettoie en douceur, purifie, \u00e9limine l&rsquo;exc\u00e8s de s\u00e9bum sans irriter la peau <\/strong><\/p>\n<\/div>\n<\/div>\n","protected":false},"featured_media":13810,"comment_status":"open","ping_status":"closed","template":"","meta":{"inline_featured_image":false,"_monsterinsights_skip_tracking":false,"_monsterinsights_sitenote_active":false,"_monsterinsights_sitenote_note":"","_monsterinsights_sitenote_category":0,"_joinchat":[]},"product_cat":[143],"product_tag":[],"class_list":{"0":"post-13809","1":"product","2":"type-product","3":"status-publish","4":"has-post-thumbnail","6":"product_cat-acm","8":"first","9":"instock","10":"shipping-taxable","11":"purchasable","12":"product-type-simple","13":"add-to-wishlist-after_add_to_cart"},"aioseo_notices":[],"_links":{"self":[{"href":"https:\/\/pararepublique.com\/index.php\/wp-json\/wp\/v2\/product\/13809","targetHints":{"allow":["GET"]}}],"collection":[{"href":"https:\/\/pararepublique.com\/index.php\/wp-json\/wp\/v2\/product"}],"about":[{"href":"https:\/\/pararepublique.com\/index.php\/wp-json\/wp\/v2\/types\/product"}],"replies":[{"embeddable":true,"href":"https:\/\/pararepublique.com\/index.php\/wp-json\/wp\/v2\/comments?post=13809"}],"version-history":[{"count":1,"href":"https:\/\/pararepublique.com\/index.php\/wp-json\/wp\/v2\/product\/13809\/revisions"}],"predecessor-version":[{"id":13811,"href":"https:\/\/pararepublique.com\/index.php\/wp-json\/wp\/v2\/product\/13809\/revisions\/13811"}],"wp:featuredmedia":[{"embeddable":true,"href":"https:\/\/pararepublique.com\/index.php\/wp-json\/wp\/v2\/media\/13810"}],"wp:attachment":[{"href":"https:\/\/pararepublique.com\/index.php\/wp-json\/wp\/v2\/media?parent=13809"}],"wp:term":[{"taxonomy":"product_cat","embeddable":true,"href":"https:\/\/pararepublique.com\/index.php\/wp-json\/wp\/v2\/product_cat?post=13809"},{"taxonomy":"product_tag","embeddable":true,"href":"https:\/\/pararepublique.com\/index.php\/wp-json\/wp\/v2\/product_tag?post=13809"}],"curies":[{"name":"wp","href":"https:\/\/api.w.org\/{rel}","templated":true}]}}