{"id":13815,"date":"2024-11-21T13:24:00","date_gmt":"2024-11-21T13:24:00","guid":{"rendered":"https:\/\/pararepublique.com\/?post_type=product&#038;p=13815"},"modified":"2024-11-21T13:24:00","modified_gmt":"2024-11-21T13:24:00","slug":"depiwhite-adv-contour-yeux-2","status":"publish","type":"product","link":"https:\/\/pararepublique.com\/index.php\/product\/depiwhite-adv-contour-yeux-2\/","title":{"rendered":"DEPIWHITE ADV +CONTOUR YEUX"},"content":{"rendered":"<p><strong>Acm \u2013 D\u00c9PIWHITE \u2013 Gel Contour de l\u2019Oeil, 15ml<\/strong><\/p>\n<p><strong>Le gel contour de l\u2019\u0153il D\u00e9piwhite d\u2019ACM<\/strong> est con\u00e7u pour <strong>r\u00e9duire les cernes et les poches<\/strong> situ\u00e9s autour des yeux qui peuvent appara\u00eetre notamment \u00e0 cause du stress ou d\u2019un manque de sommeil.<\/p>\n<p>Ce soin associe une action \u00e9claircissante et un<strong> effet d\u00e9congestionnant<\/strong> afin de redonner de la fra\u00eecheur \u00e0 la peau sensible du contour des yeux. Ainsi, le regard semble plus lumineux et repos\u00e9.<\/p>\n<p>Le gel contour des yeux D\u00e9piwhite contient des principes actifs et des extraits de plantes qui agissent sur la<strong> coloration des cernes<\/strong> et diminuent le gonflement de la peau.<\/p>\n<p>L\u2019extrait de busserole participe \u00e0 la r\u00e9gulation de la production de m\u00e9lanine, favorisant ainsi l\u2019unification du teint et r\u00e9duisant les taches cutan\u00e9es. L\u2019extrait de r\u00e9s\u00e9da influe \u00e9galement sur la m\u00e9lanog\u00e9n\u00e8se, ce qui permet de diminuer la coloration au niveau des cernes. L\u2019hesp\u00e9ridine m\u00e9thyl chalcone est r\u00e9put\u00e9e pour ses effets veinotoniques et antioxydants. La zone du contour des yeux \u00e9tant tr\u00e8s vascularis\u00e9e, les probl\u00e8mes circulatoires y sont plus visibles. En <strong>favorisant la circulation sanguine<\/strong>, la peau retrouve sa carnation naturelle.<\/p>\n","protected":false},"excerpt":{"rendered":"<p>Gel \u00e9labor\u00e9 pour <strong>diminuer les poches et les cernes<\/strong> situ\u00e9s autour des yeux en \u00e9claircissant et d\u00e9congestionnant la peau.<\/p>\n","protected":false},"featured_media":13816,"comment_status":"open","ping_status":"closed","template":"","meta":{"inline_featured_image":false,"_monsterinsights_skip_tracking":false,"_monsterinsights_sitenote_active":false,"_monsterinsights_sitenote_note":"","_monsterinsights_sitenote_category":0,"_joinchat":[]},"product_cat":[143],"product_tag":[],"class_list":{"0":"post-13815","1":"product","2":"type-product","3":"status-publish","4":"has-post-thumbnail","6":"product_cat-acm","8":"first","9":"instock","10":"shipping-taxable","11":"purchasable","12":"product-type-simple","13":"add-to-wishlist-after_add_to_cart"},"aioseo_notices":[],"_links":{"self":[{"href":"https:\/\/pararepublique.com\/index.php\/wp-json\/wp\/v2\/product\/13815","targetHints":{"allow":["GET"]}}],"collection":[{"href":"https:\/\/pararepublique.com\/index.php\/wp-json\/wp\/v2\/product"}],"about":[{"href":"https:\/\/pararepublique.com\/index.php\/wp-json\/wp\/v2\/types\/product"}],"replies":[{"embeddable":true,"href":"https:\/\/pararepublique.com\/index.php\/wp-json\/wp\/v2\/comments?post=13815"}],"version-history":[{"count":1,"href":"https:\/\/pararepublique.com\/index.php\/wp-json\/wp\/v2\/product\/13815\/revisions"}],"predecessor-version":[{"id":13817,"href":"https:\/\/pararepublique.com\/index.php\/wp-json\/wp\/v2\/product\/13815\/revisions\/13817"}],"wp:featuredmedia":[{"embeddable":true,"href":"https:\/\/pararepublique.com\/index.php\/wp-json\/wp\/v2\/media\/13816"}],"wp:attachment":[{"href":"https:\/\/pararepublique.com\/index.php\/wp-json\/wp\/v2\/media?parent=13815"}],"wp:term":[{"taxonomy":"product_cat","embeddable":true,"href":"https:\/\/pararepublique.com\/index.php\/wp-json\/wp\/v2\/product_cat?post=13815"},{"taxonomy":"product_tag","embeddable":true,"href":"https:\/\/pararepublique.com\/index.php\/wp-json\/wp\/v2\/product_tag?post=13815"}],"curies":[{"name":"wp","href":"https:\/\/api.w.org\/{rel}","templated":true}]}}