{"id":13818,"date":"2024-11-21T13:28:28","date_gmt":"2024-11-21T13:28:28","guid":{"rendered":"https:\/\/pararepublique.com\/?post_type=product&#038;p=13818"},"modified":"2024-11-21T13:28:28","modified_gmt":"2024-11-21T13:28:28","slug":"depiwhite-lait-promo-50-surle-2eme","status":"publish","type":"product","link":"https:\/\/pararepublique.com\/index.php\/product\/depiwhite-lait-promo-50-surle-2eme\/","title":{"rendered":"DEPIWHITE LAIT PROMO -50% SURLE 2EME"},"content":{"rendered":"<p>La formule du <strong>lait corporel \u00e9claircissant Depiwhite<\/strong> s&rsquo;appuie sur des ingr\u00e9dients bien connus en dermo-cosm\u00e9tique. Elle associe des agents hydratants et des actifs d&rsquo;origine v\u00e9g\u00e9tale aux <strong>propri\u00e9t\u00e9s \u00e9claircissantes<\/strong>. Pour hydrater et nourrir la peau s\u00e8che, on retrouve de la glyc\u00e9rine, des huiles v\u00e9g\u00e9tales de jojoba et d&rsquo;abricot, ainsi que du beurre de karit\u00e9 et de la cire d&rsquo;abeille. Ensemble, ces composants constituent une synergie tr\u00e8s utile pour renforcer la barri\u00e8re cutan\u00e9e et optimiser le confort de la peau.<\/p>\n<p>En parall\u00e8le, le <strong>lait corps Depiwhite<\/strong> permet d&rsquo;activer la biod\u00e9gradation de la m\u00e9lanine, le pigment \u00e0 l&rsquo;origine de la coloration de la peau. Cette action est garantie par 3 composants v\u00e9g\u00e9taux : le r\u00e9s\u00e9da des teinturiers, qui contient de la lut\u00e9oline et de l&rsquo;apig\u00e9nine, aux <strong>vertus dermo-blanchissantes<\/strong> ; la busserole, r\u00e9put\u00e9e pour <strong>att\u00e9nuer les taches <\/strong>pigmentaires et unifier le teint ; le persil, naturellement riche en vitamine C, qui aide \u00e0 faire dispara\u00eetre les taches et \u00e0 illuminer la peau.<\/p>\n<p>Pr\u00e9sentation propos\u00e9e pour le lait corporel \u00e9claircissant Depiwhite sur notre pharmacie en ligne : Flacon-pompe de 500 ml<\/p>\n","protected":false},"excerpt":{"rendered":"<p>Les laboratoires <strong>ACM <\/strong>ont con\u00e7u le <strong>lait corporel \u00e9claircissant<\/strong> pour les personnes ayant la peau s\u00e8che et un besoin d&rsquo;<strong>\u00e9claircir le teint<\/strong>. C&rsquo;est un soin qui vient hydrater et nourrir la peau tout en agissant sur les taches brunes.<\/p>\n","protected":false},"featured_media":13819,"comment_status":"open","ping_status":"closed","template":"","meta":{"inline_featured_image":false,"_monsterinsights_skip_tracking":false,"_monsterinsights_sitenote_active":false,"_monsterinsights_sitenote_note":"","_monsterinsights_sitenote_category":0,"_joinchat":[]},"product_cat":[143],"product_tag":[],"class_list":{"0":"post-13818","1":"product","2":"type-product","3":"status-publish","4":"has-post-thumbnail","6":"product_cat-acm","8":"first","9":"instock","10":"shipping-taxable","11":"purchasable","12":"product-type-simple","13":"add-to-wishlist-after_add_to_cart"},"aioseo_notices":[],"_links":{"self":[{"href":"https:\/\/pararepublique.com\/index.php\/wp-json\/wp\/v2\/product\/13818","targetHints":{"allow":["GET"]}}],"collection":[{"href":"https:\/\/pararepublique.com\/index.php\/wp-json\/wp\/v2\/product"}],"about":[{"href":"https:\/\/pararepublique.com\/index.php\/wp-json\/wp\/v2\/types\/product"}],"replies":[{"embeddable":true,"href":"https:\/\/pararepublique.com\/index.php\/wp-json\/wp\/v2\/comments?post=13818"}],"version-history":[{"count":1,"href":"https:\/\/pararepublique.com\/index.php\/wp-json\/wp\/v2\/product\/13818\/revisions"}],"predecessor-version":[{"id":13820,"href":"https:\/\/pararepublique.com\/index.php\/wp-json\/wp\/v2\/product\/13818\/revisions\/13820"}],"wp:featuredmedia":[{"embeddable":true,"href":"https:\/\/pararepublique.com\/index.php\/wp-json\/wp\/v2\/media\/13819"}],"wp:attachment":[{"href":"https:\/\/pararepublique.com\/index.php\/wp-json\/wp\/v2\/media?parent=13818"}],"wp:term":[{"taxonomy":"product_cat","embeddable":true,"href":"https:\/\/pararepublique.com\/index.php\/wp-json\/wp\/v2\/product_cat?post=13818"},{"taxonomy":"product_tag","embeddable":true,"href":"https:\/\/pararepublique.com\/index.php\/wp-json\/wp\/v2\/product_tag?post=13818"}],"curies":[{"name":"wp","href":"https:\/\/api.w.org\/{rel}","templated":true}]}}