{"id":13821,"date":"2024-11-21T13:31:51","date_gmt":"2024-11-21T13:31:51","guid":{"rendered":"https:\/\/pararepublique.com\/?post_type=product&#038;p=13821"},"modified":"2024-11-21T13:31:51","modified_gmt":"2024-11-21T13:31:51","slug":"depiwhite-s-gel-photo-spf-50-2","status":"publish","type":"product","link":"https:\/\/pararepublique.com\/index.php\/product\/depiwhite-s-gel-photo-spf-50-2\/","title":{"rendered":"DEPIWHITE S GEL PHOTO SPF 50+"},"content":{"rendered":"<div class=\"product-description\">\n<p>Cette cr\u00e8me prot\u00e8ge des uva et des uvb les peaux pr\u00e9sentant des taches brunes localis\u00e9es ou \u00e9tendues.<\/p>\n<p>Cr\u00e8me solaire de tr\u00e8s haute protection pour le visage, le d\u00e9collet\u00e9 et les mains, elle s\u2019utilise aussi avant et apr\u00e8s les soins dermatologiques pour prot\u00e9ger la peau fragilis\u00e9e.<\/p>\n<p>Gr\u00e2ce \u00e0 son association de filtres organiques et de filtres min\u00e9raux, le soin d\u00e9piwhite s spf 50+ permet une protection solaire maximale sur l\u2019ensemble du spectre uva\/uvb. Ce soin poss\u00e8de aussi une action d\u00e9pigmentante compl\u00e9mentaire gr\u00e2ce \u00e0 une association d\u2019actifs v\u00e9g\u00e9taux qui permet de freiner la surproduction de m\u00e9lanine et d\u2019att\u00e9nuer les taches pigmentaires ou de limiter leur r\u00e9apparition.<\/p>\n<p>Sa texture fluide et l\u00e9g\u00e8re, non parfum\u00e9e, invisible \u00e0 l\u2019application, r\u00e9siste \u00e0 l\u2019eau pour une protection optimale.<\/p>\n<\/div>\n","protected":false},"excerpt":{"rendered":"<div id=\"product-description-short-117\" class=\"product-description\">\n<p>Cette cr\u00e8me prot\u00e8ge des uva et des uvb les peaux pr\u00e9sentant des taches brunes localis\u00e9es ou \u00e9tendues.<\/p>\n<\/div>\n<div class=\"product-description-baseline\">\n<p>Soin photoprotecteur \u00e9claircissant<\/p>\n<\/div>\n<div class=\"product-description-customfield\">\n<div class=\"\">\n<p class=\"me-1\"><strong>Id\u00e9al pour :<\/strong><\/p>\n<p>Sujettes aux taches pigmentaires<\/p>\n<\/div>\n<div class=\"\">\n<p class=\"me-1\"><strong>Texture :<\/strong><\/p>\n<p>Cr\u00e8me<\/p>\n<\/div>\n<div class=\"\">\n<p class=\"me-1\"><strong>Quand ? :<\/strong><\/p>\n<p>Matin, renouveler toutes les 2h<\/p>\n<\/div>\n<div class=\"\">\n<p><strong> Pr\u00e9vient l&rsquo;apparition des taches brunes, tr\u00e8s haute protection SPF 50+ <\/strong><\/p>\n<\/div>\n<div class=\"pt-5\">\n<p><strong> Tube 50 ml <\/strong><\/p>\n<\/div>\n<\/div>\n","protected":false},"featured_media":13822,"comment_status":"open","ping_status":"closed","template":"","meta":{"inline_featured_image":false,"_monsterinsights_skip_tracking":false,"_monsterinsights_sitenote_active":false,"_monsterinsights_sitenote_note":"","_monsterinsights_sitenote_category":0,"_joinchat":[]},"product_cat":[143],"product_tag":[],"class_list":{"0":"post-13821","1":"product","2":"type-product","3":"status-publish","4":"has-post-thumbnail","6":"product_cat-acm","8":"first","9":"instock","10":"shipping-taxable","11":"purchasable","12":"product-type-simple","13":"add-to-wishlist-after_add_to_cart"},"aioseo_notices":[],"_links":{"self":[{"href":"https:\/\/pararepublique.com\/index.php\/wp-json\/wp\/v2\/product\/13821","targetHints":{"allow":["GET"]}}],"collection":[{"href":"https:\/\/pararepublique.com\/index.php\/wp-json\/wp\/v2\/product"}],"about":[{"href":"https:\/\/pararepublique.com\/index.php\/wp-json\/wp\/v2\/types\/product"}],"replies":[{"embeddable":true,"href":"https:\/\/pararepublique.com\/index.php\/wp-json\/wp\/v2\/comments?post=13821"}],"version-history":[{"count":1,"href":"https:\/\/pararepublique.com\/index.php\/wp-json\/wp\/v2\/product\/13821\/revisions"}],"predecessor-version":[{"id":13823,"href":"https:\/\/pararepublique.com\/index.php\/wp-json\/wp\/v2\/product\/13821\/revisions\/13823"}],"wp:featuredmedia":[{"embeddable":true,"href":"https:\/\/pararepublique.com\/index.php\/wp-json\/wp\/v2\/media\/13822"}],"wp:attachment":[{"href":"https:\/\/pararepublique.com\/index.php\/wp-json\/wp\/v2\/media?parent=13821"}],"wp:term":[{"taxonomy":"product_cat","embeddable":true,"href":"https:\/\/pararepublique.com\/index.php\/wp-json\/wp\/v2\/product_cat?post=13821"},{"taxonomy":"product_tag","embeddable":true,"href":"https:\/\/pararepublique.com\/index.php\/wp-json\/wp\/v2\/product_tag?post=13821"}],"curies":[{"name":"wp","href":"https:\/\/api.w.org\/{rel}","templated":true}]}}