{"id":13824,"date":"2024-11-21T13:34:32","date_gmt":"2024-11-21T13:34:32","guid":{"rendered":"https:\/\/pararepublique.com\/?post_type=product&#038;p=13824"},"modified":"2024-11-21T13:34:32","modified_gmt":"2024-11-21T13:34:32","slug":"novophane-gelus-acm-bt-60-2","status":"publish","type":"product","link":"https:\/\/pararepublique.com\/index.php\/product\/novophane-gelus-acm-bt-60-2\/","title":{"rendered":"NOVOPHANE GELUS ACM BT 60"},"content":{"rendered":"<p>Agissant \u00e0 la fois sur la beaut\u00e9 des ongles et des cheveux, ce compl\u00e9ment alimentaire leur redonne force et vigueur.<\/p>\n<p>Chute de cheveux passag\u00e8re ou saisonni\u00e8re, alt\u00e9ration de la qualit\u00e9 des cheveux, ongles fragiles, mous, d\u00e9doubl\u00e9s, cassants, Novophane g\u00e9lules formule renforc\u00e9e contient une formule tr\u00e8s compl\u00e8te avec des acides amin\u00e9s, vitamines, min\u00e9raux et silicium v\u00e9g\u00e9tal pour maintenir les cheveux et les ongles en bonne sant\u00e9 et les rendre plus r\u00e9sistants.<\/p>\n<p>La Biotine et le Zinc contribuent au maintien d&rsquo;une belle chevelure. Le Zinc contribue au maintien de beaux ongles. La vitamine B6 contribue \u00e0 la synth\u00e8se normale de la cyst\u00e9ine. Le Cuivre contribue \u00e0 la pigmentation normale des cheveux.<\/p>\n<p>Le+ G\u00e9lules sans dioxyde de titane<\/p>\n<p><strong>Conseils et astuces\u00a0:<\/strong><\/p>\n<p>2 g\u00e9lules par jour en 1 seule prise au cours des repas pendant 3 mois. A renouveler au cours de l\u2019ann\u00e9e en cas de besoin. Peut \u00eatre utilis\u00e9 en accompagnement d\u2019un traitement antichute.<\/p>\n<p>Pr\u00e9cautions d\u2019emploi : Ne pas d\u00e9passer la dose journali\u00e8re recommand\u00e9e. Tenir hors de port\u00e9e des jeunes enfants. Un compl\u00e9ment alimentaire ne doit pas se substituer \u00e0 une alimentation vari\u00e9e et \u00e9quilibr\u00e9e et \u00e0 un mode de vie sain. \u00c0 conserver \u00e0 l\u2019abri de la chaleur et de l\u2019humidit\u00e9.<\/p>\n<p><strong>Ingr\u00e9dients\u00a0:<\/strong><\/p>\n<p>Une formule renforc\u00e9e encore plus compl\u00e8te. : Acides amin\u00e9s + 7 Vitamines + Min\u00e9raux + Extrait de Pr\u00eale riche en Silicium<\/p>\n<p>Cystine, Me\u0301thionine, agent de charge : Phosphate Dicalcique, Gluconate de Fer, Oxyde de Magne\u0301sium, Vitamine C (Acide ascorbique), Gluconate de zinc, Extrait de Pre\u0302le Partie Aerienne (Equisetum arvense.L), Vitamines E (Ace\u0301tate de DL-alpha-tocophe\u0301ryle), B3 (Niacine), B5 (D-panthote\u0301nate de calcium), B6 (Chlorhydrate de pyridoxine), B2 (Riboflavine), Biotine (D-biotine), Gluconate de Cuivre, L-Arginine, Mono et Diglyce\u0301rides d&rsquo;acide gras, enveloppe : Ge\u0301latine<\/p>\n","protected":false},"excerpt":{"rendered":"<p>Agissant \u00e0 la fois sur la beaut\u00e9 des ongles et des cheveux, ce compl\u00e9ment alimentaire leur redonne force et vigueur.<\/p>\n<p>Formule renforc\u00e9e &#8211; compl\u00e9ment alimentaire<\/p>\n<p>Id\u00e9al pour : Cheveux et ongles<\/p>\n<p>Texture : G\u00e9lules<\/p>\n<p>Quand ? : 2 g\u00e9lules\/jour au cours d&rsquo;un repas pendant 3 mois<\/p>\n<p>Redonne force et vigueur aux cheveux et aux ongles<\/p>\n<p>Boite de 60 g\u00e9lules<\/p>\n","protected":false},"featured_media":13825,"comment_status":"open","ping_status":"closed","template":"","meta":{"inline_featured_image":false,"_monsterinsights_skip_tracking":false,"_monsterinsights_sitenote_active":false,"_monsterinsights_sitenote_note":"","_monsterinsights_sitenote_category":0,"_joinchat":[]},"product_cat":[143],"product_tag":[],"class_list":{"0":"post-13824","1":"product","2":"type-product","3":"status-publish","4":"has-post-thumbnail","6":"product_cat-acm","8":"first","9":"instock","10":"shipping-taxable","11":"purchasable","12":"product-type-simple","13":"add-to-wishlist-after_add_to_cart"},"aioseo_notices":[],"_links":{"self":[{"href":"https:\/\/pararepublique.com\/index.php\/wp-json\/wp\/v2\/product\/13824","targetHints":{"allow":["GET"]}}],"collection":[{"href":"https:\/\/pararepublique.com\/index.php\/wp-json\/wp\/v2\/product"}],"about":[{"href":"https:\/\/pararepublique.com\/index.php\/wp-json\/wp\/v2\/types\/product"}],"replies":[{"embeddable":true,"href":"https:\/\/pararepublique.com\/index.php\/wp-json\/wp\/v2\/comments?post=13824"}],"version-history":[{"count":1,"href":"https:\/\/pararepublique.com\/index.php\/wp-json\/wp\/v2\/product\/13824\/revisions"}],"predecessor-version":[{"id":13826,"href":"https:\/\/pararepublique.com\/index.php\/wp-json\/wp\/v2\/product\/13824\/revisions\/13826"}],"wp:featuredmedia":[{"embeddable":true,"href":"https:\/\/pararepublique.com\/index.php\/wp-json\/wp\/v2\/media\/13825"}],"wp:attachment":[{"href":"https:\/\/pararepublique.com\/index.php\/wp-json\/wp\/v2\/media?parent=13824"}],"wp:term":[{"taxonomy":"product_cat","embeddable":true,"href":"https:\/\/pararepublique.com\/index.php\/wp-json\/wp\/v2\/product_cat?post=13824"},{"taxonomy":"product_tag","embeddable":true,"href":"https:\/\/pararepublique.com\/index.php\/wp-json\/wp\/v2\/product_tag?post=13824"}],"curies":[{"name":"wp","href":"https:\/\/api.w.org\/{rel}","templated":true}]}}