{"id":13829,"date":"2024-11-21T14:21:12","date_gmt":"2024-11-21T14:21:12","guid":{"rendered":"https:\/\/pararepublique.com\/?post_type=product&#038;p=13829"},"modified":"2024-11-21T14:21:12","modified_gmt":"2024-11-21T14:21:12","slug":"sebionek-gel-matif-spf-50-fl40ml","status":"publish","type":"product","link":"https:\/\/pararepublique.com\/index.php\/product\/sebionek-gel-matif-spf-50-fl40ml\/","title":{"rendered":"SEBIONEK GEL MATIF SPF 50+ FL40ML"},"content":{"rendered":"<div class=\"product-description\">\n<p>Ce gel s\u2019adresse aux peaux mixtes \u00e0 grasses, y compris sous traitements anti-acn\u00e9iques.<\/p>\n<p>Elle offre une haute protection solaire optimale contre les UVB et les UVA gr\u00e2ce \u00e0 son association de filtres organiques et de filtres solaires min\u00e9raux et procure un effet anti-brillance longue dur\u00e9e. Sa texture fluide et l\u00e9g\u00e8re, adapt\u00e9e aux peaux grasses, hydrate et matifie tout au long de la journ\u00e9e. Elle est invisible \u00e0 l\u2019application, non com\u00e9dog\u00e8ne et r\u00e9sistante \u00e0 l\u2019eau.<\/p>\n<p>La peau est prot\u00e9g\u00e9e et hydrat\u00e9e, la peau ne brille plus, elle est matifi\u00e9e tout au long de la journ\u00e9e.<\/p>\n<\/div>\n","protected":false},"excerpt":{"rendered":"<div id=\"product-description-short-119\" class=\"product-description\">\n<p>Ce gel s\u2019adresse aux peaux mixtes \u00e0 grasses, y compris sous traitements anti-acn\u00e9iques.<\/p>\n<\/div>\n<div class=\"product-description-baseline\">\n<p>Gel solaire matifiant<\/p>\n<\/div>\n<div class=\"product-description-customfield\">\n<div class=\"\">\n<p class=\"me-1\"><strong>Id\u00e9al pour :<\/strong><\/p>\n<p>Mixtes \u00e0 grasses<\/p>\n<\/div>\n<div class=\"\">\n<p class=\"me-1\"><strong>Texture :<\/strong><\/p>\n<p>Gel invisible<\/p>\n<\/div>\n<div class=\"\">\n<p class=\"me-1\"><strong>Quand ? :<\/strong><\/p>\n<p>Au moins toutes les 2h en cas d&rsquo;exposition solaire<\/p>\n<\/div>\n<div class=\"\">\n<p>&nbsp;<\/p>\n<p><strong> Haute protection UVA\/UVB et matifie &#8211; SPF 50 <\/strong><\/p>\n<\/div>\n<\/div>\n","protected":false},"featured_media":13830,"comment_status":"open","ping_status":"closed","template":"","meta":{"inline_featured_image":false,"_monsterinsights_skip_tracking":false,"_monsterinsights_sitenote_active":false,"_monsterinsights_sitenote_note":"","_monsterinsights_sitenote_category":0,"_joinchat":[]},"product_cat":[143],"product_tag":[],"class_list":{"0":"post-13829","1":"product","2":"type-product","3":"status-publish","4":"has-post-thumbnail","6":"product_cat-acm","8":"first","9":"instock","10":"shipping-taxable","11":"purchasable","12":"product-type-simple","13":"add-to-wishlist-after_add_to_cart"},"aioseo_notices":[],"_links":{"self":[{"href":"https:\/\/pararepublique.com\/index.php\/wp-json\/wp\/v2\/product\/13829","targetHints":{"allow":["GET"]}}],"collection":[{"href":"https:\/\/pararepublique.com\/index.php\/wp-json\/wp\/v2\/product"}],"about":[{"href":"https:\/\/pararepublique.com\/index.php\/wp-json\/wp\/v2\/types\/product"}],"replies":[{"embeddable":true,"href":"https:\/\/pararepublique.com\/index.php\/wp-json\/wp\/v2\/comments?post=13829"}],"version-history":[{"count":1,"href":"https:\/\/pararepublique.com\/index.php\/wp-json\/wp\/v2\/product\/13829\/revisions"}],"predecessor-version":[{"id":13831,"href":"https:\/\/pararepublique.com\/index.php\/wp-json\/wp\/v2\/product\/13829\/revisions\/13831"}],"wp:featuredmedia":[{"embeddable":true,"href":"https:\/\/pararepublique.com\/index.php\/wp-json\/wp\/v2\/media\/13830"}],"wp:attachment":[{"href":"https:\/\/pararepublique.com\/index.php\/wp-json\/wp\/v2\/media?parent=13829"}],"wp:term":[{"taxonomy":"product_cat","embeddable":true,"href":"https:\/\/pararepublique.com\/index.php\/wp-json\/wp\/v2\/product_cat?post=13829"},{"taxonomy":"product_tag","embeddable":true,"href":"https:\/\/pararepublique.com\/index.php\/wp-json\/wp\/v2\/product_tag?post=13829"}],"curies":[{"name":"wp","href":"https:\/\/api.w.org\/{rel}","templated":true}]}}