{"id":13835,"date":"2024-11-21T15:38:45","date_gmt":"2024-11-21T15:38:45","guid":{"rendered":"https:\/\/pararepublique.com\/?post_type=product&#038;p=13835"},"modified":"2024-11-21T15:38:45","modified_gmt":"2024-11-21T15:38:45","slug":"sebionex-pain-derm-purifiant-2","status":"publish","type":"product","link":"https:\/\/pararepublique.com\/index.php\/product\/sebionex-pain-derm-purifiant-2\/","title":{"rendered":"SEBIONEX PAIN DERM PURIFIANT"},"content":{"rendered":"<div class=\"product-description\">\n<p>Ce nettoyant doux purifiant elimine en douceur les impuretes et l\u2019exces de sebum sans dessecher pour un veritable plaisir d\u2019utilisation au quotidien. Visage et corps.<\/p>\n<p>Utilis\u00e9 quotidiennement, le pain S\u00e9bionex \u00e9limine les impuret\u00e9s sans agresser la peau. Avec son complexe S\u00e9bo-R\u00e9gul, il r\u00e9gule l\u2019exc\u00e8s de s\u00e9bum, limite la prolif\u00e9ration bact\u00e9rienne et assainit l\u2019\u00e9piderme. Sans savon, ce pain dermatologique respecte l\u2019\u00e9quilibre naturel de la peau et limite les sensations de tiraillements gr\u00e2ce \u00e0 ses agents nettoyants. Il laisse la peau nette, fra\u00eeche et purifi\u00e9e.<\/p>\n<\/div>\n","protected":false},"excerpt":{"rendered":"<div id=\"product-description-short-103\" class=\"product-description\">\n<p>Ce nettoyant doux purifiant elimine en douceur les impuretes et l\u2019exces de sebum sans dessecher pour un veritable plaisir d\u2019utilisation au quotidien. Visage et corps.<\/p>\n<\/div>\n<div class=\"product-description-baseline\">\n<p>Nettoyant doux purifiant id\u00e9al pour les peaux mixtes \u00e0 grasses<\/p>\n<\/div>\n<div class=\"product-description-customfield\">\n<div class=\"\">\n<p class=\"me-1\"><strong>Id\u00e9al pour :<\/strong><\/p>\n<p>Mixtes \u00e0 grasses<\/p>\n<\/div>\n<div class=\"\">\n<p class=\"me-1\"><strong>Texture :<\/strong><\/p>\n<p>Pain<\/p>\n<\/div>\n<div class=\"\">\n<p class=\"me-1\"><strong>Quand ? :<\/strong><\/p>\n<p>Matin et\/ou Soir<\/p>\n<\/div>\n<div class=\"\">\n<p>&nbsp;<\/p>\n<p><strong> Nettoie, Purifie, Assainit <\/strong><\/p>\n<\/div>\n<\/div>\n","protected":false},"featured_media":13836,"comment_status":"open","ping_status":"closed","template":"","meta":{"inline_featured_image":false,"_monsterinsights_skip_tracking":false,"_monsterinsights_sitenote_active":false,"_monsterinsights_sitenote_note":"","_monsterinsights_sitenote_category":0,"_joinchat":[]},"product_cat":[143],"product_tag":[],"class_list":{"0":"post-13835","1":"product","2":"type-product","3":"status-publish","4":"has-post-thumbnail","6":"product_cat-acm","8":"first","9":"instock","10":"shipping-taxable","11":"purchasable","12":"product-type-simple","13":"add-to-wishlist-after_add_to_cart"},"aioseo_notices":[],"_links":{"self":[{"href":"https:\/\/pararepublique.com\/index.php\/wp-json\/wp\/v2\/product\/13835","targetHints":{"allow":["GET"]}}],"collection":[{"href":"https:\/\/pararepublique.com\/index.php\/wp-json\/wp\/v2\/product"}],"about":[{"href":"https:\/\/pararepublique.com\/index.php\/wp-json\/wp\/v2\/types\/product"}],"replies":[{"embeddable":true,"href":"https:\/\/pararepublique.com\/index.php\/wp-json\/wp\/v2\/comments?post=13835"}],"version-history":[{"count":1,"href":"https:\/\/pararepublique.com\/index.php\/wp-json\/wp\/v2\/product\/13835\/revisions"}],"predecessor-version":[{"id":13837,"href":"https:\/\/pararepublique.com\/index.php\/wp-json\/wp\/v2\/product\/13835\/revisions\/13837"}],"wp:featuredmedia":[{"embeddable":true,"href":"https:\/\/pararepublique.com\/index.php\/wp-json\/wp\/v2\/media\/13836"}],"wp:attachment":[{"href":"https:\/\/pararepublique.com\/index.php\/wp-json\/wp\/v2\/media?parent=13835"}],"wp:term":[{"taxonomy":"product_cat","embeddable":true,"href":"https:\/\/pararepublique.com\/index.php\/wp-json\/wp\/v2\/product_cat?post=13835"},{"taxonomy":"product_tag","embeddable":true,"href":"https:\/\/pararepublique.com\/index.php\/wp-json\/wp\/v2\/product_tag?post=13835"}],"curies":[{"name":"wp","href":"https:\/\/api.w.org\/{rel}","templated":true}]}}