{"id":13838,"date":"2024-11-21T15:42:53","date_gmt":"2024-11-21T15:42:53","guid":{"rendered":"https:\/\/pararepublique.com\/?post_type=product&#038;p=13838"},"modified":"2024-11-21T15:42:53","modified_gmt":"2024-11-21T15:42:53","slug":"sebionex-trio-cr-corectrice40ml","status":"publish","type":"product","link":"https:\/\/pararepublique.com\/index.php\/product\/sebionex-trio-cr-corectrice40ml\/","title":{"rendered":"SEBIONEX TRIO CR CORECTRICE40ML"},"content":{"rendered":"<div class=\"product-description\">\n<p>Cette cr\u00e8me correctrice pour les peaux grasses et \u00e0 imperfections s&rsquo;utilise sur le visage, seule ou en compl\u00e9ment des traitements anti-acn\u00e9iques.<\/p>\n<p>Tr\u00e8s efficace contre les imperfections les plus s\u00e9v\u00e8res dues \u00e0 l\u2019acn\u00e9, cette cr\u00e8me combine 3 actions compl\u00e9mentaires :<\/p>\n<p>&#8211; Elle diminue les imperfections, exfolie en douceur et limite la formation des bouchons corn\u00e9s (gr\u00e2ce aux esters et sels d\u2019AHA, acide salicylique.<br \/>\n&#8211; Elle r\u00e9gule la production de s\u00e9bum gr\u00e2ce notamment au gluconate de zinc.<br \/>\n&#8211; Elle apaise, hydrate et matifie gr\u00e2ce \u00e0 la vitamine PP, le bisabolol, le lactate d\u2019ammonium et \u00e0 la glyc\u00e9rine.<\/p>\n<p>Le teint est matifi\u00e9 durablement, la peau ne brille plus, le visage retrouve sa nettet\u00e9.<\/p>\n<\/div>\n","protected":false},"excerpt":{"rendered":"<div id=\"product-description-short-115\" class=\"product-description\">\n<p>Cette cr\u00e8me correctrice pour les peaux grasses et \u00e0 imperfections s&rsquo;utilise sur le visage, seule ou en compl\u00e9ment des traitements anti-acn\u00e9iques.<\/p>\n<\/div>\n<div class=\"product-description-baseline\">\n<p>Cr\u00e8me apaisante anti-imperfections<\/p>\n<\/div>\n<div class=\"product-description-customfield\">\n<div class=\"\">\n<p class=\"me-1\"><strong>Id\u00e9al pour :<\/strong><\/p>\n<p>Mixtes \u00e0 grasses, \u00e0 tendance acn\u00e9ique<\/p>\n<\/div>\n<div class=\"\">\n<p class=\"me-1\"><strong>Texture :<\/strong><\/p>\n<p>Cr\u00e8me<\/p>\n<\/div>\n<div class=\"\">\n<p class=\"me-1\"><strong>Quand ? :<\/strong><\/p>\n<p>Matin et\/ou Soir<\/p>\n<\/div>\n<div class=\"\">\n<p>&nbsp;<\/p>\n<p><strong> Corrige, hydrate et apaise <\/strong><\/p>\n<\/div>\n<\/div>\n","protected":false},"featured_media":13839,"comment_status":"open","ping_status":"closed","template":"","meta":{"inline_featured_image":false,"_monsterinsights_skip_tracking":false,"_monsterinsights_sitenote_active":false,"_monsterinsights_sitenote_note":"","_monsterinsights_sitenote_category":0,"_joinchat":[]},"product_cat":[143],"product_tag":[],"class_list":{"0":"post-13838","1":"product","2":"type-product","3":"status-publish","4":"has-post-thumbnail","6":"product_cat-acm","8":"first","9":"instock","10":"shipping-taxable","11":"purchasable","12":"product-type-simple","13":"add-to-wishlist-after_add_to_cart"},"aioseo_notices":[],"_links":{"self":[{"href":"https:\/\/pararepublique.com\/index.php\/wp-json\/wp\/v2\/product\/13838","targetHints":{"allow":["GET"]}}],"collection":[{"href":"https:\/\/pararepublique.com\/index.php\/wp-json\/wp\/v2\/product"}],"about":[{"href":"https:\/\/pararepublique.com\/index.php\/wp-json\/wp\/v2\/types\/product"}],"replies":[{"embeddable":true,"href":"https:\/\/pararepublique.com\/index.php\/wp-json\/wp\/v2\/comments?post=13838"}],"version-history":[{"count":1,"href":"https:\/\/pararepublique.com\/index.php\/wp-json\/wp\/v2\/product\/13838\/revisions"}],"predecessor-version":[{"id":13840,"href":"https:\/\/pararepublique.com\/index.php\/wp-json\/wp\/v2\/product\/13838\/revisions\/13840"}],"wp:featuredmedia":[{"embeddable":true,"href":"https:\/\/pararepublique.com\/index.php\/wp-json\/wp\/v2\/media\/13839"}],"wp:attachment":[{"href":"https:\/\/pararepublique.com\/index.php\/wp-json\/wp\/v2\/media?parent=13838"}],"wp:term":[{"taxonomy":"product_cat","embeddable":true,"href":"https:\/\/pararepublique.com\/index.php\/wp-json\/wp\/v2\/product_cat?post=13838"},{"taxonomy":"product_tag","embeddable":true,"href":"https:\/\/pararepublique.com\/index.php\/wp-json\/wp\/v2\/product_tag?post=13838"}],"curies":[{"name":"wp","href":"https:\/\/api.w.org\/{rel}","templated":true}]}}