{"id":13841,"date":"2024-11-21T15:53:49","date_gmt":"2024-11-21T15:53:49","guid":{"rendered":"https:\/\/pararepublique.com\/?post_type=product&#038;p=13841"},"modified":"2024-11-21T15:55:09","modified_gmt":"2024-11-21T15:55:09","slug":"sebionex-k-cr-keratoregilatrice40ml","status":"publish","type":"product","link":"https:\/\/pararepublique.com\/index.php\/product\/sebionex-k-cr-keratoregilatrice40ml\/","title":{"rendered":"SEBIONEX .K CR KERATOREGILATRICE40ML"},"content":{"rendered":"<p>Cette cr\u00e8me est un gommage quotidien qui affine le grain des peaux grasses. Peut \u00eatre utilis\u00e9 seul ou en association avec un traitement topique anti-acn\u00e9ique.<\/p>\n<p>Son action exfoliante, issue de l&rsquo;association de 3 formes d&rsquo;AHA, est progressive pour assurer une meilleure tol\u00e9rance cutan\u00e9e. Le gluconate de zinc, r\u00e9gulateur et purificateur de s\u00e9bum, r\u00e9gule la production de s\u00e9bum et limite la prolif\u00e9ration des micro-organismes responsables des imperfections. Gr\u00e2ce \u00e0 son agent matifiant, il absorbe tout exc\u00e8s de s\u00e9bum, r\u00e9duisant ainsi l&rsquo;aspect brillant des peaux grasses tout au long de la journ\u00e9e. Il laisse la peau nette et non brillante.<\/p>\n","protected":false},"excerpt":{"rendered":"<p>Cette cr\u00e8me est un gommage quotidien qui affine le grain des peaux grasses. Peut \u00eatre utilis\u00e9 seul ou en association avec un traitement topique anti-acn\u00e9ique.<\/p>\n<p>Cr\u00e8me k\u00e9rator\u00e9gulatrice<\/p>\n<p>Id\u00e9al pour :<\/p>\n<p>Peaux mixtes \u00e0 grasses, peaux \u00e0 tendance acn\u00e9ique<\/p>\n<p>Texture:<\/p>\n<p>Cr\u00e8me<\/p>\n<p>Quand?:<\/p>\n<p>Matin et\/ou soir<\/p>\n<p>&nbsp;<\/p>\n<p>Exfolie, affine le grain de peau et matifie<\/p>\n","protected":false},"featured_media":13842,"comment_status":"open","ping_status":"closed","template":"","meta":{"inline_featured_image":false,"_monsterinsights_skip_tracking":false,"_monsterinsights_sitenote_active":false,"_monsterinsights_sitenote_note":"","_monsterinsights_sitenote_category":0,"_joinchat":[]},"product_cat":[143],"product_tag":[],"class_list":{"0":"post-13841","1":"product","2":"type-product","3":"status-publish","4":"has-post-thumbnail","6":"product_cat-acm","8":"first","9":"instock","10":"shipping-taxable","11":"purchasable","12":"product-type-simple","13":"add-to-wishlist-after_add_to_cart"},"aioseo_notices":[],"_links":{"self":[{"href":"https:\/\/pararepublique.com\/index.php\/wp-json\/wp\/v2\/product\/13841","targetHints":{"allow":["GET"]}}],"collection":[{"href":"https:\/\/pararepublique.com\/index.php\/wp-json\/wp\/v2\/product"}],"about":[{"href":"https:\/\/pararepublique.com\/index.php\/wp-json\/wp\/v2\/types\/product"}],"replies":[{"embeddable":true,"href":"https:\/\/pararepublique.com\/index.php\/wp-json\/wp\/v2\/comments?post=13841"}],"version-history":[{"count":2,"href":"https:\/\/pararepublique.com\/index.php\/wp-json\/wp\/v2\/product\/13841\/revisions"}],"predecessor-version":[{"id":13844,"href":"https:\/\/pararepublique.com\/index.php\/wp-json\/wp\/v2\/product\/13841\/revisions\/13844"}],"wp:featuredmedia":[{"embeddable":true,"href":"https:\/\/pararepublique.com\/index.php\/wp-json\/wp\/v2\/media\/13842"}],"wp:attachment":[{"href":"https:\/\/pararepublique.com\/index.php\/wp-json\/wp\/v2\/media?parent=13841"}],"wp:term":[{"taxonomy":"product_cat","embeddable":true,"href":"https:\/\/pararepublique.com\/index.php\/wp-json\/wp\/v2\/product_cat?post=13841"},{"taxonomy":"product_tag","embeddable":true,"href":"https:\/\/pararepublique.com\/index.php\/wp-json\/wp\/v2\/product_tag?post=13841"}],"curies":[{"name":"wp","href":"https:\/\/api.w.org\/{rel}","templated":true}]}}