{"id":13845,"date":"2024-11-21T15:59:24","date_gmt":"2024-11-21T15:59:24","guid":{"rendered":"https:\/\/pararepublique.com\/?post_type=product&#038;p=13845"},"modified":"2024-11-21T15:59:25","modified_gmt":"2024-11-21T15:59:25","slug":"sensitelial-gel-nettoyant-surgras-2","status":"publish","type":"product","link":"https:\/\/pararepublique.com\/index.php\/product\/sensitelial-gel-nettoyant-surgras-2\/","title":{"rendered":"SENSITELIAL GEL NETTOYANT SURGRAS"},"content":{"rendered":"<div class=\"product-description\">\n<p>Il nettoie les peaux s\u00e8ches \u00e0 tendance atopique du visage et du corps.<\/p>\n<p>Il \u00e9limine les impuret\u00e9s sans agresser ni dess\u00e9cher. Ses agents surgraissants et sa base lavante douce sans parfum lui conf\u00e8rent une tol\u00e9rance optimale tr\u00e8s appr\u00e9ci\u00e9e des peaux s\u00e8ches et sensibles. Facile \u00e0 rincer, il s\u2019applique sur le visage et le corps, chez l\u2019enfant comme chez l\u2019adulte. Sans savon, il respecte le pH de la peau dont il restaure le film hydrolipidique. Il apporte confort et douceur.<\/p>\n<\/div>\n","protected":false},"excerpt":{"rendered":"<div id=\"product-description-short-111\" class=\"product-description\">\n<p>Il nettoie les peaux s\u00e8ches \u00e0 tendance atopique du visage et du corps.<\/p>\n<\/div>\n<div class=\"product-description-baseline\">\n<p>Nettoyant doux quotidien<\/p>\n<\/div>\n<div class=\"product-description-customfield\">\n<div class=\"\">\n<p class=\"me-1\"><strong>Id\u00e9al pour :<\/strong><\/p>\n<p>S\u00e8ches, \u00e0 tendance atopique<\/p>\n<\/div>\n<div class=\"\">\n<p class=\"me-1\"><strong>Texture :<\/strong><\/p>\n<p>Gel<\/p>\n<\/div>\n<div class=\"\">\n<p class=\"me-1\"><strong>Quand ? :<\/strong><\/p>\n<p>Usage quotidien<\/p>\n<\/div>\n<div class=\"\">\n<p><strong> Nettoie en douceur et restaure le film hydrolipidique <\/strong><\/p>\n<\/div>\n<div class=\"pt-5\">\n<p><strong> Tube 200 ml ou 500 ml <\/strong><\/p>\n<\/div>\n<\/div>\n","protected":false},"featured_media":13846,"comment_status":"open","ping_status":"closed","template":"","meta":{"inline_featured_image":false,"_monsterinsights_skip_tracking":false,"_monsterinsights_sitenote_active":false,"_monsterinsights_sitenote_note":"","_monsterinsights_sitenote_category":0,"_joinchat":[]},"product_cat":[143],"product_tag":[],"class_list":{"0":"post-13845","1":"product","2":"type-product","3":"status-publish","4":"has-post-thumbnail","6":"product_cat-acm","8":"first","9":"instock","10":"shipping-taxable","11":"purchasable","12":"product-type-simple","13":"add-to-wishlist-after_add_to_cart"},"aioseo_notices":[],"_links":{"self":[{"href":"https:\/\/pararepublique.com\/index.php\/wp-json\/wp\/v2\/product\/13845","targetHints":{"allow":["GET"]}}],"collection":[{"href":"https:\/\/pararepublique.com\/index.php\/wp-json\/wp\/v2\/product"}],"about":[{"href":"https:\/\/pararepublique.com\/index.php\/wp-json\/wp\/v2\/types\/product"}],"replies":[{"embeddable":true,"href":"https:\/\/pararepublique.com\/index.php\/wp-json\/wp\/v2\/comments?post=13845"}],"version-history":[{"count":1,"href":"https:\/\/pararepublique.com\/index.php\/wp-json\/wp\/v2\/product\/13845\/revisions"}],"predecessor-version":[{"id":13847,"href":"https:\/\/pararepublique.com\/index.php\/wp-json\/wp\/v2\/product\/13845\/revisions\/13847"}],"wp:featuredmedia":[{"embeddable":true,"href":"https:\/\/pararepublique.com\/index.php\/wp-json\/wp\/v2\/media\/13846"}],"wp:attachment":[{"href":"https:\/\/pararepublique.com\/index.php\/wp-json\/wp\/v2\/media?parent=13845"}],"wp:term":[{"taxonomy":"product_cat","embeddable":true,"href":"https:\/\/pararepublique.com\/index.php\/wp-json\/wp\/v2\/product_cat?post=13845"},{"taxonomy":"product_tag","embeddable":true,"href":"https:\/\/pararepublique.com\/index.php\/wp-json\/wp\/v2\/product_tag?post=13845"}],"curies":[{"name":"wp","href":"https:\/\/api.w.org\/{rel}","templated":true}]}}