{"id":13855,"date":"2024-11-25T11:15:49","date_gmt":"2024-11-25T11:15:49","guid":{"rendered":"https:\/\/pararepublique.com\/?post_type=product&#038;p=13855"},"modified":"2024-11-25T11:15:50","modified_gmt":"2024-11-25T11:15:50","slug":"deodorant-bio-aloe-vera","status":"publish","type":"product","link":"https:\/\/pararepublique.com\/index.php\/product\/deodorant-bio-aloe-vera\/","title":{"rendered":"DEODORANT BIO ALOE VERA"},"content":{"rendered":"<p>Actifs-cl\u00e9s : Probiotiques : d\u00e9riv\u00e9 de Lactobacillus acidophilus, une bact\u00e9rie probiotique traditionnellement utilis\u00e9e pour fermenter le lait en yaourt, ce ferment fabrique des bact\u00e9riocines : peptides uniques aux propri\u00e9t\u00e9s antimicrobiennes \u00e0 large spectre et hydratantes. Glycolipide issu du bl\u00e9 : produit par fermentation avec le Candida Bombicola, il agit sur les microorganismes responsables des mauvaises odeurs en pr\u00e9venant la prolif\u00e9ration bact\u00e9rienne (Coryne bacterium Xerosis). Triethyl Citrate : actif obtenu par fermentation de mati\u00e8res v\u00e9g\u00e9tales (canne \u00e0 sucre et ma\u00efs), il est connu pour inhiber la d\u00e9composition enzymatique des constituants de la sueur et pr\u00e9venir ainsi la formation d\u2019odeur. Sans s\u2019opposer \u00e0 l\u2019\u00e9vacuation des secr\u00e9tions naturelles de l\u2019organisme, il r\u00e9gule le pH cutan\u00e9. Efficacit\u00e9 d\u00e9odorante 48H prouv\u00e9e via Sniff Test. Gel d\u2019Aloe vera bio est connu pour sa richesse en acides amin\u00e9s, min\u00e9raux et vitamines qui lui conf\u00e8rent d&rsquo;incroyables vertus pour la peau : hydratantes, apaisantes, antioxydantes et r\u00e9g\u00e9n\u00e9rantes. Celui-ci est compos\u00e9 de : Polysaccharides (gainage et nutrition de la peau) Glycoprot\u00e9ines et acides amin\u00e9s r\u00e9g\u00e9n\u00e9rants des tissus cutan\u00e9s Vitamines C, B1, B2, B3, B6, B9, B12, E et min\u00e9raux (Mg, Ca, P, K, Na, Zn) qui aident \u00e0 remin\u00e9raliser et cicatriser de la peau Saponines aux propri\u00e9t\u00e9s nettoyantes et purifiantes Extraits de Gingembre &amp; Menthe poivr\u00e9e : sensation de fra\u00eecheur \u00e0 l\u2019application. Extrait de bulbe de Narcisse : retarde significativement la pousse du poil en prolongeant l\u2019\u00e9tat de dormance des cellules responsables de la croissance pileuse.<\/p>\n","protected":false},"excerpt":{"rendered":"<p>Concentr\u00e9 en actifs antibact\u00e9riens, ce d\u00e9odorant limite les mauvaises odeurs. Il associe des extraits d&rsquo;Aloe Vera, Menthe Poivr\u00e9e et Gingembre pour une sensation de fraicheur et des aisselles apais\u00e9es. Le + : un extrait de Narcisse qui ralentit la pousse du poil \u2013 id\u00e9al pour les aisselles. Roll-on : 50 ml<\/p>\n","protected":false},"featured_media":13856,"comment_status":"open","ping_status":"closed","template":"","meta":{"inline_featured_image":false,"_monsterinsights_skip_tracking":false,"_monsterinsights_sitenote_active":false,"_monsterinsights_sitenote_note":"","_monsterinsights_sitenote_category":0,"_joinchat":[]},"product_cat":[145],"product_tag":[],"class_list":{"0":"post-13855","1":"product","2":"type-product","3":"status-publish","4":"has-post-thumbnail","6":"product_cat-roges-cavalles","8":"first","9":"instock","10":"shipping-taxable","11":"purchasable","12":"product-type-simple","13":"add-to-wishlist-after_add_to_cart"},"aioseo_notices":[],"_links":{"self":[{"href":"https:\/\/pararepublique.com\/index.php\/wp-json\/wp\/v2\/product\/13855","targetHints":{"allow":["GET"]}}],"collection":[{"href":"https:\/\/pararepublique.com\/index.php\/wp-json\/wp\/v2\/product"}],"about":[{"href":"https:\/\/pararepublique.com\/index.php\/wp-json\/wp\/v2\/types\/product"}],"replies":[{"embeddable":true,"href":"https:\/\/pararepublique.com\/index.php\/wp-json\/wp\/v2\/comments?post=13855"}],"version-history":[{"count":1,"href":"https:\/\/pararepublique.com\/index.php\/wp-json\/wp\/v2\/product\/13855\/revisions"}],"predecessor-version":[{"id":13857,"href":"https:\/\/pararepublique.com\/index.php\/wp-json\/wp\/v2\/product\/13855\/revisions\/13857"}],"wp:featuredmedia":[{"embeddable":true,"href":"https:\/\/pararepublique.com\/index.php\/wp-json\/wp\/v2\/media\/13856"}],"wp:attachment":[{"href":"https:\/\/pararepublique.com\/index.php\/wp-json\/wp\/v2\/media?parent=13855"}],"wp:term":[{"taxonomy":"product_cat","embeddable":true,"href":"https:\/\/pararepublique.com\/index.php\/wp-json\/wp\/v2\/product_cat?post=13855"},{"taxonomy":"product_tag","embeddable":true,"href":"https:\/\/pararepublique.com\/index.php\/wp-json\/wp\/v2\/product_tag?post=13855"}],"curies":[{"name":"wp","href":"https:\/\/api.w.org\/{rel}","templated":true}]}}