{"id":13858,"date":"2024-11-25T11:21:48","date_gmt":"2024-11-25T11:21:48","guid":{"rendered":"https:\/\/pararepublique.com\/?post_type=product&#038;p=13858"},"modified":"2024-11-25T11:49:11","modified_gmt":"2024-11-25T11:49:11","slug":"deodorant-bio-huile-coco","status":"publish","type":"product","link":"https:\/\/pararepublique.com\/index.php\/product\/deodorant-bio-huile-coco\/","title":{"rendered":"DEODORANT BIO HUILE COCO"},"content":{"rendered":"<p>Le d\u00e9odorant soin PROTECTION SO&rsquo;BiO \u00e9tic\u00ae, enrichi en poudre v\u00e9g\u00e9tale absorbante, garantit une efficacit\u00e9 24H sans bloquer le processus naturel de transpiration. 0% d&rsquo;alcool et \u00e0 99 % d&rsquo;origine naturelle, sa formule soin \u00e0 base d&rsquo;huile de Coco bio aux propri\u00e9t\u00e9s nourrissantes et protectrices, neutralise les odeurs corporelles. &#8211; PEAUX S\u00c8CHES \u00c0 SENSIBLES &#8211; TEST\u00c9 DERMATOLOGIQUEMENT S\u00e9chage rapide Efficacit\u00e9 24H Anti-traces 0% d&rsquo;alcool L\u2019HUILE DE COCO SO\u2019BiO \u00e9tic\u00ae a s\u00e9lectionn\u00e9 une huile de coco vierge extraite \u00e0 froid en provenance d&rsquo;Asie du Sud. Pour les cheveux comme pour le corps, l\u2019huile de coco a de nombreuses propri\u00e9t\u00e9s : elle nourrit la peau, et gaine et fortifie la chevelure.<\/p>\n<hr \/>\n","protected":false},"excerpt":{"rendered":"<p>Le d\u00e9odorant soin PROTECTION SO&rsquo;BiO \u00e9tic\u00ae, enrichi en poudre v\u00e9g\u00e9tale absorbante, garantit une efficacit\u00e9 24H sans bloquer le processus naturel de transpiration. &#8211; PEAUX S\u00c8CHES \u00c0 SENSIBLES &#8211;<\/p>\n","protected":false},"featured_media":13872,"comment_status":"open","ping_status":"closed","template":"","meta":{"inline_featured_image":false,"_monsterinsights_skip_tracking":false,"_monsterinsights_sitenote_active":false,"_monsterinsights_sitenote_note":"","_monsterinsights_sitenote_category":0,"_joinchat":[]},"product_cat":[145],"product_tag":[],"class_list":{"0":"post-13858","1":"product","2":"type-product","3":"status-publish","4":"has-post-thumbnail","6":"product_cat-roges-cavalles","8":"first","9":"instock","10":"shipping-taxable","11":"purchasable","12":"product-type-simple","13":"add-to-wishlist-after_add_to_cart"},"aioseo_notices":[],"_links":{"self":[{"href":"https:\/\/pararepublique.com\/index.php\/wp-json\/wp\/v2\/product\/13858","targetHints":{"allow":["GET"]}}],"collection":[{"href":"https:\/\/pararepublique.com\/index.php\/wp-json\/wp\/v2\/product"}],"about":[{"href":"https:\/\/pararepublique.com\/index.php\/wp-json\/wp\/v2\/types\/product"}],"replies":[{"embeddable":true,"href":"https:\/\/pararepublique.com\/index.php\/wp-json\/wp\/v2\/comments?post=13858"}],"version-history":[{"count":1,"href":"https:\/\/pararepublique.com\/index.php\/wp-json\/wp\/v2\/product\/13858\/revisions"}],"predecessor-version":[{"id":13860,"href":"https:\/\/pararepublique.com\/index.php\/wp-json\/wp\/v2\/product\/13858\/revisions\/13860"}],"wp:featuredmedia":[{"embeddable":true,"href":"https:\/\/pararepublique.com\/index.php\/wp-json\/wp\/v2\/media\/13872"}],"wp:attachment":[{"href":"https:\/\/pararepublique.com\/index.php\/wp-json\/wp\/v2\/media?parent=13858"}],"wp:term":[{"taxonomy":"product_cat","embeddable":true,"href":"https:\/\/pararepublique.com\/index.php\/wp-json\/wp\/v2\/product_cat?post=13858"},{"taxonomy":"product_tag","embeddable":true,"href":"https:\/\/pararepublique.com\/index.php\/wp-json\/wp\/v2\/product_tag?post=13858"}],"curies":[{"name":"wp","href":"https:\/\/api.w.org\/{rel}","templated":true}]}}