{"id":13861,"date":"2024-11-25T11:31:40","date_gmt":"2024-11-25T11:31:40","guid":{"rendered":"https:\/\/pararepublique.com\/?post_type=product&#038;p=13861"},"modified":"2024-11-25T11:31:40","modified_gmt":"2024-11-25T11:31:40","slug":"deodorant-bio-loreal-men-expert","status":"publish","type":"product","link":"https:\/\/pararepublique.com\/index.php\/product\/deodorant-bio-loreal-men-expert\/","title":{"rendered":"DEODORANT BIO L&rsquo;OREAL MEN EXPERT"},"content":{"rendered":"<div id=\"collapseFour\" class=\"collapse in\" aria-labelledby=\"headingFour\" data-parent=\"#accordion\" aria-expanded=\"true\">\n<div class=\"card-body\">\n<p>Prot\u00e8ge vos v\u00eatements des traces jaunes, traces blanches, aur\u00e9oles et de l&rsquo;effet cartonn\u00e9.<\/p>\n<p>Efficacit\u00e9 anti-transpirante 48h et protection des v\u00eatements lavage apr\u00e8s lavage.<\/p>\n<p><strong>Conseil d&rsquo;application<\/strong> : Bien agiter avant chaque utilisation et vaporiser \u00e0 15 cm des aisselles. En cas de bouchage, rincer le diffuseur \u00e0 l&rsquo;eau chaude.<\/p>\n<p><strong>Ingr\u00e9dients<\/strong> :\u00a0BUTANE \u2022 AQUA \/ WATER \u2022 DIMETHICONE \u2022 ALUMINUM CHLOROHYDRATE \u2022 PARFUM \/ FRAGRANCE \u2022 TETRASODIUM GLUTAMATE DIACETATE \u2022 TOCOPHEROL \u2022 DIMETHICONOL \u2022 LAURYL PEG-9 POLYDIMETHYLSILOXYETHYL DIMETHICONE \u2022 CITRAL \u2022 CITRONELLOL \u2022 COUMARIN \u2022 HEXYL CINNAMAL \u2022 LIMONENE \u2022 LINALOOL \u2022 PHENOXYETHANOL.<\/p>\n<p>A\u00e9rosol extr\u00eamement inflammable. R\u00e9cipient sous pression : peut \u00e9clater sous l&rsquo;effet de la chaleur. Tenir \u00e0 l&rsquo;\u00e9cart de la chaleur, des surfaces chaudes, des \u00e9tincelles, des flammes nues et de toute autre source d&rsquo;ignition. Ne pas perforer, ni br\u00fbler, m\u00eame apr\u00e8s usage. Prot\u00e9ger du rayonnement solaire. Ne pas exposer \u00e0 une temp\u00e9rature sup\u00e9rieure \u00e0 50\u00b0C. Tenir hors de la port\u00e9e des enfants. \u00c9viter de vaporiser vers les yeux ou sur une peau irrit\u00e9e et d&rsquo;inhaler intentionnellement. Ne pas utiliser pour un usage autre que celui pour lequel le produit est destin\u00e9. Ne pas utiliser dans une atmosph\u00e8re confin\u00e9e.<\/p>\n<\/div>\n<\/div>\n<div class=\"cardbox\">\n<div id=\"headingTwo\" class=\"card-header\">\n<h2 class=\"mb-0\"><\/h2>\n<\/div>\n<\/div>\n","protected":false},"excerpt":{"rendered":"<p>D\u00e9odorant 48h de protection L&rsquo;Or\u00e9al Men Expert Shirt Protect, spray 100ml.<\/p>\n<p>&#8211; Combat 4 des types de traces, dont l&rsquo;effet cartonn\u00e9.<br \/>\n&#8211; Efficacit\u00e9 anti-transpirante 48h.<br \/>\n&#8211; Parfum tonique intense longue dur\u00e9e.<\/p>\n<p>Formule in\u00e9dite prot\u00e8gent vos v\u00eatements des traces et en pr\u00e9servent la souplesse lavage apr\u00e8s lavage. Une protection compl\u00e8te, sans que cela ne se voie !<\/p>\n","protected":false},"featured_media":13862,"comment_status":"open","ping_status":"closed","template":"","meta":{"inline_featured_image":false,"_monsterinsights_skip_tracking":false,"_monsterinsights_sitenote_active":false,"_monsterinsights_sitenote_note":"","_monsterinsights_sitenote_category":0,"_joinchat":[]},"product_cat":[145],"product_tag":[],"class_list":{"0":"post-13861","1":"product","2":"type-product","3":"status-publish","4":"has-post-thumbnail","6":"product_cat-roges-cavalles","8":"first","9":"instock","10":"shipping-taxable","11":"purchasable","12":"product-type-simple","13":"add-to-wishlist-after_add_to_cart"},"aioseo_notices":[],"_links":{"self":[{"href":"https:\/\/pararepublique.com\/index.php\/wp-json\/wp\/v2\/product\/13861","targetHints":{"allow":["GET"]}}],"collection":[{"href":"https:\/\/pararepublique.com\/index.php\/wp-json\/wp\/v2\/product"}],"about":[{"href":"https:\/\/pararepublique.com\/index.php\/wp-json\/wp\/v2\/types\/product"}],"replies":[{"embeddable":true,"href":"https:\/\/pararepublique.com\/index.php\/wp-json\/wp\/v2\/comments?post=13861"}],"version-history":[{"count":2,"href":"https:\/\/pararepublique.com\/index.php\/wp-json\/wp\/v2\/product\/13861\/revisions"}],"predecessor-version":[{"id":13864,"href":"https:\/\/pararepublique.com\/index.php\/wp-json\/wp\/v2\/product\/13861\/revisions\/13864"}],"wp:featuredmedia":[{"embeddable":true,"href":"https:\/\/pararepublique.com\/index.php\/wp-json\/wp\/v2\/media\/13862"}],"wp:attachment":[{"href":"https:\/\/pararepublique.com\/index.php\/wp-json\/wp\/v2\/media?parent=13861"}],"wp:term":[{"taxonomy":"product_cat","embeddable":true,"href":"https:\/\/pararepublique.com\/index.php\/wp-json\/wp\/v2\/product_cat?post=13861"},{"taxonomy":"product_tag","embeddable":true,"href":"https:\/\/pararepublique.com\/index.php\/wp-json\/wp\/v2\/product_tag?post=13861"}],"curies":[{"name":"wp","href":"https:\/\/api.w.org\/{rel}","templated":true}]}}