{"id":13868,"date":"2024-11-25T11:43:50","date_gmt":"2024-11-25T11:43:50","guid":{"rendered":"https:\/\/pararepublique.com\/?post_type=product&#038;p=13868"},"modified":"2024-11-25T11:43:50","modified_gmt":"2024-11-25T11:43:50","slug":"deo-roche-pierre-dalun-du-panama","status":"publish","type":"product","link":"https:\/\/pararepublique.com\/index.php\/product\/deo-roche-pierre-dalun-du-panama\/","title":{"rendered":"DEO ROCHE PIERRE D&rsquo;ALUN DU PANAMA"},"content":{"rendered":"<ul class=\"a-unordered-list a-vertical a-spacing-mini\">\n<li class=\"a-spacing-mini\"><span class=\"a-list-item\"> Un d\u00e9odorant au potassium 100% naturel : issu de la cristalisation de sels min\u00e9raux naturels &#8211; la pierre d&rsquo;alun du Panama contient des sels min\u00e9raux aux propri\u00e9t\u00e9s astringentes <\/span><\/li>\n<li class=\"a-spacing-mini\"><span class=\"a-list-item\"> Cosm\u00e9tique certifi\u00e9 BDIH : ce label garantit une production se d\u00e9roulant dans le respect de l\u2019environnement en utilisant des ingr\u00e9dients d&rsquo;origine naturelle, pour une utilisation quotidienne saine <\/span><\/li>\n<li class=\"a-spacing-mini\"><span class=\"a-list-item\"> Une formule qui fait la diff\u00e9rence : con\u00e7ue \u00e0 partir de Kalunite Pure, les sels min\u00e9raux de Potassium sont cristallis\u00e9s pour obtenir un produit sans adjuvants <\/span><\/li>\n<li class=\"a-spacing-mini\"><span class=\"a-list-item\"> Efficace pendant 24h : les sels min\u00e9raux d\u00e9riv\u00e9s de la pierre d\u2019alun sont reconnus pour leurs vertus antitranspirantes. Ils agissent sur les bact\u00e9ries qui produisent de mauvaises odeurs <\/span><\/li>\n<li class=\"a-spacing-mini\"><span class=\"a-list-item\"> Sans bisph\u00e9nol-A : emballage de 100g &#8211; on l\u2019emm\u00e8ne facilement en voyage, dans sa trousse de toilette <\/span><\/li>\n<\/ul>\n","protected":false},"excerpt":{"rendered":"<h1 id=\"title\" class=\"a-size-large a-spacing-none\"><span id=\"productTitle\" class=\"a-size-large product-title-word-break\">Potassium d\u2019Origine 100 % Naturelle \u2013 Efficace Pendant 24 heures \u2013 Sans Hydroxyde d\u2019Aluminium \u2013 100 g <\/span><\/h1>\n","protected":false},"featured_media":13870,"comment_status":"open","ping_status":"closed","template":"","meta":{"inline_featured_image":false,"_monsterinsights_skip_tracking":false,"_monsterinsights_sitenote_active":false,"_monsterinsights_sitenote_note":"","_monsterinsights_sitenote_category":0,"_joinchat":[]},"product_cat":[145],"product_tag":[],"class_list":{"0":"post-13868","1":"product","2":"type-product","3":"status-publish","4":"has-post-thumbnail","6":"product_cat-roges-cavalles","8":"first","9":"instock","10":"shipping-taxable","11":"purchasable","12":"product-type-simple","13":"add-to-wishlist-after_add_to_cart"},"aioseo_notices":[],"_links":{"self":[{"href":"https:\/\/pararepublique.com\/index.php\/wp-json\/wp\/v2\/product\/13868","targetHints":{"allow":["GET"]}}],"collection":[{"href":"https:\/\/pararepublique.com\/index.php\/wp-json\/wp\/v2\/product"}],"about":[{"href":"https:\/\/pararepublique.com\/index.php\/wp-json\/wp\/v2\/types\/product"}],"replies":[{"embeddable":true,"href":"https:\/\/pararepublique.com\/index.php\/wp-json\/wp\/v2\/comments?post=13868"}],"version-history":[{"count":1,"href":"https:\/\/pararepublique.com\/index.php\/wp-json\/wp\/v2\/product\/13868\/revisions"}],"predecessor-version":[{"id":13871,"href":"https:\/\/pararepublique.com\/index.php\/wp-json\/wp\/v2\/product\/13868\/revisions\/13871"}],"wp:featuredmedia":[{"embeddable":true,"href":"https:\/\/pararepublique.com\/index.php\/wp-json\/wp\/v2\/media\/13870"}],"wp:attachment":[{"href":"https:\/\/pararepublique.com\/index.php\/wp-json\/wp\/v2\/media?parent=13868"}],"wp:term":[{"taxonomy":"product_cat","embeddable":true,"href":"https:\/\/pararepublique.com\/index.php\/wp-json\/wp\/v2\/product_cat?post=13868"},{"taxonomy":"product_tag","embeddable":true,"href":"https:\/\/pararepublique.com\/index.php\/wp-json\/wp\/v2\/product_tag?post=13868"}],"curies":[{"name":"wp","href":"https:\/\/api.w.org\/{rel}","templated":true}]}}