{"id":13877,"date":"2024-11-25T12:03:30","date_gmt":"2024-11-25T12:03:30","guid":{"rendered":"https:\/\/pararepublique.com\/?post_type=product&#038;p=13877"},"modified":"2024-11-25T12:03:30","modified_gmt":"2024-11-25T12:03:30","slug":"respire-deodorant-menthe-eucal","status":"publish","type":"product","link":"https:\/\/pararepublique.com\/index.php\/product\/respire-deodorant-menthe-eucal\/","title":{"rendered":"RESPIRE DEODORANT MENTHE EUCAL"},"content":{"rendered":"<p>Ce d\u00e9odorant, au format stick (contrairement au premier d\u00e9odorant Respire qui est au format roll-on), est le fruit de 18 mois de recherche et d\u00e9veloppement au sein d\u2019un laboratoire fran\u00e7ais, pour mettre au point le d\u00e9odorant le plus abouti du march\u00e9 : une efficacit\u00e9 48h approuv\u00e9e par un laboratoire ind\u00e9pendant, une formule totalement clean avec 100% des ingr\u00e9dients d\u2019origine naturelle et certifi\u00e9e BIO + Vegan, un packaging z\u00e9ro plastique en carton recyclable et une production fran\u00e7aise.<br \/>\nCompos\u00e9 d&rsquo;huile de Tournesol : un alli\u00e9 indispensable pour le confort de la peau pendant l&rsquo;application, de l&rsquo;Hydroxyde de Magnesium et du Triethyle Citrate : des anti-odeurs de comp\u00e9tition pour rester frais toute la journ\u00e9e.<\/p>\n<p>Conseils d&rsquo;utilisation : Poussez le fond du tube avec votre doigt et appliquez sur les aisselles propres et saines. A conserver dans un endroit frais et sec.<\/p>\n","protected":false},"excerpt":{"rendered":"<p>D\u00e9couvrez une solution \u00e0 l&rsquo;efficacit\u00e9 prouv\u00e9e, offrant **48 heures de protection contre les odeurs** et l&rsquo;humidit\u00e9. Ce d\u00e9odorant se distingue par une formule **100% clean** et un parfum frais et tonique qui vous accompagne tout au long de la journ\u00e9e.<\/p>\n","protected":false},"featured_media":13878,"comment_status":"open","ping_status":"closed","template":"","meta":{"inline_featured_image":false,"_monsterinsights_skip_tracking":false,"_monsterinsights_sitenote_active":false,"_monsterinsights_sitenote_note":"","_monsterinsights_sitenote_category":0,"_joinchat":[]},"product_cat":[145],"product_tag":[],"class_list":{"0":"post-13877","1":"product","2":"type-product","3":"status-publish","4":"has-post-thumbnail","6":"product_cat-roges-cavalles","8":"first","9":"instock","10":"shipping-taxable","11":"purchasable","12":"product-type-simple","13":"add-to-wishlist-after_add_to_cart"},"aioseo_notices":[],"_links":{"self":[{"href":"https:\/\/pararepublique.com\/index.php\/wp-json\/wp\/v2\/product\/13877","targetHints":{"allow":["GET"]}}],"collection":[{"href":"https:\/\/pararepublique.com\/index.php\/wp-json\/wp\/v2\/product"}],"about":[{"href":"https:\/\/pararepublique.com\/index.php\/wp-json\/wp\/v2\/types\/product"}],"replies":[{"embeddable":true,"href":"https:\/\/pararepublique.com\/index.php\/wp-json\/wp\/v2\/comments?post=13877"}],"version-history":[{"count":2,"href":"https:\/\/pararepublique.com\/index.php\/wp-json\/wp\/v2\/product\/13877\/revisions"}],"predecessor-version":[{"id":13880,"href":"https:\/\/pararepublique.com\/index.php\/wp-json\/wp\/v2\/product\/13877\/revisions\/13880"}],"wp:featuredmedia":[{"embeddable":true,"href":"https:\/\/pararepublique.com\/index.php\/wp-json\/wp\/v2\/media\/13878"}],"wp:attachment":[{"href":"https:\/\/pararepublique.com\/index.php\/wp-json\/wp\/v2\/media?parent=13877"}],"wp:term":[{"taxonomy":"product_cat","embeddable":true,"href":"https:\/\/pararepublique.com\/index.php\/wp-json\/wp\/v2\/product_cat?post=13877"},{"taxonomy":"product_tag","embeddable":true,"href":"https:\/\/pararepublique.com\/index.php\/wp-json\/wp\/v2\/product_tag?post=13877"}],"curies":[{"name":"wp","href":"https:\/\/api.w.org\/{rel}","templated":true}]}}