{"id":13890,"date":"2024-11-25T12:23:31","date_gmt":"2024-11-25T12:23:31","guid":{"rendered":"https:\/\/pararepublique.com\/?post_type=product&#038;p=13890"},"modified":"2024-11-25T12:23:31","modified_gmt":"2024-11-25T12:23:31","slug":"roge-cavailles-deo-homme-spray-fraicheur","status":"publish","type":"product","link":"https:\/\/pararepublique.com\/index.php\/product\/roge-cavailles-deo-homme-spray-fraicheur\/","title":{"rendered":"ROGE CAVAILLES DEO HOMME SPRAY FRAICHEUR"},"content":{"rendered":"<p>Une <b>PEAU respect\u00e9e et prot\u00e9g\u00e9e<\/b> : enrichi en surgras v\u00e9g\u00e9tal pro-r\u00e9g\u00e9n\u00e9rant\u00ae et en actifs ultra-absorbants, ce d\u00e9odorant sans alcool pr\u00e9vient efficacement les pics de transpiration.<\/p>\n<p>&#8211; Un moment de <b>BIEN-\u00caTRE<\/b> gr\u00e2ce \u00e0 son parfum frais aux notes menthol\u00e9es et musqu\u00e9es, apportant une agr\u00e9able sensation de fra\u00eecheur.<\/p>\n<p>&#8211; Un geste pour la <b>PLAN\u00c8TE<\/b> avec son flacon en aluminium recyclable, contribuant \u00e0 la r\u00e9duction des d\u00e9chets.<\/p>\n<hr \/>\n","protected":false},"excerpt":{"rendered":"<p>Rog\u00e9 Cavaill\u00e8s D\u00e9odorants Homme 48 Heures Anti Transpirant Spray 2x150Ml<\/p>\n","protected":false},"featured_media":13891,"comment_status":"open","ping_status":"closed","template":"","meta":{"inline_featured_image":false,"_monsterinsights_skip_tracking":false,"_monsterinsights_sitenote_active":false,"_monsterinsights_sitenote_note":"","_monsterinsights_sitenote_category":0,"_joinchat":[]},"product_cat":[145],"product_tag":[],"class_list":{"0":"post-13890","1":"product","2":"type-product","3":"status-publish","4":"has-post-thumbnail","6":"product_cat-roges-cavalles","8":"first","9":"instock","10":"shipping-taxable","11":"purchasable","12":"product-type-simple","13":"add-to-wishlist-after_add_to_cart"},"aioseo_notices":[],"_links":{"self":[{"href":"https:\/\/pararepublique.com\/index.php\/wp-json\/wp\/v2\/product\/13890","targetHints":{"allow":["GET"]}}],"collection":[{"href":"https:\/\/pararepublique.com\/index.php\/wp-json\/wp\/v2\/product"}],"about":[{"href":"https:\/\/pararepublique.com\/index.php\/wp-json\/wp\/v2\/types\/product"}],"replies":[{"embeddable":true,"href":"https:\/\/pararepublique.com\/index.php\/wp-json\/wp\/v2\/comments?post=13890"}],"version-history":[{"count":1,"href":"https:\/\/pararepublique.com\/index.php\/wp-json\/wp\/v2\/product\/13890\/revisions"}],"predecessor-version":[{"id":13892,"href":"https:\/\/pararepublique.com\/index.php\/wp-json\/wp\/v2\/product\/13890\/revisions\/13892"}],"wp:featuredmedia":[{"embeddable":true,"href":"https:\/\/pararepublique.com\/index.php\/wp-json\/wp\/v2\/media\/13891"}],"wp:attachment":[{"href":"https:\/\/pararepublique.com\/index.php\/wp-json\/wp\/v2\/media?parent=13890"}],"wp:term":[{"taxonomy":"product_cat","embeddable":true,"href":"https:\/\/pararepublique.com\/index.php\/wp-json\/wp\/v2\/product_cat?post=13890"},{"taxonomy":"product_tag","embeddable":true,"href":"https:\/\/pararepublique.com\/index.php\/wp-json\/wp\/v2\/product_tag?post=13890"}],"curies":[{"name":"wp","href":"https:\/\/api.w.org\/{rel}","templated":true}]}}