{"id":13896,"date":"2024-11-25T12:46:07","date_gmt":"2024-11-25T12:46:07","guid":{"rendered":"https:\/\/pararepublique.com\/?post_type=product&#038;p=13896"},"modified":"2024-11-25T12:46:07","modified_gmt":"2024-11-25T12:46:07","slug":"roge-cavailles-deo-soin-roll-on-homme-50ml","status":"publish","type":"product","link":"https:\/\/pararepublique.com\/index.php\/product\/roge-cavailles-deo-soin-roll-on-homme-50ml\/","title":{"rendered":"ROGE CAVAILLES DEO SOIN ROLL ON HOMME 50ML"},"content":{"rendered":"<div class=\"accordion collapse show\">\n<div class=\"accordion-body\">\n<div class=\"wysiwyg\">\n<p>Sp\u00e9cialement pour vous les hommes. Adapt\u00e9 \u00e0 TOUTES les aisselles, m\u00eame les plus sensibles.<\/p>\n<\/div>\n<\/div>\n<\/div>\n<div class=\"accordion collapse show\">\n<div class=\"accordion-header\">\n<h3 class=\"mb-0\"><a class=\"\" href=\"https:\/\/www.xn--cavaills-70a.fr\/produits\/deodorant-dermato-anti-odeurs-homme-roll-on\/#\">Conseils d\u2019utilisation<\/a><\/h3>\n<\/div>\n<div class=\"accordion-body\">\n<div class=\"wysiwyg\">\n<p>Ce d\u00e9odorant s&rsquo;applique au quotidien sur des aisselles propres et s\u00e8ches. Pensez \u00e0 laisser s\u00e9cher quelques instants avant de vous habiller.<\/p>\n<\/div>\n<\/div>\n<\/div>\n<div class=\"accordion collapse show\">\n<div class=\"accordion-header\">\n<h3 class=\"mb-0\"><a class=\"\" href=\"https:\/\/www.xn--cavaills-70a.fr\/produits\/deodorant-dermato-anti-odeurs-homme-roll-on\/#\">Composition du produit<\/a><\/h3>\n<\/div>\n<\/div>\n<p>Aqua, Glycerin, Triethyl Citrate, Polyglyceryl-6 Stearate, Parfum, Cetearyl Alcohol, Prunus Amygdalus Dulcis Oil, Glyceryl Oleate, Polyglyceryl-6 Behenate, Glyceryl Stearate, 2-Methyl 5-Cyclohexylpentanol, Tocopheryl Acetate, C18-22 Hydroxyalkyl Hydroxypropyl Guar, Sodium Hydroxide, Levulinic Acid, Sorbic Acid, Benzoic Acid, o-Cymen-5-ol, Undecylenoyl Glycine, Capryloyl Glycine, Oryza Sativa Bran Oil, Bisabolol.<\/p>\n","protected":false},"excerpt":{"rendered":"<p>Ce d\u00e9odorant homme roll-on allie efficacit\u00e9 et douceur, sans compromis.<\/p>\n<p>\u2013 Une PEAU respect\u00e9e et prot\u00e9g\u00e9e : Renfermant du surgras v\u00e9g\u00e9tal pro-r\u00e9g\u00e9n\u00e9rant\u00ae et de l\u2019huile de riz apaisante, notre formule compos\u00e9e \u00e0 97% d\u2019ingr\u00e9dients d\u2019origine naturelle et sans alcool prot\u00e8ge efficacement contre les mauvaises odeurs.<\/p>\n<p>\u2013 Un moment de BIEN-\u00caTRE gr\u00e2ce \u00e0 son parfum doux aux notes de citron et de romarin.<\/p>\n<p>\u2013 Un geste pour la PLAN\u00c8TE avec son flacon 100% en plastique recycl\u00e9 &amp; recyclable*.<\/p>\n","protected":false},"featured_media":13897,"comment_status":"open","ping_status":"closed","template":"","meta":{"inline_featured_image":false,"_monsterinsights_skip_tracking":false,"_monsterinsights_sitenote_active":false,"_monsterinsights_sitenote_note":"","_monsterinsights_sitenote_category":0,"_joinchat":[]},"product_cat":[145],"product_tag":[],"class_list":{"0":"post-13896","1":"product","2":"type-product","3":"status-publish","4":"has-post-thumbnail","6":"product_cat-roges-cavalles","8":"first","9":"instock","10":"shipping-taxable","11":"purchasable","12":"product-type-simple","13":"add-to-wishlist-after_add_to_cart"},"aioseo_notices":[],"_links":{"self":[{"href":"https:\/\/pararepublique.com\/index.php\/wp-json\/wp\/v2\/product\/13896","targetHints":{"allow":["GET"]}}],"collection":[{"href":"https:\/\/pararepublique.com\/index.php\/wp-json\/wp\/v2\/product"}],"about":[{"href":"https:\/\/pararepublique.com\/index.php\/wp-json\/wp\/v2\/types\/product"}],"replies":[{"embeddable":true,"href":"https:\/\/pararepublique.com\/index.php\/wp-json\/wp\/v2\/comments?post=13896"}],"version-history":[{"count":1,"href":"https:\/\/pararepublique.com\/index.php\/wp-json\/wp\/v2\/product\/13896\/revisions"}],"predecessor-version":[{"id":13898,"href":"https:\/\/pararepublique.com\/index.php\/wp-json\/wp\/v2\/product\/13896\/revisions\/13898"}],"wp:featuredmedia":[{"embeddable":true,"href":"https:\/\/pararepublique.com\/index.php\/wp-json\/wp\/v2\/media\/13897"}],"wp:attachment":[{"href":"https:\/\/pararepublique.com\/index.php\/wp-json\/wp\/v2\/media?parent=13896"}],"wp:term":[{"taxonomy":"product_cat","embeddable":true,"href":"https:\/\/pararepublique.com\/index.php\/wp-json\/wp\/v2\/product_cat?post=13896"},{"taxonomy":"product_tag","embeddable":true,"href":"https:\/\/pararepublique.com\/index.php\/wp-json\/wp\/v2\/product_tag?post=13896"}],"curies":[{"name":"wp","href":"https:\/\/api.w.org\/{rel}","templated":true}]}}