{"id":13919,"date":"2024-11-26T12:16:12","date_gmt":"2024-11-26T12:16:12","guid":{"rendered":"https:\/\/pararepublique.com\/?post_type=product&#038;p=13919"},"modified":"2024-11-26T12:16:13","modified_gmt":"2024-11-26T12:16:13","slug":"oge-cavailles-mycolea-soin-intime-200ml","status":"publish","type":"product","link":"https:\/\/pararepublique.com\/index.php\/product\/oge-cavailles-mycolea-soin-intime-200ml\/","title":{"rendered":"OGE CAVAILLES MYCOLEA SOIN INTIME 200ML"},"content":{"rendered":"<p>D\u00e9velopp\u00e9e avec des gyn\u00e9cologues, le Soin Toilette Intime Mycolea+TM combat efficacement les d\u00e9mangeaisons intimes. Un partenaire efficace et tout en douceur de votre bien-\u00eatre intime. Avec un confort r\u00e9g\u00e9n\u00e9rant assur\u00e9 au quotidien !<\/p>\n<p>MODE D\u2019EMPLOI<\/p>\n<p>Utilisez ce produit Toilette Intime contre les d\u00e9mangeaisons comme un savon liquide, d\u00e8s le d\u00e9but des d\u00e9mangeaisons intimes. Ceci, pendant 15 jours, une \u00e0 deux fois par jour. Pour un r\u00e9sultat optimal en p\u00e9riodes d\u2019irritations intimes, utilisez en compl\u00e9ment la Cr\u00e8me Intime Apaisante Mycolea+<\/p>\n<p>INGR\u00c9DIENTS<\/p>\n<p>Aqua, Cocamidopropyl Betaine, PEG-80 Hydrogenated Glyceryl Palmate, PEG-120 Methyl Glucose Dioleate, Glycerin, Decyl Glucoside, Sodium Lauroyl Sarcosinate, Polysorbate 20, Calendula Officinalis Flower Extract, Parfum, Potassium Olivoyl Hydrolyzed Oat Protein, Cocamide MEA, Tetrahydrodiferuloylmethane Pullulan, PEG-6 Caprylic\/Capric Glycerides, Hydroxyphenyl Propamidobenzoic Acid, Caesalpinia Spinosa Gum, Tetrasodium Glutamate Diacetate, Azadirachta Indica Leaf Extract, Butylene Glycol, Pentylene Glycol, Imidazolidinyl Urea, Sodium Hydroxide, Sodium Benzoate, Potassium Sorbate.<\/p>\n","protected":false},"excerpt":{"rendered":"<p>Un soulagement imm\u00e9diat et jusqu\u2019\u00e0 24 heures des d\u00e9mangeaisons intimes !<br \/>\nD\u00e9velopp\u00e9 avec des gyn\u00e9cologues, le soin toilette intime Mycolea+TM procure une action imm\u00e9diate et durable jusqu\u2019\u00e0 24 heures* pour soulager des d\u00e9mangeaisons intimes.<\/p>\n<p>Avec son complexe exclusif (anti-fongique d\u2019origine naturelle et calendula encapsul\u00e9), il aide \u00e0 calmer efficacement les muqueuses irrit\u00e9es et \u00e0 r\u00e9tablir le bien-\u00eatre intime.<\/p>\n<p>*Etude clinique, r\u00e9alis\u00e9e sur 22 femmes ayant les muqueuses irrit\u00e9es : auto-\u00e9valuation, d\u00e9clarant un soulagement imm\u00e9diat et jusqu\u2019\u00e0 24 heures apr\u00e8s application, apr\u00e8s 7 jours d\u2019utilisation.<\/p>\n","protected":false},"featured_media":13920,"comment_status":"open","ping_status":"closed","template":"","meta":{"inline_featured_image":false,"_monsterinsights_skip_tracking":false,"_monsterinsights_sitenote_active":false,"_monsterinsights_sitenote_note":"","_monsterinsights_sitenote_category":0,"_joinchat":[]},"product_cat":[145],"product_tag":[],"class_list":{"0":"post-13919","1":"product","2":"type-product","3":"status-publish","4":"has-post-thumbnail","6":"product_cat-roges-cavalles","8":"first","9":"instock","10":"shipping-taxable","11":"purchasable","12":"product-type-simple","13":"add-to-wishlist-after_add_to_cart"},"aioseo_notices":[],"_links":{"self":[{"href":"https:\/\/pararepublique.com\/index.php\/wp-json\/wp\/v2\/product\/13919","targetHints":{"allow":["GET"]}}],"collection":[{"href":"https:\/\/pararepublique.com\/index.php\/wp-json\/wp\/v2\/product"}],"about":[{"href":"https:\/\/pararepublique.com\/index.php\/wp-json\/wp\/v2\/types\/product"}],"replies":[{"embeddable":true,"href":"https:\/\/pararepublique.com\/index.php\/wp-json\/wp\/v2\/comments?post=13919"}],"version-history":[{"count":1,"href":"https:\/\/pararepublique.com\/index.php\/wp-json\/wp\/v2\/product\/13919\/revisions"}],"predecessor-version":[{"id":13921,"href":"https:\/\/pararepublique.com\/index.php\/wp-json\/wp\/v2\/product\/13919\/revisions\/13921"}],"wp:featuredmedia":[{"embeddable":true,"href":"https:\/\/pararepublique.com\/index.php\/wp-json\/wp\/v2\/media\/13920"}],"wp:attachment":[{"href":"https:\/\/pararepublique.com\/index.php\/wp-json\/wp\/v2\/media?parent=13919"}],"wp:term":[{"taxonomy":"product_cat","embeddable":true,"href":"https:\/\/pararepublique.com\/index.php\/wp-json\/wp\/v2\/product_cat?post=13919"},{"taxonomy":"product_tag","embeddable":true,"href":"https:\/\/pararepublique.com\/index.php\/wp-json\/wp\/v2\/product_tag?post=13919"}],"curies":[{"name":"wp","href":"https:\/\/api.w.org\/{rel}","templated":true}]}}