{"id":13936,"date":"2024-11-26T12:54:08","date_gmt":"2024-11-26T12:54:08","guid":{"rendered":"https:\/\/pararepublique.com\/?post_type=product&#038;p=13936"},"modified":"2024-11-26T12:54:08","modified_gmt":"2024-11-26T12:54:08","slug":"roge-cavailles-lait-onctueux-corps-500ml","status":"publish","type":"product","link":"https:\/\/pararepublique.com\/index.php\/product\/roge-cavailles-lait-onctueux-corps-500ml\/","title":{"rendered":"ROGE CAVAILLES LAIT ONCTUEUX CORPS 500ML"},"content":{"rendered":"<div id=\"tab-description\" class=\"woocommerce-Tabs-panel woocommerce-Tabs-panel--description panel entry-content wc-tab\" role=\"tabpanel\" aria-labelledby=\"tab-title-description\">\n<h2>Description<\/h2>\n<p>\u2022 Pour TOUTES LES PEAUX : Renfermant du surgras v\u00e9g\u00e9tal pro-r\u00e9g\u00e9n\u00e9rant\u00ae et de l\u2019huile d\u2019amande douce bio, notre formule aide \u00e0 maintenir l\u2019\u00e9quilibre et \u00e0 pr\u00e9server le processus naturel de r\u00e9g\u00e9n\u00e9ration de la peau.<br \/>\n\u2022 Un moment de BIEN-\u00caTRE gr\u00e2ce \u00e0 sa texture l\u00e9g\u00e8re et son parfum doux.<br \/>\n\u2022 Un geste pour la PLAN\u00c8TE avec son flacon 100% en plastique recycl\u00e9 et recyclable*.<br \/>\n\u2022 Adapt\u00e9 \u00e0 toute la FAMILLE : pour les petits et grands d\u00e8s 1 an.<br \/>\n97% d\u2019ingr\u00e9dients d\u2019origine naturelle \u2013 Vegan** \u2013 Test\u00e9 dermatologiquement<br \/>\n*sauf pigments colorants **formul\u00e9 sans ingr\u00e9dient d\u2019origine animale<\/p>\n<p>Composition<\/p>\n<p>Aqua, Caprylic\/Capric Triglyceride, Polyglyceryl-6 Stearate, Glycerin, C15-19 Alkane, Coco-Caprylate\/Caprate, Prunus Amygdalus Dulcis Oil, Isodecyl Neopentanoate, Behenyl Alcohol, Butyrospermum Parkii Butter, Parfum, Caprylyl Glycol, Tocopheryl Acetate, Erythritol, Glyceryl Oleate, Polyglyceryl-6 Behenate, Aloe Barbadensis Leaf Juice, SodiumBenzoate, Xanthan Gum, Acrylates\/C10-30 Alkyl Acrylate Crosspolymer, Levulinic Acid, Ammonium Polyacryloyldimethyl Taurate, Sodium Levulinate, Sodium Gluconate, Sodium Hydroxide.<\/p>\n<\/div>\n","protected":false},"excerpt":{"rendered":"<p>L\u2019huile d\u2019Amande Douce est utilis\u00e9e pour son action apaisante et adoucissante sur les peaux d\u00e9licates et s\u00e8ches, desquelles elle calme des d\u00e9mangeaisons et irritations. \u00c9molliente, elle nourrit aussi la peau et la prot\u00e8ge du dess\u00e8chement. Assouplissante et fortifiante, elle active la r\u00e9paration de la peau..<\/p>\n","protected":false},"featured_media":13937,"comment_status":"open","ping_status":"closed","template":"","meta":{"inline_featured_image":false,"_monsterinsights_skip_tracking":false,"_monsterinsights_sitenote_active":false,"_monsterinsights_sitenote_note":"","_monsterinsights_sitenote_category":0,"_joinchat":[]},"product_cat":[145],"product_tag":[],"class_list":{"0":"post-13936","1":"product","2":"type-product","3":"status-publish","4":"has-post-thumbnail","6":"product_cat-roges-cavalles","8":"first","9":"instock","10":"shipping-taxable","11":"purchasable","12":"product-type-simple","13":"add-to-wishlist-after_add_to_cart"},"aioseo_notices":[],"_links":{"self":[{"href":"https:\/\/pararepublique.com\/index.php\/wp-json\/wp\/v2\/product\/13936","targetHints":{"allow":["GET"]}}],"collection":[{"href":"https:\/\/pararepublique.com\/index.php\/wp-json\/wp\/v2\/product"}],"about":[{"href":"https:\/\/pararepublique.com\/index.php\/wp-json\/wp\/v2\/types\/product"}],"replies":[{"embeddable":true,"href":"https:\/\/pararepublique.com\/index.php\/wp-json\/wp\/v2\/comments?post=13936"}],"version-history":[{"count":1,"href":"https:\/\/pararepublique.com\/index.php\/wp-json\/wp\/v2\/product\/13936\/revisions"}],"predecessor-version":[{"id":13938,"href":"https:\/\/pararepublique.com\/index.php\/wp-json\/wp\/v2\/product\/13936\/revisions\/13938"}],"wp:featuredmedia":[{"embeddable":true,"href":"https:\/\/pararepublique.com\/index.php\/wp-json\/wp\/v2\/media\/13937"}],"wp:attachment":[{"href":"https:\/\/pararepublique.com\/index.php\/wp-json\/wp\/v2\/media?parent=13936"}],"wp:term":[{"taxonomy":"product_cat","embeddable":true,"href":"https:\/\/pararepublique.com\/index.php\/wp-json\/wp\/v2\/product_cat?post=13936"},{"taxonomy":"product_tag","embeddable":true,"href":"https:\/\/pararepublique.com\/index.php\/wp-json\/wp\/v2\/product_tag?post=13936"}],"curies":[{"name":"wp","href":"https:\/\/api.w.org\/{rel}","templated":true}]}}