{"id":13942,"date":"2024-11-27T10:40:54","date_gmt":"2024-11-27T10:40:54","guid":{"rendered":"https:\/\/pararepublique.com\/?post_type=product&#038;p=13942"},"modified":"2024-11-27T10:40:55","modified_gmt":"2024-11-27T10:40:55","slug":"roge-cavailles-deo-roll-on-invisible-48h","status":"publish","type":"product","link":"https:\/\/pararepublique.com\/index.php\/product\/roge-cavailles-deo-roll-on-invisible-48h\/","title":{"rendered":"ROGE CAVAILLES DEO ROLL ON INVISIBLE 48H"},"content":{"rendered":"<div id=\"description\" class=\"tab-pane fade in active js-product-tab-active\" role=\"tabpanel\">\n<div class=\"product-description\">\n<div id=\"description\" class=\"tab-pane fade in active js-product-tab-active\" role=\"tabpanel\">\n<div class=\"product-description\">\n<p>Cet Anti-Transpirant pour Homme vous dispense un parfum frais et masculin tout au long de la journ\u00e9e. Un alli\u00e9 bien-\u00eatre fiable et efficace pour un confort r\u00e9g\u00e9n\u00e9rant durable Une action en profondeur contre les pics de transpiration pendant 48H Des actifs 5x plus absorbants que le talc pour pr\u00e9venir les aur\u00e9oles et neutraliser les odeurs.<\/p>\n<p>Une formule sans alcool con\u00e7ue pour respecter les peaux les plus sensibles Conseil d\u2019utilisation Appliquez quotidiennement sur des aisselles propres et s\u00e8ches.<\/p>\n<p><span id=\"UP98QSA\">Le D\u00e9odorant Anti-Transpirant 48H Roll-On L\u2019Homme de Rog\u00e9 Cavailles\u00a0<\/span>respecte et prot\u00e8ge tous les types de peaux m\u00eame les peaux sensibles.<\/p>\n<p id=\"B9SWVWL\">Enrichie en\u00a0Surgras v\u00e9g\u00e9tal\u00a0pro-r\u00e9g\u00e9n\u00e9rant et en\u00a0actifs ultra-absorbants, sa formule sans alcool pr\u00e9vient des pics de transpiration.<\/p>\n<p>Ce soin offre un\u00a0moment\u00a0de\u00a0bien-\u00eatre gr\u00e2ce\u00a0\u00e0 son parfum frais aux notes menthol\u00e9es et musqu\u00e9es.<\/p>\n<p><strong>Ingr\u00e9dients :<br \/>\n<\/strong>Aqua, aluminum chlorohydrate, PPG-15 stearyl ether, steareth-2, parfum, steareth-21, magnesium aluminometasilicate, talc, tocopheryl acetate, PEG-6 caprylic\/ capric glycerides<\/p>\n<\/div>\n<\/div>\n<\/div>\n<\/div>\n","protected":false},"excerpt":{"rendered":"<div class=\"woocommerce-product-details__short-description\">\n<p>Test\u00e9 dermatologiquement<br \/>\nSurgras v\u00e9getal<br \/>\nAnti traces<br \/>\nEffet sec<\/p>\n<p>Adapt\u00e9 aux peaux Sensibles<\/p>\n<\/div>\n","protected":false},"featured_media":13943,"comment_status":"open","ping_status":"closed","template":"","meta":{"inline_featured_image":false,"_monsterinsights_skip_tracking":false,"_monsterinsights_sitenote_active":false,"_monsterinsights_sitenote_note":"","_monsterinsights_sitenote_category":0,"_joinchat":[]},"product_cat":[145],"product_tag":[],"class_list":{"0":"post-13942","1":"product","2":"type-product","3":"status-publish","4":"has-post-thumbnail","6":"product_cat-roges-cavalles","8":"first","9":"instock","10":"shipping-taxable","11":"purchasable","12":"product-type-simple","13":"add-to-wishlist-after_add_to_cart"},"aioseo_notices":[],"_links":{"self":[{"href":"https:\/\/pararepublique.com\/index.php\/wp-json\/wp\/v2\/product\/13942","targetHints":{"allow":["GET"]}}],"collection":[{"href":"https:\/\/pararepublique.com\/index.php\/wp-json\/wp\/v2\/product"}],"about":[{"href":"https:\/\/pararepublique.com\/index.php\/wp-json\/wp\/v2\/types\/product"}],"replies":[{"embeddable":true,"href":"https:\/\/pararepublique.com\/index.php\/wp-json\/wp\/v2\/comments?post=13942"}],"version-history":[{"count":2,"href":"https:\/\/pararepublique.com\/index.php\/wp-json\/wp\/v2\/product\/13942\/revisions"}],"predecessor-version":[{"id":13945,"href":"https:\/\/pararepublique.com\/index.php\/wp-json\/wp\/v2\/product\/13942\/revisions\/13945"}],"wp:featuredmedia":[{"embeddable":true,"href":"https:\/\/pararepublique.com\/index.php\/wp-json\/wp\/v2\/media\/13943"}],"wp:attachment":[{"href":"https:\/\/pararepublique.com\/index.php\/wp-json\/wp\/v2\/media?parent=13942"}],"wp:term":[{"taxonomy":"product_cat","embeddable":true,"href":"https:\/\/pararepublique.com\/index.php\/wp-json\/wp\/v2\/product_cat?post=13942"},{"taxonomy":"product_tag","embeddable":true,"href":"https:\/\/pararepublique.com\/index.php\/wp-json\/wp\/v2\/product_tag?post=13942"}],"curies":[{"name":"wp","href":"https:\/\/api.w.org\/{rel}","templated":true}]}}