{"id":13946,"date":"2024-11-27T10:45:49","date_gmt":"2024-11-27T10:45:49","guid":{"rendered":"https:\/\/pararepublique.com\/?post_type=product&#038;p=13946"},"modified":"2024-11-27T15:25:31","modified_gmt":"2024-11-27T15:25:31","slug":"roge-cavailles-baume-levres-gour","status":"publish","type":"product","link":"https:\/\/pararepublique.com\/index.php\/product\/roge-cavailles-baume-levres-gour\/","title":{"rendered":"ROGE CAVAILLES BAUME LEVRES GOUR"},"content":{"rendered":"<p>Pour les L\u00c8VRES S\u00c8CHES : enrichie en surgras v\u00e9g\u00e9tal pro-r\u00e9g\u00e9n\u00e9rant\u00ae et en beurre de karit\u00e9 bio, notre formule aide \u00e0 r\u00e9parer les l\u00e8vres et \u00e0 pr\u00e9server le processus naturel de r\u00e9g\u00e9n\u00e9ration de la peau.<\/p>\n<p>Un moment de BIEN-\u00caTRE gr\u00e2ce \u00e0 sa texture fondante et son parfum d\u00e9licat.<br \/>\nUn geste pour la PLAN\u00c8TE avec son stick 100% en plastique recyclable.<br \/>\n97% d\u2019ingr\u00e9dients d\u2019origine naturelle \u2013 Vegan* \u2013 Test\u00e9 dermatologiquement *formul\u00e9 sans ingr\u00e9dient d\u2019origine animale<\/p>\n<p>Origines naturelles 97%<br \/>\nOrigine naturelle<br \/>\nSurgras pro-r\u00e9g\u00e9n\u00e9rant<br \/>\nSurgras pro-r\u00e9g\u00e9n\u00e9rant<\/p>\n<p>Le Beurre de Karit\u00e9 est extrait des fruits du Karit\u00e9, arbre poussant uniquement \u00e0 l\u2019\u00e9tat sauvage dans les savanes arbor\u00e9es de l\u2019Afrique de l\u2019Ouest. Cet ingr\u00e9dient est tr\u00e8s largement utilis\u00e9 pour ses nombreuses vertus depuis des si\u00e8cles dans certaines r\u00e9gions d\u2019Afrique. Il fait d\u2019ailleurs partie de la pharmacop\u00e9e S\u00e9n\u00e9galaise, o\u00f9 il est traditionnellement recommand\u00e9 pour calmer les entorses, les courbatures et les rhumatismes. Sa composition en acide gras, vitamines A et E, phytost\u00e9rols, om\u00e9gas6 et 9 etc. lui conf\u00e8re des propri\u00e9t\u00e9s hors du commun. C\u2019est en effet un puissant hydratant et nourrissant mais aussi un ingr\u00e9dient apaisant et r\u00e9parateur, partenaire incontournable des peaux sensibles ou des peaux soumises \u00e0 des conditions climatiques extr\u00eames.<\/p>\n<p><strong>Appliquez le Baume L\u00e8vres Protecteur sur vos l\u00e8vres aussi souvent que n\u00e9\u00e9essaire. Vos l\u00e8vres sont apais\u00e9es et retrouvent leur confort gr\u00e2ce \u00e0 sa texture fondante et son parfum d\u00e9licat.<\/strong><\/p>\n","protected":false},"excerpt":{"rendered":"<p>Ce Baume L\u00e8vre Protecteur est adapt\u00e9 aux l\u00e8vres s\u00e8ches.<\/p>\n","protected":false},"featured_media":14087,"comment_status":"open","ping_status":"closed","template":"","meta":{"inline_featured_image":false,"_monsterinsights_skip_tracking":false,"_monsterinsights_sitenote_active":false,"_monsterinsights_sitenote_note":"","_monsterinsights_sitenote_category":0,"_joinchat":[]},"product_cat":[145],"product_tag":[],"class_list":{"0":"post-13946","1":"product","2":"type-product","3":"status-publish","4":"has-post-thumbnail","6":"product_cat-roges-cavalles","8":"first","9":"instock","10":"shipping-taxable","11":"purchasable","12":"product-type-simple","13":"add-to-wishlist-after_add_to_cart"},"aioseo_notices":[],"_links":{"self":[{"href":"https:\/\/pararepublique.com\/index.php\/wp-json\/wp\/v2\/product\/13946","targetHints":{"allow":["GET"]}}],"collection":[{"href":"https:\/\/pararepublique.com\/index.php\/wp-json\/wp\/v2\/product"}],"about":[{"href":"https:\/\/pararepublique.com\/index.php\/wp-json\/wp\/v2\/types\/product"}],"replies":[{"embeddable":true,"href":"https:\/\/pararepublique.com\/index.php\/wp-json\/wp\/v2\/comments?post=13946"}],"version-history":[{"count":1,"href":"https:\/\/pararepublique.com\/index.php\/wp-json\/wp\/v2\/product\/13946\/revisions"}],"predecessor-version":[{"id":13948,"href":"https:\/\/pararepublique.com\/index.php\/wp-json\/wp\/v2\/product\/13946\/revisions\/13948"}],"wp:featuredmedia":[{"embeddable":true,"href":"https:\/\/pararepublique.com\/index.php\/wp-json\/wp\/v2\/media\/14087"}],"wp:attachment":[{"href":"https:\/\/pararepublique.com\/index.php\/wp-json\/wp\/v2\/media?parent=13946"}],"wp:term":[{"taxonomy":"product_cat","embeddable":true,"href":"https:\/\/pararepublique.com\/index.php\/wp-json\/wp\/v2\/product_cat?post=13946"},{"taxonomy":"product_tag","embeddable":true,"href":"https:\/\/pararepublique.com\/index.php\/wp-json\/wp\/v2\/product_tag?post=13946"}],"curies":[{"name":"wp","href":"https:\/\/api.w.org\/{rel}","templated":true}]}}