{"id":13954,"date":"2024-11-27T11:08:40","date_gmt":"2024-11-27T11:08:40","guid":{"rendered":"https:\/\/pararepublique.com\/?post_type=product&#038;p=13954"},"modified":"2024-11-27T11:08:41","modified_gmt":"2024-11-27T11:08:41","slug":"roge-cavailles-cr-douche-amande-et-rose-500ml","status":"publish","type":"product","link":"https:\/\/pararepublique.com\/index.php\/product\/roge-cavailles-cr-douche-amande-et-rose-500ml\/","title":{"rendered":"ROGE CAVAILLES CR DOUCHE AMANDE ET ROSE 500ML"},"content":{"rendered":"<p>Cette cr\u00e8me de douche contient une composition unique qui associe la douceur de l&rsquo;amande et la volupt\u00e9 de la rose. Elle contient \u00e9galement des agents surgras qui prot\u00e8gent votre peau des agressions ext\u00e9rieures et pr\u00e9servent son hydratation. Elle nourrit et aide \u00e0 prot\u00e9ger votre peau du dess\u00e8chement cutan\u00e9 et lui procure un confort imm\u00e9diat.<\/p>\n<p>Sa texture fluide et onctueuse ainsi que son d\u00e9licieux parfum de rose et d&rsquo;amande vous transportent pour un moment de bien-\u00eatre et de s\u00e9r\u00e9nit\u00e9.<\/p>\n<p>Formul\u00e9e sans savon, sans paraben. Hypoallerg\u00e9nique.<\/p>\n<p>Sous la douche ou dans le bain, d\u00e9posez une quantit\u00e9 g\u00e9n\u00e9reuse de Cr\u00e8me au creux de votre main et faites mousser en vous d\u00e9lectant de son parfum.<\/p>\n<p>Une fois savonn\u00e9, rincez abondamment \u00e0 l&rsquo;eau.<\/p>\n<p>Test\u00e9e cliniquement sur peaux sensibles.<\/p>\n<p>&nbsp;<\/p>\n","protected":false},"excerpt":{"rendered":"<p>Rog\u00e9 Cavaill\u00e8s Cr\u00e8me de Douche Beurre d&rsquo;Amande et Rose 500 ml est une cr\u00e8me de douche au beurre d&rsquo;amande et de rose qui prot\u00e8ge et nourrit intens\u00e9ment la peau. Elle est id\u00e9ale pour l&rsquo;hygi\u00e8ne des peaux sensibles et s\u00e8ches.<\/p>\n","protected":false},"featured_media":13955,"comment_status":"open","ping_status":"closed","template":"","meta":{"inline_featured_image":false,"_monsterinsights_skip_tracking":false,"_monsterinsights_sitenote_active":false,"_monsterinsights_sitenote_note":"","_monsterinsights_sitenote_category":0,"_joinchat":[]},"product_cat":[145],"product_tag":[],"class_list":{"0":"post-13954","1":"product","2":"type-product","3":"status-publish","4":"has-post-thumbnail","6":"product_cat-roges-cavalles","8":"first","9":"instock","10":"shipping-taxable","11":"purchasable","12":"product-type-simple","13":"add-to-wishlist-after_add_to_cart"},"aioseo_notices":[],"_links":{"self":[{"href":"https:\/\/pararepublique.com\/index.php\/wp-json\/wp\/v2\/product\/13954","targetHints":{"allow":["GET"]}}],"collection":[{"href":"https:\/\/pararepublique.com\/index.php\/wp-json\/wp\/v2\/product"}],"about":[{"href":"https:\/\/pararepublique.com\/index.php\/wp-json\/wp\/v2\/types\/product"}],"replies":[{"embeddable":true,"href":"https:\/\/pararepublique.com\/index.php\/wp-json\/wp\/v2\/comments?post=13954"}],"version-history":[{"count":1,"href":"https:\/\/pararepublique.com\/index.php\/wp-json\/wp\/v2\/product\/13954\/revisions"}],"predecessor-version":[{"id":13956,"href":"https:\/\/pararepublique.com\/index.php\/wp-json\/wp\/v2\/product\/13954\/revisions\/13956"}],"wp:featuredmedia":[{"embeddable":true,"href":"https:\/\/pararepublique.com\/index.php\/wp-json\/wp\/v2\/media\/13955"}],"wp:attachment":[{"href":"https:\/\/pararepublique.com\/index.php\/wp-json\/wp\/v2\/media?parent=13954"}],"wp:term":[{"taxonomy":"product_cat","embeddable":true,"href":"https:\/\/pararepublique.com\/index.php\/wp-json\/wp\/v2\/product_cat?post=13954"},{"taxonomy":"product_tag","embeddable":true,"href":"https:\/\/pararepublique.com\/index.php\/wp-json\/wp\/v2\/product_tag?post=13954"}],"curies":[{"name":"wp","href":"https:\/\/api.w.org\/{rel}","templated":true}]}}