{"id":13960,"date":"2024-11-27T11:14:29","date_gmt":"2024-11-27T11:14:29","guid":{"rendered":"https:\/\/pararepublique.com\/?post_type=product&#038;p=13960"},"modified":"2024-11-27T11:14:29","modified_gmt":"2024-11-27T11:14:29","slug":"roge-cavailles-creme-mains-50ml","status":"publish","type":"product","link":"https:\/\/pararepublique.com\/index.php\/product\/roge-cavailles-creme-mains-50ml\/","title":{"rendered":"ROGE CAVAILLES CREME MAINS 50ML"},"content":{"rendered":"<p>Enrichie en Surgras Vitamin\u00e9, la Cr\u00e8me mains Nutrissance vous prot\u00e8ge durablement des agressions ext\u00e9rieures et nourrit votre peau en profondeur. Avec sa formule \u00e0 l&rsquo;amidon de riz, elle r\u00e9duit les rougeurs et apaise les irritations. Sa texture enveloppante et onctueuse p\u00e9n\u00e8tre rapidement pour une action hydratante imm\u00e9diate. \u00c9t\u00e9 comme hiver, vos mains retrouvent toute leur douceur !<\/p>\n","protected":false},"excerpt":{"rendered":"<p>Enrichie en Surgras Vitamin\u00e9, la Cr\u00e8me mains Nutrissance vous prot\u00e8ge durablement des agressions ext\u00e9rieures et nourrit votre peau en profondeur<\/p>\n","protected":false},"featured_media":13961,"comment_status":"open","ping_status":"closed","template":"","meta":{"inline_featured_image":false,"_monsterinsights_skip_tracking":false,"_monsterinsights_sitenote_active":false,"_monsterinsights_sitenote_note":"","_monsterinsights_sitenote_category":0,"_joinchat":[]},"product_cat":[145],"product_tag":[],"class_list":{"0":"post-13960","1":"product","2":"type-product","3":"status-publish","4":"has-post-thumbnail","6":"product_cat-roges-cavalles","8":"first","9":"instock","10":"shipping-taxable","11":"purchasable","12":"product-type-simple","13":"add-to-wishlist-after_add_to_cart"},"aioseo_notices":[],"_links":{"self":[{"href":"https:\/\/pararepublique.com\/index.php\/wp-json\/wp\/v2\/product\/13960","targetHints":{"allow":["GET"]}}],"collection":[{"href":"https:\/\/pararepublique.com\/index.php\/wp-json\/wp\/v2\/product"}],"about":[{"href":"https:\/\/pararepublique.com\/index.php\/wp-json\/wp\/v2\/types\/product"}],"replies":[{"embeddable":true,"href":"https:\/\/pararepublique.com\/index.php\/wp-json\/wp\/v2\/comments?post=13960"}],"version-history":[{"count":1,"href":"https:\/\/pararepublique.com\/index.php\/wp-json\/wp\/v2\/product\/13960\/revisions"}],"predecessor-version":[{"id":13962,"href":"https:\/\/pararepublique.com\/index.php\/wp-json\/wp\/v2\/product\/13960\/revisions\/13962"}],"wp:featuredmedia":[{"embeddable":true,"href":"https:\/\/pararepublique.com\/index.php\/wp-json\/wp\/v2\/media\/13961"}],"wp:attachment":[{"href":"https:\/\/pararepublique.com\/index.php\/wp-json\/wp\/v2\/media?parent=13960"}],"wp:term":[{"taxonomy":"product_cat","embeddable":true,"href":"https:\/\/pararepublique.com\/index.php\/wp-json\/wp\/v2\/product_cat?post=13960"},{"taxonomy":"product_tag","embeddable":true,"href":"https:\/\/pararepublique.com\/index.php\/wp-json\/wp\/v2\/product_tag?post=13960"}],"curies":[{"name":"wp","href":"https:\/\/api.w.org\/{rel}","templated":true}]}}