{"id":13969,"date":"2024-11-27T11:25:24","date_gmt":"2024-11-27T11:25:24","guid":{"rendered":"https:\/\/pararepublique.com\/?post_type=product&#038;p=13969"},"modified":"2024-11-27T11:25:25","modified_gmt":"2024-11-27T11:25:25","slug":"roge-cavailles-creme-miraculeuse","status":"publish","type":"product","link":"https:\/\/pararepublique.com\/index.php\/product\/roge-cavailles-creme-miraculeuse\/","title":{"rendered":"ROGE CAVAILLES CREME MIRACULEUSE"},"content":{"rendered":"<p>Sp\u00e9cialement con\u00e7ue pour les <b>PEAUX S\u00c8CHES<\/b>, cette cr\u00e8me est enrichie en surgras v\u00e9g\u00e9tal pro-r\u00e9g\u00e9n\u00e9rant et en centella asiatica bio. Sa formule concentr\u00e9e soutient le processus naturel de <b>r\u00e9g\u00e9n\u00e9ration cutan\u00e9e<\/b>. Polyvalente, elle s&rsquo;applique aussi bien sur le corps que sur le visage, servant de soin quotidien, de d\u00e9maquillant, de masque hydratant ou encore d&rsquo;apr\u00e8s-rasage.<\/p>\n<p>&nbsp;<\/p>\n","protected":false},"excerpt":{"rendered":"<p>Offrez-vous un moment de <b>BIEN-\u00caTRE<\/b> gr\u00e2ce \u00e0 sa texture velout\u00e9e et son parfum subtil.<\/p>\n","protected":false},"featured_media":13970,"comment_status":"open","ping_status":"closed","template":"","meta":{"inline_featured_image":false,"_monsterinsights_skip_tracking":false,"_monsterinsights_sitenote_active":false,"_monsterinsights_sitenote_note":"","_monsterinsights_sitenote_category":0,"_joinchat":[]},"product_cat":[145],"product_tag":[],"class_list":{"0":"post-13969","1":"product","2":"type-product","3":"status-publish","4":"has-post-thumbnail","6":"product_cat-roges-cavalles","8":"first","9":"instock","10":"shipping-taxable","11":"purchasable","12":"product-type-simple","13":"add-to-wishlist-after_add_to_cart"},"aioseo_notices":[],"_links":{"self":[{"href":"https:\/\/pararepublique.com\/index.php\/wp-json\/wp\/v2\/product\/13969","targetHints":{"allow":["GET"]}}],"collection":[{"href":"https:\/\/pararepublique.com\/index.php\/wp-json\/wp\/v2\/product"}],"about":[{"href":"https:\/\/pararepublique.com\/index.php\/wp-json\/wp\/v2\/types\/product"}],"replies":[{"embeddable":true,"href":"https:\/\/pararepublique.com\/index.php\/wp-json\/wp\/v2\/comments?post=13969"}],"version-history":[{"count":1,"href":"https:\/\/pararepublique.com\/index.php\/wp-json\/wp\/v2\/product\/13969\/revisions"}],"predecessor-version":[{"id":13971,"href":"https:\/\/pararepublique.com\/index.php\/wp-json\/wp\/v2\/product\/13969\/revisions\/13971"}],"wp:featuredmedia":[{"embeddable":true,"href":"https:\/\/pararepublique.com\/index.php\/wp-json\/wp\/v2\/media\/13970"}],"wp:attachment":[{"href":"https:\/\/pararepublique.com\/index.php\/wp-json\/wp\/v2\/media?parent=13969"}],"wp:term":[{"taxonomy":"product_cat","embeddable":true,"href":"https:\/\/pararepublique.com\/index.php\/wp-json\/wp\/v2\/product_cat?post=13969"},{"taxonomy":"product_tag","embeddable":true,"href":"https:\/\/pararepublique.com\/index.php\/wp-json\/wp\/v2\/product_tag?post=13969"}],"curies":[{"name":"wp","href":"https:\/\/api.w.org\/{rel}","templated":true}]}}