{"id":13975,"date":"2024-11-27T11:36:47","date_gmt":"2024-11-27T11:36:47","guid":{"rendered":"https:\/\/pararepublique.com\/?post_type=product&#038;p=13975"},"modified":"2024-11-27T11:36:48","modified_gmt":"2024-11-27T11:36:48","slug":"roge-cavailles-deo-48h-roll-50ml","status":"publish","type":"product","link":"https:\/\/pararepublique.com\/index.php\/product\/roge-cavailles-deo-48h-roll-50ml\/","title":{"rendered":"ROGE CAVAILLES DEO 48H ROLL 50ML"},"content":{"rendered":"<p>Rog\u00e9 Cavaill\u00e8s Dermato D\u00e9odorant 48h roll-on<\/p>\n<p>D\u00e9odorant roll-on<\/p>\n<p>D\u00e9odorant pour peaux sensibles<\/p>\n<p>Ce d\u00e9odorant roll-on allie efficacit\u00e9 et douceur, sans compromis.<\/p>\n<p>Sp\u00e9cialement con\u00e7u pour les peaux les plus sensibles, sa formule unique au surgras v\u00e9g\u00e9tal pro-r\u00e9g\u00e9n\u00e9rant\u00ae, enrichie en huile de riz vous garantit protection et douceur.<\/p>\n<p>Tr\u00e8s efficace, il vous assure un confort durable et une efficacit\u00e9 48h contre les mauvaises odeurs et vous procure une sensation de fra\u00eecheur longue dur\u00e9e.<\/p>\n<p>97% d&rsquo;ingr\u00e9dients d&rsquo;origine naturelle<\/p>\n<p><strong>CONSEILS D&rsquo;UTILISATION:<\/strong><\/p>\n<p>Ce d\u00e9odorant s&rsquo;applique au quotidien sur des aisselles propres et s\u00e8ches. Pensez \u00e0 laisser s\u00e9cher quelques instants avant de vous habiller.<\/p>\n<p><strong>COMPOSITION:<\/strong><\/p>\n<p>Aqua, Glycerin, Triethyl Citrate, Polyglyceryl-6 Stearate, Cetearyl Alcohol, Prunus Amygdalus Dulcis Oil, Glyceryl Oleate, Polyglyceryl-6 Behenate, Glyceryl Stearate, Parfum, 2-Methyl 5-Cyclohexylpentanol, Tocopheryl Acetate, C18-22 Hydroxyalkyl Hydroxypropyl Guar, Sodium Hydroxide, Levulinic Acid, Sorbic Acid, Benzoic Acid, o-Cymen-5-ol, Undecylenoyl Glycine, Capryloyl Glycine, Oryza Sativa Bran Oil, Bisabolol.<\/p>\n","protected":false},"excerpt":{"rendered":"<p>D\u00e9odorant pour peaux sensibles<\/p>\n<p>Ce d\u00e9odorant roll-on allie efficacit\u00e9 et douceur, sans compromis.<\/p>\n<p>Sp\u00e9cialement con\u00e7u pour les peaux les plus sensibles, sa formule unique au surgras v\u00e9g\u00e9tal pro-r\u00e9g\u00e9n\u00e9rant\u00ae, enrichie en huile de riz vous garantit protection et douceur.<\/p>\n<p>Tr\u00e8s efficace, il vous assure un confort durable et une efficacit\u00e9 48h contre les mauvaises odeurs et vous procure une sensation de fra\u00eecheur longue dur\u00e9e.<\/p>\n","protected":false},"featured_media":13976,"comment_status":"open","ping_status":"closed","template":"","meta":{"inline_featured_image":false,"_monsterinsights_skip_tracking":false,"_monsterinsights_sitenote_active":false,"_monsterinsights_sitenote_note":"","_monsterinsights_sitenote_category":0,"_joinchat":[]},"product_cat":[145],"product_tag":[],"class_list":{"0":"post-13975","1":"product","2":"type-product","3":"status-publish","4":"has-post-thumbnail","6":"product_cat-roges-cavalles","8":"first","9":"instock","10":"shipping-taxable","11":"purchasable","12":"product-type-simple","13":"add-to-wishlist-after_add_to_cart"},"aioseo_notices":[],"_links":{"self":[{"href":"https:\/\/pararepublique.com\/index.php\/wp-json\/wp\/v2\/product\/13975","targetHints":{"allow":["GET"]}}],"collection":[{"href":"https:\/\/pararepublique.com\/index.php\/wp-json\/wp\/v2\/product"}],"about":[{"href":"https:\/\/pararepublique.com\/index.php\/wp-json\/wp\/v2\/types\/product"}],"replies":[{"embeddable":true,"href":"https:\/\/pararepublique.com\/index.php\/wp-json\/wp\/v2\/comments?post=13975"}],"version-history":[{"count":1,"href":"https:\/\/pararepublique.com\/index.php\/wp-json\/wp\/v2\/product\/13975\/revisions"}],"predecessor-version":[{"id":13977,"href":"https:\/\/pararepublique.com\/index.php\/wp-json\/wp\/v2\/product\/13975\/revisions\/13977"}],"wp:featuredmedia":[{"embeddable":true,"href":"https:\/\/pararepublique.com\/index.php\/wp-json\/wp\/v2\/media\/13976"}],"wp:attachment":[{"href":"https:\/\/pararepublique.com\/index.php\/wp-json\/wp\/v2\/media?parent=13975"}],"wp:term":[{"taxonomy":"product_cat","embeddable":true,"href":"https:\/\/pararepublique.com\/index.php\/wp-json\/wp\/v2\/product_cat?post=13975"},{"taxonomy":"product_tag","embeddable":true,"href":"https:\/\/pararepublique.com\/index.php\/wp-json\/wp\/v2\/product_tag?post=13975"}],"curies":[{"name":"wp","href":"https:\/\/api.w.org\/{rel}","templated":true}]}}