{"id":13978,"date":"2024-11-27T11:40:15","date_gmt":"2024-11-27T11:40:15","guid":{"rendered":"https:\/\/pararepublique.com\/?post_type=product&#038;p=13978"},"modified":"2024-11-27T11:40:15","modified_gmt":"2024-11-27T11:40:15","slug":"roge-cavailles-deo-48h-roll-on","status":"publish","type":"product","link":"https:\/\/pararepublique.com\/index.php\/product\/roge-cavailles-deo-48h-roll-on\/","title":{"rendered":"ROGE CAVAILLES DEO 48H ROLL ON"},"content":{"rendered":"<p>Cet Anti-Transpirant pour Homme vous dispense un parfum frais et masculin tout au long de la journ\u00e9e. Un alli\u00e9 bien-\u00eatre fiable et efficace pour un confort r\u00e9g\u00e9n\u00e9rant durable.<\/p>\n<p>\u2013 Une PEAU respect\u00e9e et prot\u00e9g\u00e9e : Renfermant du surgras v\u00e9g\u00e9tal pro-r\u00e9g\u00e9n\u00e9rant et des actifs ultra absorbants, notre formule sans alcool pr\u00e9vient des pics de transpiration.<\/p>\n<p>\u2013 Un moment de BIEN-\u00caTRE gr\u00e2ce \u00e0 son parfum frais aux notes menthol\u00e9es et musqu\u00e9es.<\/p>\n<p>\u2013 Un geste pour la PLAN\u00c8TE avec son flacon 100% en plastique recycl\u00e9 &amp; recyclable*.<\/p>\n","protected":false},"excerpt":{"rendered":"<p>Sp\u00e9cialement pour vous les hommes. Adapt\u00e9 \u00e0 TOUTES les aisselles, m\u00eame les plus sensibles.<\/p>\n","protected":false},"featured_media":13979,"comment_status":"open","ping_status":"closed","template":"","meta":{"inline_featured_image":false,"_monsterinsights_skip_tracking":false,"_monsterinsights_sitenote_active":false,"_monsterinsights_sitenote_note":"","_monsterinsights_sitenote_category":0,"_joinchat":[]},"product_cat":[145],"product_tag":[],"class_list":{"0":"post-13978","1":"product","2":"type-product","3":"status-publish","4":"has-post-thumbnail","6":"product_cat-roges-cavalles","8":"first","9":"instock","10":"shipping-taxable","11":"purchasable","12":"product-type-simple","13":"add-to-wishlist-after_add_to_cart"},"aioseo_notices":[],"_links":{"self":[{"href":"https:\/\/pararepublique.com\/index.php\/wp-json\/wp\/v2\/product\/13978","targetHints":{"allow":["GET"]}}],"collection":[{"href":"https:\/\/pararepublique.com\/index.php\/wp-json\/wp\/v2\/product"}],"about":[{"href":"https:\/\/pararepublique.com\/index.php\/wp-json\/wp\/v2\/types\/product"}],"replies":[{"embeddable":true,"href":"https:\/\/pararepublique.com\/index.php\/wp-json\/wp\/v2\/comments?post=13978"}],"version-history":[{"count":1,"href":"https:\/\/pararepublique.com\/index.php\/wp-json\/wp\/v2\/product\/13978\/revisions"}],"predecessor-version":[{"id":13980,"href":"https:\/\/pararepublique.com\/index.php\/wp-json\/wp\/v2\/product\/13978\/revisions\/13980"}],"wp:featuredmedia":[{"embeddable":true,"href":"https:\/\/pararepublique.com\/index.php\/wp-json\/wp\/v2\/media\/13979"}],"wp:attachment":[{"href":"https:\/\/pararepublique.com\/index.php\/wp-json\/wp\/v2\/media?parent=13978"}],"wp:term":[{"taxonomy":"product_cat","embeddable":true,"href":"https:\/\/pararepublique.com\/index.php\/wp-json\/wp\/v2\/product_cat?post=13978"},{"taxonomy":"product_tag","embeddable":true,"href":"https:\/\/pararepublique.com\/index.php\/wp-json\/wp\/v2\/product_tag?post=13978"}],"curies":[{"name":"wp","href":"https:\/\/api.w.org\/{rel}","templated":true}]}}