{"id":13981,"date":"2024-11-27T11:50:10","date_gmt":"2024-11-27T11:50:10","guid":{"rendered":"https:\/\/pararepublique.com\/?post_type=product&#038;p=13981"},"modified":"2024-11-27T11:50:10","modified_gmt":"2024-11-27T11:50:10","slug":"roge-cavailles-deo-ansorb-48h75ml","status":"publish","type":"product","link":"https:\/\/pararepublique.com\/index.php\/product\/roge-cavailles-deo-ansorb-48h75ml\/","title":{"rendered":"ROGE CAVAILLES DEO ANSORB 48H75ML"},"content":{"rendered":"<p><strong>Description :<\/strong><\/p>\n<p>Cet Anti-Transpirant Spray agit durablement contre les pics de transpiration et neutralise les mauvaises odeurs. Il laisse sur votre peau un parfum frais et agr\u00e9able tout au long de la journ\u00e9e.<\/p>\n<p>\u2013 Une PEAU respect\u00e9e et prot\u00e9g\u00e9e : enrichie en surgras v\u00e9g\u00e9tal pro-r\u00e9g\u00e9n\u00e9rant\u00ae et en actifs absorbants, notre formule sans alcool pr\u00e9vient des pics de transpiration et limite les traces jaunes et blanches.<\/p>\n<p>\u2013 Un moment de BIEN-\u00caTRE gr\u00e2ce \u00e0 son parfum frais aux notes de th\u00e9 vert et de bergamote.<\/p>\n<p>\u2013 Un geste pour la PLAN\u00c8TE avec son flacon en aluminium recyclable.<\/p>\n<p><strong>Conseil d&rsquo;utilisation :<\/strong><\/p>\n<p>Bien agiter avant chaque utilisation. Vaporiser \u00e0 15 cm des aisselles.<\/p>\n<p><strong>Composition :<\/strong><\/p>\n<p>Butane, Isobutane, Propane, Cyclopentasiloxane, Aluminium Chlorhydrate, Caprylic\/Capric Triglyceride, Tocopheryl Acetate, PEG-6 Caprylic\/Capric Glycerides, Glycerin, Parfum, Stearalkonium Bentonite, Propylene Carbonate, Talc.<\/p>\n","protected":false},"excerpt":{"rendered":"<p>Cet Anti-Transpirant Spray agit durablement contre les pics de transpiration et neutralise les mauvaises odeurs. Il laisse sur votre peau un parfum frais et agr\u00e9able tout au long de la journ\u00e9e.<\/p>\n","protected":false},"featured_media":13982,"comment_status":"open","ping_status":"closed","template":"","meta":{"inline_featured_image":false,"_monsterinsights_skip_tracking":false,"_monsterinsights_sitenote_active":false,"_monsterinsights_sitenote_note":"","_monsterinsights_sitenote_category":0,"_joinchat":[]},"product_cat":[145],"product_tag":[],"class_list":{"0":"post-13981","1":"product","2":"type-product","3":"status-publish","4":"has-post-thumbnail","6":"product_cat-roges-cavalles","8":"first","9":"instock","10":"shipping-taxable","11":"purchasable","12":"product-type-simple","13":"add-to-wishlist-after_add_to_cart"},"aioseo_notices":[],"_links":{"self":[{"href":"https:\/\/pararepublique.com\/index.php\/wp-json\/wp\/v2\/product\/13981","targetHints":{"allow":["GET"]}}],"collection":[{"href":"https:\/\/pararepublique.com\/index.php\/wp-json\/wp\/v2\/product"}],"about":[{"href":"https:\/\/pararepublique.com\/index.php\/wp-json\/wp\/v2\/types\/product"}],"replies":[{"embeddable":true,"href":"https:\/\/pararepublique.com\/index.php\/wp-json\/wp\/v2\/comments?post=13981"}],"version-history":[{"count":2,"href":"https:\/\/pararepublique.com\/index.php\/wp-json\/wp\/v2\/product\/13981\/revisions"}],"predecessor-version":[{"id":13984,"href":"https:\/\/pararepublique.com\/index.php\/wp-json\/wp\/v2\/product\/13981\/revisions\/13984"}],"wp:featuredmedia":[{"embeddable":true,"href":"https:\/\/pararepublique.com\/index.php\/wp-json\/wp\/v2\/media\/13982"}],"wp:attachment":[{"href":"https:\/\/pararepublique.com\/index.php\/wp-json\/wp\/v2\/media?parent=13981"}],"wp:term":[{"taxonomy":"product_cat","embeddable":true,"href":"https:\/\/pararepublique.com\/index.php\/wp-json\/wp\/v2\/product_cat?post=13981"},{"taxonomy":"product_tag","embeddable":true,"href":"https:\/\/pararepublique.com\/index.php\/wp-json\/wp\/v2\/product_tag?post=13981"}],"curies":[{"name":"wp","href":"https:\/\/api.w.org\/{rel}","templated":true}]}}