{"id":13988,"date":"2024-11-27T11:57:39","date_gmt":"2024-11-27T11:57:39","guid":{"rendered":"https:\/\/pararepublique.com\/?post_type=product&#038;p=13988"},"modified":"2024-11-27T11:57:39","modified_gmt":"2024-11-27T11:57:39","slug":"roge-cavailes-deo-sans-aluminium-stick","status":"publish","type":"product","link":"https:\/\/pararepublique.com\/index.php\/product\/roge-cavailes-deo-sans-aluminium-stick\/","title":{"rendered":"ROGE CAVAILES DEO SANS ALUMINIUM STICK"},"content":{"rendered":"<p>D\u00e9couvrez le D\u00e9o-Soin Dermato Stick . Sa formule enrichie en actifs absorbants aide \u00e0 lutter contre l&rsquo;humidit\u00e9 et la sueur d\u00e8s sa formation, Sans sels d&rsquo;aluminium, il respecte parfaitement la peau, tout en assurant une vraie efficacit\u00e9 toute la journ\u00e9e contre les odeurs, Avec son parfum frais, il laisse votre peau saine et fra\u00eeche tout au long de la journ\u00e9e !<\/p>\n<p>LE PETIT PLUS<br \/>\nOptez pour le D\u00e9o Soin Dermato stick avec une formule toute douce et encore plus efficace, Est-il fait pour moi ? Peau sensible, irrit\u00e9e, qui tiraille? D\u00e9couvrez la formule haute tol\u00e9rance du D\u00e9o-soin dermato! Hypoallerg\u00e9nique, sans sels d&rsquo;aluminium, sans alcool et sans paraben, sa formule a \u00e9t\u00e9 test\u00e9e cliniquement sur peaux \u00e9pil\u00e9es,<\/p>\n<p><strong>CONSEILS D&rsquo;UTILISATION :<\/strong><br \/>\nAppliquez quotidiennement sur des aisselles propres et s\u00e8ches,<\/p>\n","protected":false},"excerpt":{"rendered":"<div class=\"intro desktop\">\n<p>Ce D\u00e9odorant Sans Sels d\u2019Aluminium est l\u2019alli\u00e9 fra\u00eecheur des peaux sensibles et irrit\u00e9es. Une sensation qui dure toute la journ\u00e9e.<\/p>\n<p>-Une formule enrichie en actifs absorbants pour combattre l\u2019humidit\u00e9 et neutraliser aur\u00e9oles et odeurs<\/p>\n<p>-Sans Sels d\u2019Aluminium pour conjuguer respect de votre peau, efficacit\u00e9 optimale et confort r\u00e9g\u00e9n\u00e9rant<\/p>\n<p>-L\u2019alliance parfum frais et formule extra-douce pour procurer fra\u00eecheur et hydratation \u00e0 votre peau tout au long de la journ\u00e9e<\/p>\n<\/div>\n","protected":false},"featured_media":13989,"comment_status":"open","ping_status":"closed","template":"","meta":{"inline_featured_image":false,"_monsterinsights_skip_tracking":false,"_monsterinsights_sitenote_active":false,"_monsterinsights_sitenote_note":"","_monsterinsights_sitenote_category":0,"_joinchat":[]},"product_cat":[145],"product_tag":[],"class_list":{"0":"post-13988","1":"product","2":"type-product","3":"status-publish","4":"has-post-thumbnail","6":"product_cat-roges-cavalles","8":"first","9":"instock","10":"shipping-taxable","11":"purchasable","12":"product-type-simple","13":"add-to-wishlist-after_add_to_cart"},"aioseo_notices":[],"_links":{"self":[{"href":"https:\/\/pararepublique.com\/index.php\/wp-json\/wp\/v2\/product\/13988","targetHints":{"allow":["GET"]}}],"collection":[{"href":"https:\/\/pararepublique.com\/index.php\/wp-json\/wp\/v2\/product"}],"about":[{"href":"https:\/\/pararepublique.com\/index.php\/wp-json\/wp\/v2\/types\/product"}],"replies":[{"embeddable":true,"href":"https:\/\/pararepublique.com\/index.php\/wp-json\/wp\/v2\/comments?post=13988"}],"version-history":[{"count":1,"href":"https:\/\/pararepublique.com\/index.php\/wp-json\/wp\/v2\/product\/13988\/revisions"}],"predecessor-version":[{"id":13990,"href":"https:\/\/pararepublique.com\/index.php\/wp-json\/wp\/v2\/product\/13988\/revisions\/13990"}],"wp:featuredmedia":[{"embeddable":true,"href":"https:\/\/pararepublique.com\/index.php\/wp-json\/wp\/v2\/media\/13989"}],"wp:attachment":[{"href":"https:\/\/pararepublique.com\/index.php\/wp-json\/wp\/v2\/media?parent=13988"}],"wp:term":[{"taxonomy":"product_cat","embeddable":true,"href":"https:\/\/pararepublique.com\/index.php\/wp-json\/wp\/v2\/product_cat?post=13988"},{"taxonomy":"product_tag","embeddable":true,"href":"https:\/\/pararepublique.com\/index.php\/wp-json\/wp\/v2\/product_tag?post=13988"}],"curies":[{"name":"wp","href":"https:\/\/api.w.org\/{rel}","templated":true}]}}