{"id":13991,"date":"2024-11-27T12:00:33","date_gmt":"2024-11-27T12:00:33","guid":{"rendered":"https:\/\/pararepublique.com\/?post_type=product&#038;p=13991"},"modified":"2024-11-27T12:00:34","modified_gmt":"2024-11-27T12:00:34","slug":"roge-cavailles-deo-sans-parfun","status":"publish","type":"product","link":"https:\/\/pararepublique.com\/index.php\/product\/roge-cavailles-deo-sans-parfun\/","title":{"rendered":"ROGE CAVAILLES DEO SANS PARFUN"},"content":{"rendered":"<div class=\"intro desktop\">\n<p>Cet Anti-Transpirant Sans Parfum vous accompagne en toute discr\u00e9tion tout au long de la journ\u00e9e. Un alli\u00e9 bien-\u00eatre qui conjugue fra\u00eecheur et confort r\u00e9g\u00e9n\u00e9rant.<\/p>\n<p>\u2013 Une PEAU respect\u00e9e et prot\u00e9g\u00e9e : Renfermant du surgras v\u00e9g\u00e9tal pro-r\u00e9g\u00e9n\u00e9rant\u00ae et des actifs ultra absorbants, notre formule sans alcool pr\u00e9vient des pics de transpiration pour un effet sec durable.<\/p>\n<p>\u2013 Un moment de BIEN-\u00caTRE gr\u00e2ce \u00e0 sa texture cr\u00e9meuse et sans parfum.<\/p>\n<p>\u2013 Un geste pour la PLAN\u00c8TE avec son flacon 100% en plastique recycl\u00e9 &amp; recyclable*.<\/p>\n<p>*sauf pigments colorants<\/p>\n<\/div>\n","protected":false},"excerpt":{"rendered":"<p>dapt\u00e9 \u00e0 TOUTES les aisselles, m\u00eame les plus sensibles.<\/p>\n","protected":false},"featured_media":13992,"comment_status":"open","ping_status":"closed","template":"","meta":{"inline_featured_image":false,"_monsterinsights_skip_tracking":false,"_monsterinsights_sitenote_active":false,"_monsterinsights_sitenote_note":"","_monsterinsights_sitenote_category":0,"_joinchat":[]},"product_cat":[145],"product_tag":[],"class_list":{"0":"post-13991","1":"product","2":"type-product","3":"status-publish","4":"has-post-thumbnail","6":"product_cat-roges-cavalles","8":"first","9":"instock","10":"shipping-taxable","11":"purchasable","12":"product-type-simple","13":"add-to-wishlist-after_add_to_cart"},"aioseo_notices":[],"_links":{"self":[{"href":"https:\/\/pararepublique.com\/index.php\/wp-json\/wp\/v2\/product\/13991","targetHints":{"allow":["GET"]}}],"collection":[{"href":"https:\/\/pararepublique.com\/index.php\/wp-json\/wp\/v2\/product"}],"about":[{"href":"https:\/\/pararepublique.com\/index.php\/wp-json\/wp\/v2\/types\/product"}],"replies":[{"embeddable":true,"href":"https:\/\/pararepublique.com\/index.php\/wp-json\/wp\/v2\/comments?post=13991"}],"version-history":[{"count":1,"href":"https:\/\/pararepublique.com\/index.php\/wp-json\/wp\/v2\/product\/13991\/revisions"}],"predecessor-version":[{"id":13993,"href":"https:\/\/pararepublique.com\/index.php\/wp-json\/wp\/v2\/product\/13991\/revisions\/13993"}],"wp:featuredmedia":[{"embeddable":true,"href":"https:\/\/pararepublique.com\/index.php\/wp-json\/wp\/v2\/media\/13992"}],"wp:attachment":[{"href":"https:\/\/pararepublique.com\/index.php\/wp-json\/wp\/v2\/media?parent=13991"}],"wp:term":[{"taxonomy":"product_cat","embeddable":true,"href":"https:\/\/pararepublique.com\/index.php\/wp-json\/wp\/v2\/product_cat?post=13991"},{"taxonomy":"product_tag","embeddable":true,"href":"https:\/\/pararepublique.com\/index.php\/wp-json\/wp\/v2\/product_tag?post=13991"}],"curies":[{"name":"wp","href":"https:\/\/api.w.org\/{rel}","templated":true}]}}