{"id":13994,"date":"2024-11-27T12:06:38","date_gmt":"2024-11-27T12:06:38","guid":{"rendered":"https:\/\/pararepublique.com\/?post_type=product&#038;p=13994"},"modified":"2024-11-27T12:06:38","modified_gmt":"2024-11-27T12:06:38","slug":"roge-cavailles-deo-sans-sel-roll-on","status":"publish","type":"product","link":"https:\/\/pararepublique.com\/index.php\/product\/roge-cavailles-deo-sans-sel-roll-on\/","title":{"rendered":"ROGE CAVAILLES DEO SANS SEL ROLL ON"},"content":{"rendered":"<p>Le\u00a0d\u00e9odorant\u00a0dermato anti-odeurs de Rog\u00e9 Cavaill\u00e8s, en format roll-on, il est con\u00e7u\u00a0pour types de peaux, m\u00eame les plus sensibles, il apporte\u00a0une sensation de fra\u00eecheur ainsi qu\u2019une protection optimale de 48H contre les\u00a0mauvaises odeurs\u00a0et la\u00a0transpiration. Sans sels d&rsquo;aluminium,\u00a0sans alcool et sans paraben, sa\u00a0formule aux agents ultra-absorbants et anti-humidit\u00e9,\u00a0vous assurent une protection optimale de la transpiration ainsi que des mauvaises odeurs, tout en limitant l\u2019apparition de traces blanches sur vos v\u00eatements.\u00a0Les\u00a0agents antibact\u00e9riens, pr\u00e9sents dans ce produit, ont pour r\u00f4le d\u2019\u00e9liminer et de limiter la prolif\u00e9ration de bact\u00e9ries responsables des mauvaises odeurs.\u00a0Ce d\u00e9o\u00a0bille vous assure une efficacit\u00e9 48h pour une sensation de fra\u00eecheur longue dur\u00e9e et\u00a0vous apporte un parfum rafra\u00eechissant et masculin.\u00a0La texture est onctueuse et agr\u00e9able lorsque l&rsquo;on fait rouler la bille sous les aisselles.\u00a0Test\u00e9 cliniquement sur peaux sensibles.<\/p>\n","protected":false},"excerpt":{"rendered":"<p>Assure une Protection Optimale Contre les Mauvaises Odeurs et la Transpiration\u00a0 Limite L&rsquo;apparition des Traces Blanches sur les V\u00eatements<\/p>\n","protected":false},"featured_media":13995,"comment_status":"open","ping_status":"closed","template":"","meta":{"inline_featured_image":false,"_monsterinsights_skip_tracking":false,"_monsterinsights_sitenote_active":false,"_monsterinsights_sitenote_note":"","_monsterinsights_sitenote_category":0,"_joinchat":[]},"product_cat":[145],"product_tag":[],"class_list":{"0":"post-13994","1":"product","2":"type-product","3":"status-publish","4":"has-post-thumbnail","6":"product_cat-roges-cavalles","8":"first","9":"instock","10":"shipping-taxable","11":"purchasable","12":"product-type-simple","13":"add-to-wishlist-after_add_to_cart"},"aioseo_notices":[],"_links":{"self":[{"href":"https:\/\/pararepublique.com\/index.php\/wp-json\/wp\/v2\/product\/13994","targetHints":{"allow":["GET"]}}],"collection":[{"href":"https:\/\/pararepublique.com\/index.php\/wp-json\/wp\/v2\/product"}],"about":[{"href":"https:\/\/pararepublique.com\/index.php\/wp-json\/wp\/v2\/types\/product"}],"replies":[{"embeddable":true,"href":"https:\/\/pararepublique.com\/index.php\/wp-json\/wp\/v2\/comments?post=13994"}],"version-history":[{"count":1,"href":"https:\/\/pararepublique.com\/index.php\/wp-json\/wp\/v2\/product\/13994\/revisions"}],"predecessor-version":[{"id":13996,"href":"https:\/\/pararepublique.com\/index.php\/wp-json\/wp\/v2\/product\/13994\/revisions\/13996"}],"wp:featuredmedia":[{"embeddable":true,"href":"https:\/\/pararepublique.com\/index.php\/wp-json\/wp\/v2\/media\/13995"}],"wp:attachment":[{"href":"https:\/\/pararepublique.com\/index.php\/wp-json\/wp\/v2\/media?parent=13994"}],"wp:term":[{"taxonomy":"product_cat","embeddable":true,"href":"https:\/\/pararepublique.com\/index.php\/wp-json\/wp\/v2\/product_cat?post=13994"},{"taxonomy":"product_tag","embeddable":true,"href":"https:\/\/pararepublique.com\/index.php\/wp-json\/wp\/v2\/product_tag?post=13994"}],"curies":[{"name":"wp","href":"https:\/\/api.w.org\/{rel}","templated":true}]}}