{"id":14020,"date":"2024-11-27T14:03:19","date_gmt":"2024-11-27T14:03:19","guid":{"rendered":"https:\/\/pararepublique.com\/?post_type=product&#038;p=14020"},"modified":"2024-11-27T14:03:20","modified_gmt":"2024-11-27T14:03:20","slug":"yafa-beauty-creme-vergetures-250g","status":"publish","type":"product","link":"https:\/\/pararepublique.com\/index.php\/product\/yafa-beauty-creme-vergetures-250g\/","title":{"rendered":"YAFA BEAUTY CREME VERGETURES 250G"},"content":{"rendered":"<p class=\"p1\">Notre cr\u00e8me anti vergeture , pr\u00e9vient l\u2019apparition de nouvelles vergetures et att\u00e9nue les vergetures deja install\u00e9es.<\/p>\n<p class=\"p1\">Elle aide la peau \u00e0 se r\u00e9g\u00e9n\u00e9rer et \u00e0 retrouver son \u00e9lasticit\u00e9.<\/p>\n<p class=\"p1\">Ideale pour les femmes enceintes elle peut \u00eatre appliqu\u00e9e sur les zones de tension (ventre et cuisse ) tout le long de la grossesse.<\/p>\n<p class=\"p1\">Contenance 250g<\/p>\n","protected":false},"excerpt":{"rendered":"<div class=\"woocommerce-product-details__short-description\">\n<p class=\"p1\">Composition:<\/p>\n<ul>\n<li class=\"p1\">Cacao brut<\/li>\n<li class=\"p1\">beurre de Karite<\/li>\n<li class=\"p1\">menthe poivree<\/li>\n<li class=\"p1\">cire d\u2019abeille<\/li>\n<li class=\"p1\">beurre de mangue<\/li>\n<li class=\"p1\">Avocat.<\/li>\n<\/ul>\n<\/div>\n","protected":false},"featured_media":14021,"comment_status":"open","ping_status":"closed","template":"","meta":{"inline_featured_image":false,"_monsterinsights_skip_tracking":false,"_monsterinsights_sitenote_active":false,"_monsterinsights_sitenote_note":"","_monsterinsights_sitenote_category":0,"_joinchat":[]},"product_cat":[134],"product_tag":[],"class_list":{"0":"post-14020","1":"product","2":"type-product","3":"status-publish","4":"has-post-thumbnail","6":"product_cat-yafa-beauty","8":"first","9":"instock","10":"shipping-taxable","11":"purchasable","12":"product-type-simple","13":"add-to-wishlist-after_add_to_cart"},"aioseo_notices":[],"_links":{"self":[{"href":"https:\/\/pararepublique.com\/index.php\/wp-json\/wp\/v2\/product\/14020","targetHints":{"allow":["GET"]}}],"collection":[{"href":"https:\/\/pararepublique.com\/index.php\/wp-json\/wp\/v2\/product"}],"about":[{"href":"https:\/\/pararepublique.com\/index.php\/wp-json\/wp\/v2\/types\/product"}],"replies":[{"embeddable":true,"href":"https:\/\/pararepublique.com\/index.php\/wp-json\/wp\/v2\/comments?post=14020"}],"version-history":[{"count":2,"href":"https:\/\/pararepublique.com\/index.php\/wp-json\/wp\/v2\/product\/14020\/revisions"}],"predecessor-version":[{"id":14023,"href":"https:\/\/pararepublique.com\/index.php\/wp-json\/wp\/v2\/product\/14020\/revisions\/14023"}],"wp:featuredmedia":[{"embeddable":true,"href":"https:\/\/pararepublique.com\/index.php\/wp-json\/wp\/v2\/media\/14021"}],"wp:attachment":[{"href":"https:\/\/pararepublique.com\/index.php\/wp-json\/wp\/v2\/media?parent=14020"}],"wp:term":[{"taxonomy":"product_cat","embeddable":true,"href":"https:\/\/pararepublique.com\/index.php\/wp-json\/wp\/v2\/product_cat?post=14020"},{"taxonomy":"product_tag","embeddable":true,"href":"https:\/\/pararepublique.com\/index.php\/wp-json\/wp\/v2\/product_tag?post=14020"}],"curies":[{"name":"wp","href":"https:\/\/api.w.org\/{rel}","templated":true}]}}