{"id":14028,"date":"2024-11-27T14:09:07","date_gmt":"2024-11-27T14:09:07","guid":{"rendered":"https:\/\/pararepublique.com\/?post_type=product&#038;p=14028"},"modified":"2024-11-27T14:09:07","modified_gmt":"2024-11-27T14:09:07","slug":"yafa-beauty-gommage-levres-15g","status":"publish","type":"product","link":"https:\/\/pararepublique.com\/index.php\/product\/yafa-beauty-gommage-levres-15g\/","title":{"rendered":"YAFA BEAUTY GOMMAGE LEVRES 15G"},"content":{"rendered":"<p><strong>Caract\u00e9ristiques Principales :<\/strong><\/p>\n<p><strong><span lang=\"FR-MA\">Exfoliation Douce<\/span><\/strong><span class=\"apple-converted-space\"><span lang=\"FR-MA\">\u00a0<\/span><\/span><span lang=\"FR-MA\">: Gr\u00e2ce aux cristaux de sucre combin\u00e9s \u00e0 la poudre naturelle de coquelicot, reconnue pour ses propri\u00e9t\u00e9s antioxydantes, revitalisantes et nourrissantes, ce gommage offre une exfoliation efficace tout en respectant la d\u00e9licatesse de vos l\u00e8vres.<\/span><\/p>\n<p><strong><span lang=\"FR-MA\">Nourrit et Hydrate<\/span><\/strong><span class=\"apple-converted-space\"><span lang=\"FR-MA\">\u00a0<\/span><\/span><span lang=\"FR-MA\">: Enrichi \u00e0 l\u2019huile d\u2019argan connue pour ces propri\u00e9t\u00e9s hydratantes et r\u00e9g\u00e9n\u00e8rantes, ce gommage laisse vos l\u00e8vres douces, hydrat\u00e9es, et revitalis\u00e9es, pr\u00eates \u00e0 affronter le quotidien.<\/span><\/p>\n<p><strong><span lang=\"FR-MA\">Application Facile<\/span><\/strong><span class=\"apple-converted-space\"><span lang=\"FR-MA\">\u00a0<\/span><\/span><span lang=\"FR-MA\">: Con\u00e7u pour une utilisation simple, ce gommage s\u2019applique ais\u00e9ment, se rince sans effort, et r\u00e9v\u00e8le des l\u00e8vres visiblement plus lisses et plus douces.<\/span><\/p>\n<p><strong>Pourquoi Choisir Notre Gommage Exfoliant ?<\/strong><\/p>\n<p>Parfait \u00e0 int\u00e9grer dans votre routine de soin des l\u00e8vres, le Gommage Exfoliant \u00e0 la Poudre Naturelle Aker Fassi de Julia &amp; Rose, est le secret pour des l\u00e8vres toujours pr\u00eates \u00e0 briller. Id\u00e9al avant l\u2019application de votre baume ou de votre rouge \u00e0 l\u00e8vres pr\u00e9f\u00e9r\u00e9, il pr\u00e9pare la surface des l\u00e8vres pour une application plus lisse et une tenue prolong\u00e9e.<\/p>\n","protected":false},"excerpt":{"rendered":"<p><span lang=\"FR-MA\">Ce gommage est con\u00e7u pour exfolier en douceur les l\u00e8vres et aide \u00e0 renouveler la peau, laissant une peau lisse, douce, et pr\u00eate \u00e0 absorber pleinement l\u2019hydratation<\/span><\/p>\n","protected":false},"featured_media":14029,"comment_status":"open","ping_status":"closed","template":"","meta":{"inline_featured_image":false,"_monsterinsights_skip_tracking":false,"_monsterinsights_sitenote_active":false,"_monsterinsights_sitenote_note":"","_monsterinsights_sitenote_category":0,"_joinchat":[]},"product_cat":[134],"product_tag":[],"class_list":{"0":"post-14028","1":"product","2":"type-product","3":"status-publish","4":"has-post-thumbnail","6":"product_cat-yafa-beauty","8":"first","9":"instock","10":"shipping-taxable","11":"purchasable","12":"product-type-simple","13":"add-to-wishlist-after_add_to_cart"},"aioseo_notices":[],"_links":{"self":[{"href":"https:\/\/pararepublique.com\/index.php\/wp-json\/wp\/v2\/product\/14028","targetHints":{"allow":["GET"]}}],"collection":[{"href":"https:\/\/pararepublique.com\/index.php\/wp-json\/wp\/v2\/product"}],"about":[{"href":"https:\/\/pararepublique.com\/index.php\/wp-json\/wp\/v2\/types\/product"}],"replies":[{"embeddable":true,"href":"https:\/\/pararepublique.com\/index.php\/wp-json\/wp\/v2\/comments?post=14028"}],"version-history":[{"count":2,"href":"https:\/\/pararepublique.com\/index.php\/wp-json\/wp\/v2\/product\/14028\/revisions"}],"predecessor-version":[{"id":14031,"href":"https:\/\/pararepublique.com\/index.php\/wp-json\/wp\/v2\/product\/14028\/revisions\/14031"}],"wp:featuredmedia":[{"embeddable":true,"href":"https:\/\/pararepublique.com\/index.php\/wp-json\/wp\/v2\/media\/14029"}],"wp:attachment":[{"href":"https:\/\/pararepublique.com\/index.php\/wp-json\/wp\/v2\/media?parent=14028"}],"wp:term":[{"taxonomy":"product_cat","embeddable":true,"href":"https:\/\/pararepublique.com\/index.php\/wp-json\/wp\/v2\/product_cat?post=14028"},{"taxonomy":"product_tag","embeddable":true,"href":"https:\/\/pararepublique.com\/index.php\/wp-json\/wp\/v2\/product_tag?post=14028"}],"curies":[{"name":"wp","href":"https:\/\/api.w.org\/{rel}","templated":true}]}}