{"id":14038,"date":"2024-11-27T14:30:49","date_gmt":"2024-11-27T14:30:49","guid":{"rendered":"https:\/\/pararepublique.com\/?post_type=product&#038;p=14038"},"modified":"2026-03-09T15:58:35","modified_gmt":"2026-03-09T15:58:35","slug":"yafa-beauty-lait-capillaire-250ml","status":"publish","type":"product","link":"https:\/\/pararepublique.com\/index.php\/product\/yafa-beauty-lait-capillaire-250ml\/","title":{"rendered":"YAFA BEAUTY LAIT CAPILLAIRE 250ML"},"content":{"rendered":"<p>Utilisation :<\/p>\n<ul>\n<li class=\"p1\">\u00a0Hydrate vos longueurs en toute l\u00e9g\u00e8ret\u00e9 .<\/li>\n<li class=\"p1\">Nourrit en profondeur les cheveux secs<\/li>\n<li class=\"p1\">R\u00e9duits l\u2019ass\u00e8chement des cheveux.<\/li>\n<li class=\"p1\">Aide \u00e0 revitaliser les cheveux en transition.<\/li>\n<li class=\"p1\">Restaure la douceur.<\/li>\n<li class=\"p1\">Apporte un toucher soyeux.<\/li>\n<li class=\"p1\">Prot\u00e8ge de la casse.<\/li>\n<li class=\"p1\">Fournit une hydratation intense qui laisse les cheveux doux et mall\u00e9ables.<\/li>\n<\/ul>\n","protected":false},"excerpt":{"rendered":"<div class=\"woocommerce-product-details__short-description\">\n<p>Composition : Eau , lait de coco , eau de rose<\/p>\n<\/div>\n","protected":false},"featured_media":14039,"comment_status":"open","ping_status":"closed","template":"","meta":{"inline_featured_image":false,"_monsterinsights_skip_tracking":false,"_monsterinsights_sitenote_active":false,"_monsterinsights_sitenote_note":"","_monsterinsights_sitenote_category":0,"_joinchat":[]},"product_cat":[134],"product_tag":[],"class_list":{"0":"post-14038","1":"product","2":"type-product","3":"status-publish","4":"has-post-thumbnail","6":"product_cat-yafa-beauty","8":"first","9":"instock","10":"featured","11":"shipping-taxable","12":"purchasable","13":"product-type-simple","14":"add-to-wishlist-after_add_to_cart"},"aioseo_notices":[],"_links":{"self":[{"href":"https:\/\/pararepublique.com\/index.php\/wp-json\/wp\/v2\/product\/14038","targetHints":{"allow":["GET"]}}],"collection":[{"href":"https:\/\/pararepublique.com\/index.php\/wp-json\/wp\/v2\/product"}],"about":[{"href":"https:\/\/pararepublique.com\/index.php\/wp-json\/wp\/v2\/types\/product"}],"replies":[{"embeddable":true,"href":"https:\/\/pararepublique.com\/index.php\/wp-json\/wp\/v2\/comments?post=14038"}],"version-history":[{"count":1,"href":"https:\/\/pararepublique.com\/index.php\/wp-json\/wp\/v2\/product\/14038\/revisions"}],"predecessor-version":[{"id":14040,"href":"https:\/\/pararepublique.com\/index.php\/wp-json\/wp\/v2\/product\/14038\/revisions\/14040"}],"wp:featuredmedia":[{"embeddable":true,"href":"https:\/\/pararepublique.com\/index.php\/wp-json\/wp\/v2\/media\/14039"}],"wp:attachment":[{"href":"https:\/\/pararepublique.com\/index.php\/wp-json\/wp\/v2\/media?parent=14038"}],"wp:term":[{"taxonomy":"product_cat","embeddable":true,"href":"https:\/\/pararepublique.com\/index.php\/wp-json\/wp\/v2\/product_cat?post=14038"},{"taxonomy":"product_tag","embeddable":true,"href":"https:\/\/pararepublique.com\/index.php\/wp-json\/wp\/v2\/product_tag?post=14038"}],"curies":[{"name":"wp","href":"https:\/\/api.w.org\/{rel}","templated":true}]}}