{"id":14047,"date":"2024-11-27T14:44:18","date_gmt":"2024-11-27T14:44:18","guid":{"rendered":"https:\/\/pararepublique.com\/?post_type=product&#038;p=14047"},"modified":"2026-03-09T15:58:31","modified_gmt":"2026-03-09T15:58:31","slug":"yafa-beauty-lait-corps-500ml-ecreme","status":"publish","type":"product","link":"https:\/\/pararepublique.com\/index.php\/product\/yafa-beauty-lait-corps-500ml-ecreme\/","title":{"rendered":"YAFA BEAUTY LAIT CORPS 500ML ECREME"},"content":{"rendered":"<p>Composition :Cacao , lavande,<span class=\"Apple-converted-space\">\u00a0\u00a0<\/span>vit E<\/p>\n<p class=\"p1\">Utilisation :<\/p>\n<ul>\n<li>\n<ul>\n<li class=\"p1\">Hydrate intens\u00e9ment la peau<\/li>\n<li class=\"p1\">Lisse le grain de peau<\/li>\n<li class=\"p1\">Unifie et illumine le teint<\/li>\n<li class=\"p1\">Att\u00e9nue les taches et les cicatrices<\/li>\n<li class=\"p1\">Am\u00e9liore la souplesse et l\u2019\u00e9lasticit\u00e9 de la peau<\/li>\n<li class=\"p1\">Aide la peau \u00e0 se r\u00e9g\u00e9n\u00e9rer.<\/li>\n<li class=\"p1\">Grace \u00e0 l\u2019action combin\u00e9e du beurre de cacao de l\u2019avocat et de la lavande votre peau sera intens\u00e9ment nourrie , unifi\u00e9e , avec un teint lisse et \u00e9clatant.<\/li>\n<\/ul>\n<\/li>\n<\/ul>\n<p>. IL NE S\u2019APPLIQUE PAS SUR LE VISAGE.<\/p>\n","protected":false},"excerpt":{"rendered":"<p class=\"p1\">Hydrate intens\u00e9ment la peau<\/p>\n<p class=\"p1\">\u2022Lisse le grain de peau<\/p>\n<p class=\"p1\">\u2022Unifie et illumine le teint<\/p>\n<p class=\"p1\">\u2022Att\u00e9nue les taches et les cicatrices<\/p>\n<p class=\"p1\">\u2022Am\u00e9liore la souplesse et l\u2019\u00e9lasticit\u00e9 de la peau<\/p>\n<p class=\"p1\">\u2022Aide la peau \u00e0 se r\u00e9g\u00e9n\u00e9rer.<\/p>\n<p>Contenance : 500ML<\/p>\n","protected":false},"featured_media":14048,"comment_status":"open","ping_status":"closed","template":"","meta":{"inline_featured_image":false,"_monsterinsights_skip_tracking":false,"_monsterinsights_sitenote_active":false,"_monsterinsights_sitenote_note":"","_monsterinsights_sitenote_category":0,"_joinchat":[]},"product_cat":[134],"product_tag":[],"class_list":{"0":"post-14047","1":"product","2":"type-product","3":"status-publish","4":"has-post-thumbnail","6":"product_cat-yafa-beauty","8":"first","9":"instock","10":"featured","11":"shipping-taxable","12":"purchasable","13":"product-type-simple","14":"add-to-wishlist-after_add_to_cart"},"aioseo_notices":[],"_links":{"self":[{"href":"https:\/\/pararepublique.com\/index.php\/wp-json\/wp\/v2\/product\/14047","targetHints":{"allow":["GET"]}}],"collection":[{"href":"https:\/\/pararepublique.com\/index.php\/wp-json\/wp\/v2\/product"}],"about":[{"href":"https:\/\/pararepublique.com\/index.php\/wp-json\/wp\/v2\/types\/product"}],"replies":[{"embeddable":true,"href":"https:\/\/pararepublique.com\/index.php\/wp-json\/wp\/v2\/comments?post=14047"}],"version-history":[{"count":2,"href":"https:\/\/pararepublique.com\/index.php\/wp-json\/wp\/v2\/product\/14047\/revisions"}],"predecessor-version":[{"id":14050,"href":"https:\/\/pararepublique.com\/index.php\/wp-json\/wp\/v2\/product\/14047\/revisions\/14050"}],"wp:featuredmedia":[{"embeddable":true,"href":"https:\/\/pararepublique.com\/index.php\/wp-json\/wp\/v2\/media\/14048"}],"wp:attachment":[{"href":"https:\/\/pararepublique.com\/index.php\/wp-json\/wp\/v2\/media?parent=14047"}],"wp:term":[{"taxonomy":"product_cat","embeddable":true,"href":"https:\/\/pararepublique.com\/index.php\/wp-json\/wp\/v2\/product_cat?post=14047"},{"taxonomy":"product_tag","embeddable":true,"href":"https:\/\/pararepublique.com\/index.php\/wp-json\/wp\/v2\/product_tag?post=14047"}],"curies":[{"name":"wp","href":"https:\/\/api.w.org\/{rel}","templated":true}]}}