{"id":14051,"date":"2024-11-27T14:46:52","date_gmt":"2024-11-27T14:46:52","guid":{"rendered":"https:\/\/pararepublique.com\/?post_type=product&#038;p=14051"},"modified":"2026-03-09T15:47:21","modified_gmt":"2026-03-09T15:47:21","slug":"yafa-beauty-lotion-nettoyante","status":"publish","type":"product","link":"https:\/\/pararepublique.com\/index.php\/product\/yafa-beauty-lotion-nettoyante\/","title":{"rendered":"YAFA BEAUTY LOTION NETTOYANTE"},"content":{"rendered":"<p>Notre lotion nettoyante est une explosion de puret\u00e9 , parfaite pour les peaux \u00e0 probl\u00e8mes , elle estompe les taches , r\u00e9duit la peau grasse , combat l\u2019acn\u00e9 et le melasma en association avec le savon nettoyant.<br \/>\nRetrouvez une peau repulp\u00e9e , tonifi\u00e9e et plus \u00e9clatante que jamais .Mode d\u2019emploi : \u00c0 utiliser uniquement la nuit sur un visage pr\u00e9alablement nettoy\u00e9 et s\u00e9ch\u00e9 , \u00e0 l\u2019aide d\u2019un disque de coton appliquer la lotion sur le visage et le cou , avant d\u2019appliquer votre cr\u00e8me de nuit.Composition : the vert, camomille, fleur de rose , hibiscus extrait de jasmin , jus daloe vera , vitamine C .Ne s\u2019utilise pas sur les rougeurs ainsi que sur une peau irrit\u00e9e .<br \/>\nMettre une creme solaire en journee<\/p>\n","protected":false},"excerpt":{"rendered":"<div dir=\"ltr\">\n<div dir=\"ltr\">Parfaite pour les peaux \u00e0 probl\u00e8mes<\/div>\n<\/div>\n<p class=\"p1\">\u2022Estompe les taches<\/p>\n<p class=\"p1\">\u2022R\u00e9duit la peau grasse<\/p>\n<p class=\"p1\">\u2022Combat l\u2019acn\u00e9 et le melasma<\/p>\n","protected":false},"featured_media":14053,"comment_status":"open","ping_status":"closed","template":"","meta":{"inline_featured_image":false,"_monsterinsights_skip_tracking":false,"_monsterinsights_sitenote_active":false,"_monsterinsights_sitenote_note":"","_monsterinsights_sitenote_category":0,"_joinchat":[]},"product_cat":[134],"product_tag":[],"class_list":{"0":"post-14051","1":"product","2":"type-product","3":"status-publish","4":"has-post-thumbnail","6":"product_cat-yafa-beauty","8":"first","9":"instock","10":"featured","11":"shipping-taxable","12":"purchasable","13":"product-type-simple","14":"add-to-wishlist-after_add_to_cart"},"aioseo_notices":[],"_links":{"self":[{"href":"https:\/\/pararepublique.com\/index.php\/wp-json\/wp\/v2\/product\/14051","targetHints":{"allow":["GET"]}}],"collection":[{"href":"https:\/\/pararepublique.com\/index.php\/wp-json\/wp\/v2\/product"}],"about":[{"href":"https:\/\/pararepublique.com\/index.php\/wp-json\/wp\/v2\/types\/product"}],"replies":[{"embeddable":true,"href":"https:\/\/pararepublique.com\/index.php\/wp-json\/wp\/v2\/comments?post=14051"}],"version-history":[{"count":2,"href":"https:\/\/pararepublique.com\/index.php\/wp-json\/wp\/v2\/product\/14051\/revisions"}],"predecessor-version":[{"id":14055,"href":"https:\/\/pararepublique.com\/index.php\/wp-json\/wp\/v2\/product\/14051\/revisions\/14055"}],"wp:featuredmedia":[{"embeddable":true,"href":"https:\/\/pararepublique.com\/index.php\/wp-json\/wp\/v2\/media\/14053"}],"wp:attachment":[{"href":"https:\/\/pararepublique.com\/index.php\/wp-json\/wp\/v2\/media?parent=14051"}],"wp:term":[{"taxonomy":"product_cat","embeddable":true,"href":"https:\/\/pararepublique.com\/index.php\/wp-json\/wp\/v2\/product_cat?post=14051"},{"taxonomy":"product_tag","embeddable":true,"href":"https:\/\/pararepublique.com\/index.php\/wp-json\/wp\/v2\/product_tag?post=14051"}],"curies":[{"name":"wp","href":"https:\/\/api.w.org\/{rel}","templated":true}]}}