{"id":14063,"date":"2024-11-27T14:55:46","date_gmt":"2024-11-27T14:55:46","guid":{"rendered":"https:\/\/pararepublique.com\/?post_type=product&#038;p=14063"},"modified":"2026-03-09T15:47:16","modified_gmt":"2026-03-09T15:47:16","slug":"yafa-beauty-mousse-hydratante-250g","status":"publish","type":"product","link":"https:\/\/pararepublique.com\/index.php\/product\/yafa-beauty-mousse-hydratante-250g\/","title":{"rendered":"YAFA BEAUTY MOUSSE HYDRATANTE 250G"},"content":{"rendered":"<p>Mousse hydratante<br \/>\nKarite \u2013 Cacao<br \/>\nVanille \u2013 coco<\/p>\n<p>Notre mousse \u00e0 base de Karite de cacao et de coco a pour bu principal de nourrir et d\u2019hydrater intens\u00e9ment la peau mais aussi les cheveux . Sa formule Chantilly , onctueuse mais l\u00e9g\u00e8re p\u00e9n\u00e8tre imm\u00e9diatement, laisse votre peau douce , maintient l\u2019hydratation des peaux particuli\u00e8rement s\u00e8ches mais, est \u00e9galement parfaite pour sceller votre hydratation capillaire.<br \/>\nVeritable passe partout elle peut s\u2019utiliser sur le corps , les cheveux , les l\u00e8vres , les pieds secs et gerc\u00e9s \u00e0 votre guise selon vos besoins. Un must have !!!<\/p>\n","protected":false},"excerpt":{"rendered":"<p>La p\u00e9riode de fra\u00eecheur s\u2019annonce \u00e0 grand pas et avec elle , les l\u00e8vres s\u00e8ches, la peau qui tiraille mais aussi les cheveux secs et cassants. DEUX mots d\u2019ordre NUTRITION ET HYDRATATION . Pour se faire , rien de mieux que notre MOUSSE HYDRATANTE ET NOURRISSANTE . On vous la pr\u00e9sente sans plus attendre<\/p>\n","protected":false},"featured_media":14064,"comment_status":"open","ping_status":"closed","template":"","meta":{"inline_featured_image":false,"_monsterinsights_skip_tracking":false,"_monsterinsights_sitenote_active":false,"_monsterinsights_sitenote_note":"","_monsterinsights_sitenote_category":0,"_joinchat":[]},"product_cat":[134],"product_tag":[],"class_list":{"0":"post-14063","1":"product","2":"type-product","3":"status-publish","4":"has-post-thumbnail","6":"product_cat-yafa-beauty","8":"first","9":"instock","10":"featured","11":"shipping-taxable","12":"purchasable","13":"product-type-simple","14":"add-to-wishlist-after_add_to_cart"},"aioseo_notices":[],"_links":{"self":[{"href":"https:\/\/pararepublique.com\/index.php\/wp-json\/wp\/v2\/product\/14063","targetHints":{"allow":["GET"]}}],"collection":[{"href":"https:\/\/pararepublique.com\/index.php\/wp-json\/wp\/v2\/product"}],"about":[{"href":"https:\/\/pararepublique.com\/index.php\/wp-json\/wp\/v2\/types\/product"}],"replies":[{"embeddable":true,"href":"https:\/\/pararepublique.com\/index.php\/wp-json\/wp\/v2\/comments?post=14063"}],"version-history":[{"count":1,"href":"https:\/\/pararepublique.com\/index.php\/wp-json\/wp\/v2\/product\/14063\/revisions"}],"predecessor-version":[{"id":14065,"href":"https:\/\/pararepublique.com\/index.php\/wp-json\/wp\/v2\/product\/14063\/revisions\/14065"}],"wp:featuredmedia":[{"embeddable":true,"href":"https:\/\/pararepublique.com\/index.php\/wp-json\/wp\/v2\/media\/14064"}],"wp:attachment":[{"href":"https:\/\/pararepublique.com\/index.php\/wp-json\/wp\/v2\/media?parent=14063"}],"wp:term":[{"taxonomy":"product_cat","embeddable":true,"href":"https:\/\/pararepublique.com\/index.php\/wp-json\/wp\/v2\/product_cat?post=14063"},{"taxonomy":"product_tag","embeddable":true,"href":"https:\/\/pararepublique.com\/index.php\/wp-json\/wp\/v2\/product_tag?post=14063"}],"curies":[{"name":"wp","href":"https:\/\/api.w.org\/{rel}","templated":true}]}}