{"id":14090,"date":"2024-11-28T12:38:54","date_gmt":"2024-11-28T12:38:54","guid":{"rendered":"https:\/\/pararepublique.com\/?post_type=product&#038;p=14090"},"modified":"2024-11-28T13:35:07","modified_gmt":"2024-11-28T13:35:07","slug":"skin-bio-pack-savonlait","status":"publish","type":"product","link":"https:\/\/pararepublique.com\/index.php\/product\/skin-bio-pack-savonlait\/","title":{"rendered":"SKIN BIO PACK SAVON+LAIT"},"content":{"rendered":"<p>D\u00e9couvrez notre <strong>Pack Beaut\u00e9 au Lait d&rsquo;\u00c2nesse<\/strong>, une routine compl\u00e8te de soins naturels pour le corps et le visage, formul\u00e9e avec du <strong>lait d&rsquo;\u00e2nesse bio et frais<\/strong>.<\/p>\n","protected":false},"excerpt":{"rendered":"<p>Ce pack associe hydratation et r\u00e9g\u00e9n\u00e9ration pour une peau douce, nourrie et \u00e9clatante au quotidien.<\/p>\n","protected":false},"featured_media":14149,"comment_status":"open","ping_status":"closed","template":"","meta":{"inline_featured_image":false,"_monsterinsights_skip_tracking":false,"_monsterinsights_sitenote_active":false,"_monsterinsights_sitenote_note":"","_monsterinsights_sitenote_category":0,"_joinchat":[]},"product_cat":[131],"product_tag":[],"class_list":{"0":"post-14090","1":"product","2":"type-product","3":"status-publish","4":"has-post-thumbnail","6":"product_cat-skin-biology","8":"first","9":"instock","10":"shipping-taxable","11":"purchasable","12":"product-type-simple","13":"add-to-wishlist-after_add_to_cart"},"aioseo_notices":[],"_links":{"self":[{"href":"https:\/\/pararepublique.com\/index.php\/wp-json\/wp\/v2\/product\/14090","targetHints":{"allow":["GET"]}}],"collection":[{"href":"https:\/\/pararepublique.com\/index.php\/wp-json\/wp\/v2\/product"}],"about":[{"href":"https:\/\/pararepublique.com\/index.php\/wp-json\/wp\/v2\/types\/product"}],"replies":[{"embeddable":true,"href":"https:\/\/pararepublique.com\/index.php\/wp-json\/wp\/v2\/comments?post=14090"}],"version-history":[{"count":2,"href":"https:\/\/pararepublique.com\/index.php\/wp-json\/wp\/v2\/product\/14090\/revisions"}],"predecessor-version":[{"id":14150,"href":"https:\/\/pararepublique.com\/index.php\/wp-json\/wp\/v2\/product\/14090\/revisions\/14150"}],"wp:featuredmedia":[{"embeddable":true,"href":"https:\/\/pararepublique.com\/index.php\/wp-json\/wp\/v2\/media\/14149"}],"wp:attachment":[{"href":"https:\/\/pararepublique.com\/index.php\/wp-json\/wp\/v2\/media?parent=14090"}],"wp:term":[{"taxonomy":"product_cat","embeddable":true,"href":"https:\/\/pararepublique.com\/index.php\/wp-json\/wp\/v2\/product_cat?post=14090"},{"taxonomy":"product_tag","embeddable":true,"href":"https:\/\/pararepublique.com\/index.php\/wp-json\/wp\/v2\/product_tag?post=14090"}],"curies":[{"name":"wp","href":"https:\/\/api.w.org\/{rel}","templated":true}]}}