{"id":14110,"date":"2024-11-28T12:58:33","date_gmt":"2024-11-28T12:58:33","guid":{"rendered":"https:\/\/pararepublique.com\/?post_type=product&#038;p=14110"},"modified":"2024-11-28T12:58:33","modified_gmt":"2024-11-28T12:58:33","slug":"skin-biology-acide-hyaluronic-ser","status":"publish","type":"product","link":"https:\/\/pararepublique.com\/index.php\/product\/skin-biology-acide-hyaluronic-ser\/","title":{"rendered":"SKIN BIOLOGY ACIDE HYALURONIC SER\u2026"},"content":{"rendered":"<div class=\"page\" title=\"Page 8\">\n<div class=\"layoutArea\">\n<div class=\"column\">\n<p>Ce s\u00e9rum \u00e0 l\u2019acide hyaluronique est un produit de soin de la peau tr\u00e8s pris\u00e9, appr\u00e9ci\u00e9 pour ses propri\u00e9t\u00e9s hydratantes et repulpantes. Ce s\u00e9rum est formul\u00e9 avec de l\u2019acide hyaluronique, un ingr\u00e9dient naturellement pr\u00e9sent dans notre corps qui aide \u00e0 maintenir la peau hydrat\u00e9e et souple.<br \/>\nLorsque vous ouvrez le flacon, vous \u00eates accueilli par une texture l\u00e9g\u00e8re et fluide qui s\u2019\u00e9tale facilement sur la peau. Le s\u00e9rum p\u00e9n\u00e8tre rapidement, laissant une sensation de fra\u00eecheur et d\u2019hydratation instantan\u00e9e. Il ne laisse aucun r\u00e9sidu collant, ce qui en fait une base id\u00e9ale pour l\u2019application du maquillage.<\/p>\n<\/div>\n<\/div>\n<\/div>\n<p>&nbsp;<\/p>\n","protected":false},"excerpt":{"rendered":"<p>Hyaluronic Acid &amp; Portulaca Oleracea &amp; Hydrolyzed Wheat Protein<\/p>\n","protected":false},"featured_media":14111,"comment_status":"open","ping_status":"closed","template":"","meta":{"inline_featured_image":false,"_monsterinsights_skip_tracking":false,"_monsterinsights_sitenote_active":false,"_monsterinsights_sitenote_note":"","_monsterinsights_sitenote_category":0,"_joinchat":[]},"product_cat":[131],"product_tag":[],"class_list":{"0":"post-14110","1":"product","2":"type-product","3":"status-publish","4":"has-post-thumbnail","6":"product_cat-skin-biology","8":"first","9":"instock","10":"shipping-taxable","11":"purchasable","12":"product-type-simple","13":"add-to-wishlist-after_add_to_cart"},"aioseo_notices":[],"_links":{"self":[{"href":"https:\/\/pararepublique.com\/index.php\/wp-json\/wp\/v2\/product\/14110","targetHints":{"allow":["GET"]}}],"collection":[{"href":"https:\/\/pararepublique.com\/index.php\/wp-json\/wp\/v2\/product"}],"about":[{"href":"https:\/\/pararepublique.com\/index.php\/wp-json\/wp\/v2\/types\/product"}],"replies":[{"embeddable":true,"href":"https:\/\/pararepublique.com\/index.php\/wp-json\/wp\/v2\/comments?post=14110"}],"version-history":[{"count":1,"href":"https:\/\/pararepublique.com\/index.php\/wp-json\/wp\/v2\/product\/14110\/revisions"}],"predecessor-version":[{"id":14112,"href":"https:\/\/pararepublique.com\/index.php\/wp-json\/wp\/v2\/product\/14110\/revisions\/14112"}],"wp:featuredmedia":[{"embeddable":true,"href":"https:\/\/pararepublique.com\/index.php\/wp-json\/wp\/v2\/media\/14111"}],"wp:attachment":[{"href":"https:\/\/pararepublique.com\/index.php\/wp-json\/wp\/v2\/media?parent=14110"}],"wp:term":[{"taxonomy":"product_cat","embeddable":true,"href":"https:\/\/pararepublique.com\/index.php\/wp-json\/wp\/v2\/product_cat?post=14110"},{"taxonomy":"product_tag","embeddable":true,"href":"https:\/\/pararepublique.com\/index.php\/wp-json\/wp\/v2\/product_tag?post=14110"}],"curies":[{"name":"wp","href":"https:\/\/api.w.org\/{rel}","templated":true}]}}