{"id":14122,"date":"2024-11-28T13:07:39","date_gmt":"2024-11-28T13:07:39","guid":{"rendered":"https:\/\/pararepublique.com\/?post_type=product&#038;p=14122"},"modified":"2024-11-28T13:07:39","modified_gmt":"2024-11-28T13:07:39","slug":"skin-biology-creme-retinol","status":"publish","type":"product","link":"https:\/\/pararepublique.com\/index.php\/product\/skin-biology-creme-retinol\/","title":{"rendered":"SKIN BIOLOGY CREME RETINOL"},"content":{"rendered":"<div class=\"page\" title=\"Page 10\">\n<div class=\"layoutArea\">\n<div class=\"column\">\n<p>Cr\u00e8me R\u00e9tinol est un produit r\u00e9volutionnaire qui offre une solution compl\u00e8te pour lutter contre l\u2019acn\u00e9 et les rides. Cette cr\u00e8me hautement efficace combine les bienfaits du r\u00e9tinol avec d\u2019autres ingr\u00e9dients nourrissants pour offrir une exp\u00e9rience de soin de la peau in\u00e9gal\u00e9e.<br \/>\nLorsqu\u2019il s\u2019agit de lutter contre l\u2019acn\u00e9, la Cr\u00e8me R\u00e9tinol est votre alli\u00e9e ultime. Le r\u00e9tinol, une forme de vitamine A, agit en profondeur pour r\u00e9guler la production de s\u00e9bum, r\u00e9duire l\u2019inflammation et \u00e9liminer les imperfections cutan\u00e9es. Il aide \u00e0 d\u00e9loger les com\u00e9dons, \u00e0 d\u00e9sobstruer les pores et \u00e0 pr\u00e9venir la formation de nouvelles \u00e9ruptions cutan\u00e9es, laissant votre peau nette, lisse et \u00e9clatante.<br \/>\nEn ce qui concerne les rides, la Cr\u00e8me R\u00e9tinol est un v\u00e9ritable atout. Le r\u00e9tinol favorise le renouvellement cellulaire, stimulant ainsi la production de collag\u00e8ne et d\u2019\u00e9lastine dans la peau. Cela aide \u00e0 lisser les rides existantes, \u00e0 r\u00e9duire l\u2019apparence des ridules et \u00e0 am\u00e9liorer la fermet\u00e9 et l\u2019\u00e9lasticit\u00e9 de la peauRetinol \u00b7 Hyaluronic Acid \u00b7 Vitamin E Green Tea \u00b7 Apple Fruit Extract<\/p>\n<\/div>\n<\/div>\n<\/div>\n<p>En finir une bonne fois pour toute avec les imperfections!<\/p>\n","protected":false},"excerpt":{"rendered":"<div class=\"page\" title=\"Page 10\">\n<div class=\"layoutArea\">\n<div class=\"column\">\n<p>Retinol \u00b7 Hyaluronic Acid \u00b7 Vitamin E Green Tea \u00b7 Apple Fruit Extract<\/p>\n<\/div>\n<\/div>\n<\/div>\n<p>En finir une bonne fois pour toute avec les imperfections!<\/p>\n<p><strong>D\u00e9conseill\u00e9e aux femmes enceintes.<\/strong><\/p>\n","protected":false},"featured_media":14123,"comment_status":"open","ping_status":"closed","template":"","meta":{"inline_featured_image":false,"_monsterinsights_skip_tracking":false,"_monsterinsights_sitenote_active":false,"_monsterinsights_sitenote_note":"","_monsterinsights_sitenote_category":0,"_joinchat":[]},"product_cat":[131],"product_tag":[],"class_list":{"0":"post-14122","1":"product","2":"type-product","3":"status-publish","4":"has-post-thumbnail","6":"product_cat-skin-biology","8":"first","9":"instock","10":"shipping-taxable","11":"purchasable","12":"product-type-simple","13":"add-to-wishlist-after_add_to_cart"},"aioseo_notices":[],"_links":{"self":[{"href":"https:\/\/pararepublique.com\/index.php\/wp-json\/wp\/v2\/product\/14122","targetHints":{"allow":["GET"]}}],"collection":[{"href":"https:\/\/pararepublique.com\/index.php\/wp-json\/wp\/v2\/product"}],"about":[{"href":"https:\/\/pararepublique.com\/index.php\/wp-json\/wp\/v2\/types\/product"}],"replies":[{"embeddable":true,"href":"https:\/\/pararepublique.com\/index.php\/wp-json\/wp\/v2\/comments?post=14122"}],"version-history":[{"count":1,"href":"https:\/\/pararepublique.com\/index.php\/wp-json\/wp\/v2\/product\/14122\/revisions"}],"predecessor-version":[{"id":14124,"href":"https:\/\/pararepublique.com\/index.php\/wp-json\/wp\/v2\/product\/14122\/revisions\/14124"}],"wp:featuredmedia":[{"embeddable":true,"href":"https:\/\/pararepublique.com\/index.php\/wp-json\/wp\/v2\/media\/14123"}],"wp:attachment":[{"href":"https:\/\/pararepublique.com\/index.php\/wp-json\/wp\/v2\/media?parent=14122"}],"wp:term":[{"taxonomy":"product_cat","embeddable":true,"href":"https:\/\/pararepublique.com\/index.php\/wp-json\/wp\/v2\/product_cat?post=14122"},{"taxonomy":"product_tag","embeddable":true,"href":"https:\/\/pararepublique.com\/index.php\/wp-json\/wp\/v2\/product_tag?post=14122"}],"curies":[{"name":"wp","href":"https:\/\/api.w.org\/{rel}","templated":true}]}}