{"id":14128,"date":"2024-11-28T13:13:52","date_gmt":"2024-11-28T13:13:52","guid":{"rendered":"https:\/\/pararepublique.com\/?post_type=product&#038;p=14128"},"modified":"2024-11-28T13:13:52","modified_gmt":"2024-11-28T13:13:52","slug":"skin-biology-gel-vitamin-c-120ml","status":"publish","type":"product","link":"https:\/\/pararepublique.com\/index.php\/product\/skin-biology-gel-vitamin-c-120ml\/","title":{"rendered":"SKIN BIOLOGY GEL VITAMIN C 120ML"},"content":{"rendered":"<p>D\u00e9couvrez notre gel nettoyant \u00e0 la vitamine C, l\u2019alli\u00e9 id\u00e9al pour une peau nettoy\u00e9e, hydrat\u00e9e et \u00e9clatante de beaut\u00e9. Ce produit r\u00e9volutionnaire allie les bienfaits de la vitamine C \u00e0 une formule douce et efficace pour offrir \u00e0 votre peau une v\u00e9ritable exp\u00e9rience de soin.<br \/>\nAu c\u0153ur de ce gel nettoyant, la vitamine C, un puissant antioxydant reconnu pour ses propri\u00e9t\u00e9s illuminatrices et revitalisantes. Elle agit en profondeur pour \u00e9liminer les impuret\u00e9s, les toxines et les traces de maquillage, tout en stimulant la production de collag\u00e8ne pour une peau plus ferme et \u00e9clatante. Gr\u00e2ce \u00e0 sa capacit\u00e9 \u00e0 neutraliser les radicaux libres, la vitamine C prot\u00e8ge \u00e9galement votre peau des agressions environnementales, vous permettant ainsi de conserver une apparence jeune et saine.<\/p>\n<p>Nettoie efficacement la peau et \u00e9limine la salet\u00e9, l\u2019huile et le maquillage.<br \/>\nAdoucit apaise et hydrate la peau.<\/p>\n","protected":false},"excerpt":{"rendered":"<div class=\"page\" title=\"Page 2\">\n<div class=\"layoutArea\">\n<div class=\"column\">\n<ul>\n<li>Nettoyage en profondeur<\/li>\n<li>Nettoyant le\u0301ge\u0300rement moussant<\/li>\n<li>Affiner le ton et la texture<\/li>\n<li>Formule enregistre\u0301e aupre\u0300s de la FDA<\/li>\n<li>Sans cruaute\u0301 envers les animaux, sans sulfate, sans paraben, sans alcool<\/li>\n<\/ul>\n<\/div>\n<\/div>\n<\/div>\n","protected":false},"featured_media":14129,"comment_status":"open","ping_status":"closed","template":"","meta":{"inline_featured_image":false,"_monsterinsights_skip_tracking":false,"_monsterinsights_sitenote_active":false,"_monsterinsights_sitenote_note":"","_monsterinsights_sitenote_category":0,"_joinchat":[]},"product_cat":[131],"product_tag":[],"class_list":{"0":"post-14128","1":"product","2":"type-product","3":"status-publish","4":"has-post-thumbnail","6":"product_cat-skin-biology","8":"first","9":"instock","10":"shipping-taxable","11":"purchasable","12":"product-type-simple","13":"add-to-wishlist-after_add_to_cart"},"aioseo_notices":[],"_links":{"self":[{"href":"https:\/\/pararepublique.com\/index.php\/wp-json\/wp\/v2\/product\/14128","targetHints":{"allow":["GET"]}}],"collection":[{"href":"https:\/\/pararepublique.com\/index.php\/wp-json\/wp\/v2\/product"}],"about":[{"href":"https:\/\/pararepublique.com\/index.php\/wp-json\/wp\/v2\/types\/product"}],"replies":[{"embeddable":true,"href":"https:\/\/pararepublique.com\/index.php\/wp-json\/wp\/v2\/comments?post=14128"}],"version-history":[{"count":2,"href":"https:\/\/pararepublique.com\/index.php\/wp-json\/wp\/v2\/product\/14128\/revisions"}],"predecessor-version":[{"id":14131,"href":"https:\/\/pararepublique.com\/index.php\/wp-json\/wp\/v2\/product\/14128\/revisions\/14131"}],"wp:featuredmedia":[{"embeddable":true,"href":"https:\/\/pararepublique.com\/index.php\/wp-json\/wp\/v2\/media\/14129"}],"wp:attachment":[{"href":"https:\/\/pararepublique.com\/index.php\/wp-json\/wp\/v2\/media?parent=14128"}],"wp:term":[{"taxonomy":"product_cat","embeddable":true,"href":"https:\/\/pararepublique.com\/index.php\/wp-json\/wp\/v2\/product_cat?post=14128"},{"taxonomy":"product_tag","embeddable":true,"href":"https:\/\/pararepublique.com\/index.php\/wp-json\/wp\/v2\/product_tag?post=14128"}],"curies":[{"name":"wp","href":"https:\/\/api.w.org\/{rel}","templated":true}]}}