{"id":14132,"date":"2024-11-28T13:17:38","date_gmt":"2024-11-28T13:17:38","guid":{"rendered":"https:\/\/pararepublique.com\/?post_type=product&#038;p=14132"},"modified":"2024-11-28T13:17:39","modified_gmt":"2024-11-28T13:17:39","slug":"skin-biology-lait-eclaircissant-500ml","status":"publish","type":"product","link":"https:\/\/pararepublique.com\/index.php\/product\/skin-biology-lait-eclaircissant-500ml\/","title":{"rendered":"SKIN BIOLOGY LAIT ECLAIRCISSANT 500ML"},"content":{"rendered":"<p>Formule plus riche en eau donc plus liquide. Concu pour uniformiser et \u00e9claircir la couleur de la peau de fa\u00e7on naturelle. Il contient des ingr\u00e9dients sp\u00e9cifiques, comme des antioxidants comme le glutathione, des vitamines C,E et des hydratants, pour aider \u00e0 r\u00e9duire les taches sombres, les imperfections et \u00e0 donner \u00e0 la peau un teint plus lumineux et uniforme. L\u2019utilisation r\u00e9guli\u00e8re de ce lait peut aider \u00e0 obtenir une peau plus claire et \u00e9clatante.<\/p>\n","protected":false},"excerpt":{"rendered":"<p>S\u00e9rum vitamine C + S\u00e9rum r\u00e9tinol + s\u00e9rum hyaluronic<\/p>\n","protected":false},"featured_media":14133,"comment_status":"open","ping_status":"closed","template":"","meta":{"inline_featured_image":false,"_monsterinsights_skip_tracking":false,"_monsterinsights_sitenote_active":false,"_monsterinsights_sitenote_note":"","_monsterinsights_sitenote_category":0,"_joinchat":[]},"product_cat":[131],"product_tag":[],"class_list":{"0":"post-14132","1":"product","2":"type-product","3":"status-publish","4":"has-post-thumbnail","6":"product_cat-skin-biology","8":"first","9":"instock","10":"shipping-taxable","11":"purchasable","12":"product-type-simple","13":"add-to-wishlist-after_add_to_cart"},"aioseo_notices":[],"_links":{"self":[{"href":"https:\/\/pararepublique.com\/index.php\/wp-json\/wp\/v2\/product\/14132","targetHints":{"allow":["GET"]}}],"collection":[{"href":"https:\/\/pararepublique.com\/index.php\/wp-json\/wp\/v2\/product"}],"about":[{"href":"https:\/\/pararepublique.com\/index.php\/wp-json\/wp\/v2\/types\/product"}],"replies":[{"embeddable":true,"href":"https:\/\/pararepublique.com\/index.php\/wp-json\/wp\/v2\/comments?post=14132"}],"version-history":[{"count":2,"href":"https:\/\/pararepublique.com\/index.php\/wp-json\/wp\/v2\/product\/14132\/revisions"}],"predecessor-version":[{"id":14135,"href":"https:\/\/pararepublique.com\/index.php\/wp-json\/wp\/v2\/product\/14132\/revisions\/14135"}],"wp:featuredmedia":[{"embeddable":true,"href":"https:\/\/pararepublique.com\/index.php\/wp-json\/wp\/v2\/media\/14133"}],"wp:attachment":[{"href":"https:\/\/pararepublique.com\/index.php\/wp-json\/wp\/v2\/media?parent=14132"}],"wp:term":[{"taxonomy":"product_cat","embeddable":true,"href":"https:\/\/pararepublique.com\/index.php\/wp-json\/wp\/v2\/product_cat?post=14132"},{"taxonomy":"product_tag","embeddable":true,"href":"https:\/\/pararepublique.com\/index.php\/wp-json\/wp\/v2\/product_tag?post=14132"}],"curies":[{"name":"wp","href":"https:\/\/api.w.org\/{rel}","templated":true}]}}