{"id":14136,"date":"2024-11-28T13:20:19","date_gmt":"2024-11-28T13:20:19","guid":{"rendered":"https:\/\/pararepublique.com\/?post_type=product&#038;p=14136"},"modified":"2024-11-28T13:20:20","modified_gmt":"2024-11-28T13:20:20","slug":"skin-biology-masque-pack-5","status":"publish","type":"product","link":"https:\/\/pararepublique.com\/index.php\/product\/skin-biology-masque-pack-5\/","title":{"rendered":"SKIN BIOLOGY MASQUE PACK 5"},"content":{"rendered":"<div class=\"page\" title=\"Page 6\">\n<div class=\"layoutArea\">\n<div class=\"column\">\n<p>con\u00e7us pour offrir une exp\u00e9rience rafra\u00eechissante et nourrissante \u00e0 votre visage, tout en vous donnant un teint \u00e9clatant et une peau radieuse. lle agit en profondeur pour r\u00e9duire les dommages caus\u00e9s par les radicaux libres et am\u00e9liorer l\u2019apparence des taches brunes et des cicatrices d\u2019acn\u00e9. Votre peau retrouve ainsi un teint plus uniforme et lumineux, lui donnant une apparence jeune et revitalis\u00e9e.<br \/>\nEn plus de la vitamine C, nos masques contiennent \u00e9galement une combinaison d\u2019ingr\u00e9dients hydratants tels que l\u2019acide hyaluronique et l\u2019extrait d\u2019aloe vera. Ces \u00e9l\u00e9ments nourrissent intens\u00e9ment la peau, en laissant une sensation de douceur et de souplesse, tout en l\u2019hydratant en profondeur. Votre peau retrouve son \u00e9lasticit\u00e9 et sa fermet\u00e9, pour un aspect plus jeune et repulp\u00e9.<\/p>\n<p>&nbsp;<\/p>\n<\/div>\n<\/div>\n<\/div>\n<p>&nbsp;<\/p>\n","protected":false},"excerpt":{"rendered":"<p>VITAMIN C \/ Portulaca Oleracea Extract \/ Yeast Extract \/ Hyaluronic Acid<\/p>\n","protected":false},"featured_media":14137,"comment_status":"open","ping_status":"closed","template":"","meta":{"inline_featured_image":false,"_monsterinsights_skip_tracking":false,"_monsterinsights_sitenote_active":false,"_monsterinsights_sitenote_note":"","_monsterinsights_sitenote_category":0,"_joinchat":[]},"product_cat":[131],"product_tag":[],"class_list":{"0":"post-14136","1":"product","2":"type-product","3":"status-publish","4":"has-post-thumbnail","6":"product_cat-skin-biology","8":"first","9":"instock","10":"shipping-taxable","11":"purchasable","12":"product-type-simple","13":"add-to-wishlist-after_add_to_cart"},"aioseo_notices":[],"_links":{"self":[{"href":"https:\/\/pararepublique.com\/index.php\/wp-json\/wp\/v2\/product\/14136","targetHints":{"allow":["GET"]}}],"collection":[{"href":"https:\/\/pararepublique.com\/index.php\/wp-json\/wp\/v2\/product"}],"about":[{"href":"https:\/\/pararepublique.com\/index.php\/wp-json\/wp\/v2\/types\/product"}],"replies":[{"embeddable":true,"href":"https:\/\/pararepublique.com\/index.php\/wp-json\/wp\/v2\/comments?post=14136"}],"version-history":[{"count":1,"href":"https:\/\/pararepublique.com\/index.php\/wp-json\/wp\/v2\/product\/14136\/revisions"}],"predecessor-version":[{"id":14138,"href":"https:\/\/pararepublique.com\/index.php\/wp-json\/wp\/v2\/product\/14136\/revisions\/14138"}],"wp:featuredmedia":[{"embeddable":true,"href":"https:\/\/pararepublique.com\/index.php\/wp-json\/wp\/v2\/media\/14137"}],"wp:attachment":[{"href":"https:\/\/pararepublique.com\/index.php\/wp-json\/wp\/v2\/media?parent=14136"}],"wp:term":[{"taxonomy":"product_cat","embeddable":true,"href":"https:\/\/pararepublique.com\/index.php\/wp-json\/wp\/v2\/product_cat?post=14136"},{"taxonomy":"product_tag","embeddable":true,"href":"https:\/\/pararepublique.com\/index.php\/wp-json\/wp\/v2\/product_tag?post=14136"}],"curies":[{"name":"wp","href":"https:\/\/api.w.org\/{rel}","templated":true}]}}