{"id":14151,"date":"2024-11-28T15:16:50","date_gmt":"2024-11-28T15:16:50","guid":{"rendered":"https:\/\/pararepublique.com\/?post_type=product&#038;p=14151"},"modified":"2024-11-28T15:16:50","modified_gmt":"2024-11-28T15:16:50","slug":"skin-biology-savon-clarifiant-350g","status":"publish","type":"product","link":"https:\/\/pararepublique.com\/index.php\/product\/skin-biology-savon-clarifiant-350g\/","title":{"rendered":"SKIN BIOLOGY SAVON CLARIFIANT 350G"},"content":{"rendered":"<p>Le savon Glow Up surgras enrichi en arbutin, safran des Indes et huile d\u2019olive est une v\u00e9ritable merveille pour votre peau. Ce savon luxueux offre une exp\u00e9rience de soin indulgente, nourrissante et clarifiante, tout en laissant une sensation de propret\u00e9 et de fra\u00eecheur.<br \/>\nL\u2019arbutin, ingr\u00e9dient cl\u00e9 de ce savon, est reconnu pour ses propri\u00e9t\u00e9s clarifiantes et uniformisantes. Il aide \u00e0 r\u00e9duire les taches sombres, les hyperpigmentations et les imperfections cutan\u00e9es, laissant ainsi votre teint plus clair, lumineux et \u00e9clatant.<\/p>\n","protected":false},"excerpt":{"rendered":"<p>Le safran des Indes est un tr\u00e9sor de la nature r\u00e9put\u00e9 pour ses multiples bienfaits pour la peau. Il est riche en antioxydants puissants qui aident \u00e0 combattre les radicaux libres responsables du vieillissement pr\u00e9matur\u00e9 de la peau. Il favorise \u00e9galement une peau plus ferme, plus lisse et plus \u00e9clatante.<\/p>\n","protected":false},"featured_media":14152,"comment_status":"open","ping_status":"closed","template":"","meta":{"inline_featured_image":false,"_monsterinsights_skip_tracking":false,"_monsterinsights_sitenote_active":false,"_monsterinsights_sitenote_note":"","_monsterinsights_sitenote_category":0,"_joinchat":[]},"product_cat":[131],"product_tag":[],"class_list":{"0":"post-14151","1":"product","2":"type-product","3":"status-publish","4":"has-post-thumbnail","6":"product_cat-skin-biology","8":"first","9":"instock","10":"shipping-taxable","11":"purchasable","12":"product-type-simple","13":"add-to-wishlist-after_add_to_cart"},"aioseo_notices":[],"_links":{"self":[{"href":"https:\/\/pararepublique.com\/index.php\/wp-json\/wp\/v2\/product\/14151","targetHints":{"allow":["GET"]}}],"collection":[{"href":"https:\/\/pararepublique.com\/index.php\/wp-json\/wp\/v2\/product"}],"about":[{"href":"https:\/\/pararepublique.com\/index.php\/wp-json\/wp\/v2\/types\/product"}],"replies":[{"embeddable":true,"href":"https:\/\/pararepublique.com\/index.php\/wp-json\/wp\/v2\/comments?post=14151"}],"version-history":[{"count":1,"href":"https:\/\/pararepublique.com\/index.php\/wp-json\/wp\/v2\/product\/14151\/revisions"}],"predecessor-version":[{"id":14153,"href":"https:\/\/pararepublique.com\/index.php\/wp-json\/wp\/v2\/product\/14151\/revisions\/14153"}],"wp:featuredmedia":[{"embeddable":true,"href":"https:\/\/pararepublique.com\/index.php\/wp-json\/wp\/v2\/media\/14152"}],"wp:attachment":[{"href":"https:\/\/pararepublique.com\/index.php\/wp-json\/wp\/v2\/media?parent=14151"}],"wp:term":[{"taxonomy":"product_cat","embeddable":true,"href":"https:\/\/pararepublique.com\/index.php\/wp-json\/wp\/v2\/product_cat?post=14151"},{"taxonomy":"product_tag","embeddable":true,"href":"https:\/\/pararepublique.com\/index.php\/wp-json\/wp\/v2\/product_tag?post=14151"}],"curies":[{"name":"wp","href":"https:\/\/api.w.org\/{rel}","templated":true}]}}